{"id":6736,"date":"2022-06-12T22:07:06","date_gmt":"2022-06-12T20:07:06","guid":{"rendered":"https:\/\/tcepalinges.ch\/wp2\/?page_id=6736"},"modified":"2026-02-07T19:42:39","modified_gmt":"2026-02-07T18:42:39","slug":"tournois-2","status":"publish","type":"page","link":"https:\/\/tcepalinges.ch\/wp2\/tournois-2\/","title":{"rendered":"Tournois"},"content":{"rendered":"<div data-colibri-id=\"6736-c1\" class=\"style-1553 style-local-6736-c1 position-relative\">\n  <!---->\n  <div data-colibri-component=\"section\" data-colibri-id=\"6736-c2\" id=\"features\" class=\"h-section h-section-global-spacing d-flex align-items-lg-center align-items-md-center align-items-center style-1554 style-local-6736-c2 position-relative\">\n    <!---->\n    <!---->\n    <div class=\"h-section-grid-container h-section-boxed-container\">\n      <div data-colibri-id=\"6736-c28\" class=\"h-row-container gutters-row-lg-2 gutters-row-md-2 gutters-row-0 gutters-row-v-lg-2 gutters-row-v-md-2 gutters-row-v-2 style-1562 style-local-6736-c28 position-relative\">\n        <!---->\n        <div class=\"h-row justify-content-lg-center justify-content-md-center justify-content-center align-items-lg-stretch align-items-md-stretch align-items-stretch gutters-col-lg-2 gutters-col-md-2 gutters-col-0 gutters-col-v-lg-2 gutters-col-v-md-2 gutters-col-v-2\">\n          <!---->\n          <div class=\"h-column h-column-container d-flex h-col-lg-auto h-col-md-auto h-col-auto style-1563-outer style-local-6736-c29-outer\">\n            <div data-colibri-id=\"6736-c29\" class=\"d-flex h-flex-basis h-column__inner h-px-lg-2 h-px-md-2 h-px-2 v-inner-lg-2 v-inner-md-2 v-inner-2 style-1563 style-local-6736-c29 position-relative\">\n              <!---->\n              <!---->\n              <div class=\"w-100 h-y-container h-column__content h-column__v-align flex-basis-100 align-self-lg-start align-self-md-start align-self-start\">\n                <!---->\n                <div data-colibri-id=\"6736-c30\" class=\"h-global-transition-all h-heading style-1564 style-local-6736-c30 position-relative h-element\">\n                  <!---->\n                  <div class=\"h-heading__outer style-1564 style-local-6736-c30\">\n                    <!---->\n                    <!---->\n                    <h1 class=\"\">Tournois du club<\/h1>\n                  <\/div>\n                <\/div>\n                <div data-colibri-id=\"6736-c31\" class=\"h-lead h-text h-text-component style-1565 style-local-6736-c31 position-relative h-element\">\n                  <!---->\n                  <!---->\n                  <div class=\"\">\n                    <p>Le TCE organise tous les ans plusieurs tournois\n                      <br>\n                    <\/p>\n                  <\/div>\n                <\/div>\n                <div data-colibri-id=\"6736-c32\" class=\"h-x-container style-1576 style-local-6736-c32 position-relative h-element\">\n                  <!---->\n                  <div class=\"h-x-container-inner style-dynamic-6736-c32-group style-1576-spacing style-local-6736-c32-spacing\"><span class=\"h-button__outer style-424-outer style-local-6736-c33-outer d-inline-flex h-element\"><a h-use-smooth-scroll=\"true\" href=\"https:\/\/www.mytennis.ch\/fr\/tournois\/?city=epalinges&amp;latMax=46.5667201&amp;latMin=46.5378499&amp;longMax=6.68661&amp;longMin=6.64687\"  data-colibri-id=\"6736-c33\" class=\"d-flex w-100 align-items-center h-button justify-content-lg-center justify-content-md-center justify-content-center style-424 style-local-6736-c33 position-relative\"><!----><!----> <span>Inscriptions et infos sur MyTennis<\/span><\/a>\n                    <\/span>\n                  <\/div>\n                <\/div>\n              <\/div>\n            <\/div>\n          <\/div>\n        <\/div>\n      <\/div>\n      <div data-colibri-id=\"6736-c3\" class=\"h-row-container gutters-row-lg-2 gutters-row-md-2 gutters-row-2 gutters-row-v-lg-2 gutters-row-v-md-2 gutters-row-v-2 style-1555 style-local-6736-c3 position-relative\">\n        <!---->\n        <div class=\"h-row justify-content-lg-center justify-content-md-center justify-content-center align-items-lg-stretch align-items-md-stretch align-items-stretch gutters-col-lg-2 gutters-col-md-2 gutters-col-2 gutters-col-v-lg-2 gutters-col-v-md-2 gutters-col-v-2\">\n          <!---->\n          <div class=\"h-column h-column-container d-flex h-col-lg-4 h-col-md-6 h-col-12 style-1556-outer style-local-6736-c4-outer\">\n            <div data-colibri-id=\"6736-c4\" class=\"d-flex h-flex-basis h-column__inner h-px-lg-2 h-px-md-2 h-px-2 v-inner-lg-2 v-inner-md-2 v-inner-2 style-1556 style-local-6736-c4 position-relative\">\n              <!---->\n              <!---->\n              <div class=\"w-100 h-y-container h-column__content h-column__v-align flex-basis-100 align-self-lg-start align-self-md-start align-self-start\">\n                <!---->\n                <div data-colibri-id=\"6736-c5\" class=\"h-icon style-1557 style-local-6736-c5 position-relative h-element\">\n                  <!----><span class=\"h-svg-icon h-icon__icon style-1557-icon style-local-6736-c5-icon\"><!--Icon by Icons8 Line Awesome (https:\/\/icons8.com\/line-awesome)--><svg version=\"1.1\" xmlns=\"http:\/\/www.w3.org\/2000\/svg\" xmlns:xlink=\"http:\/\/www.w3.org\/1999\/xlink\" id=\"connectdevelop\" viewBox=\"0 0 512 545.5\"><path d=\"M146.5 99h219l4.5 8 100 174.5 4.5 8-4.5 8L370 472l-4.5 8h-219l-4.5-8L42 297.5l-4.5-8 4.5-8L142 107zm39 32l25 26 73-26h-98zm146 0L223 169.5l35 36.5zm-167 1.5l-.5 1V174l30.5-11zm184.5 3l-79.5 82 57 59L391 208zm-201 26L135 184l13-4.5v-18zm58.5 14L164 191v62l23.5 25 59.5-60.5zm-58.5 21l-25.5 9-1 2L148 236v-39.5zM113 222l-38.5 67.5 38 66L148 319v-59.5zm285 2l-60.5 64 38.5 39.5zm-140 5l-59.5 61 57.5 61 59.5-63zm152.5 13.5l-20.5 99 11 11.5 36.5-63.5zm-246.5 34v26l12.5-13zm162.5 23L267 363l8.5 9H367l5.5-25.5zm-139 2L164 325v47h72l9-9zm-39.5 40L120.5 370l1.5 2h26v-30.5zm238 19l-2.5 11.5h6.5l2.5-4.5zM131 388l17 29.5V388h-17zm33 0v57.5l1 2 56-59.5h-57zm79 0l-56.5 60h138l-56-60H243zm47.5 0l56 60 7-12 10-48h-73zm89.5 0l-.5 2.5 1.5-2.5h-1z\"><\/path><\/svg><\/span><\/div>\n                <div\n                  data-colibri-id=\"6736-c6\" class=\"h-global-transition-all h-heading style-1558 style-local-6736-c6 position-relative h-element\">\n                  <!---->\n                  <div class=\"h-heading__outer style-1558 style-local-6736-c6\">\n                    <!---->\n                    <!---->\n                    <h4 class=\"\">Tournois du Bois de Ban<\/h4>\n                  <\/div>\n              <\/div>\n              <div data-colibri-id=\"6736-c7\" class=\"h-text h-text-component style-1559 style-local-6736-c7 position-relative h-element\">\n                <!---->\n                <!---->\n                <div class=\"\">\n                  <p>Les tournois de simples actifs (dames et messieurs) se d\u00e9clinent en 2 versions:<\/p>\n                  <p>une printani\u00e8re en d\u00e9but de saison joue le r\u00f4le \u00ab d\u2019\u00e9chauffement \u00bb pour championnats interclubs.<\/p>\n                  <p>une automnale fin septembre afin de permettre aux joueurs de glaner encore quelques points avant la licence d\u2019hiver<\/p>\n                  <p><span style=\"font-weight: 400; font-size: 16px; font-family: &quot;Open Sans&quot;; color: rgb(37, 41, 42);\">Voir agenda du club<\/span><\/p>\n                  <p>Mail : info@tcepalinges.ch<\/p>\n                <\/div>\n              <\/div>\n            <\/div>\n          <\/div>\n        <\/div>\n        <div class=\"h-column h-column-container d-flex h-col-lg-4 h-col-md-6 h-col-12 style-1556-outer style-local-6736-c8-outer\">\n          <div data-colibri-id=\"6736-c8\" class=\"d-flex h-flex-basis h-column__inner h-px-lg-2 h-px-md-2 h-px-2 v-inner-lg-2 v-inner-md-2 v-inner-2 style-1556 style-local-6736-c8 position-relative\">\n            <!---->\n            <!---->\n            <div class=\"w-100 h-y-container h-column__content h-column__v-align flex-basis-100 align-self-lg-start align-self-md-start align-self-start\">\n              <!---->\n              <div data-colibri-id=\"6736-c9\" class=\"h-icon style-1557 style-local-6736-c9 position-relative h-element\">\n                <!----><span class=\"h-svg-icon h-icon__icon style-1557-icon style-local-6736-c9-icon\"><!--Icon by Icons8 Line Awesome (https:\/\/icons8.com\/line-awesome)--><svg version=\"1.1\" xmlns=\"http:\/\/www.w3.org\/2000\/svg\" xmlns:xlink=\"http:\/\/www.w3.org\/1999\/xlink\" id=\"connectdevelop\" viewBox=\"0 0 512 545.5\"><path d=\"M146.5 99h219l4.5 8 100 174.5 4.5 8-4.5 8L370 472l-4.5 8h-219l-4.5-8L42 297.5l-4.5-8 4.5-8L142 107zm39 32l25 26 73-26h-98zm146 0L223 169.5l35 36.5zm-167 1.5l-.5 1V174l30.5-11zm184.5 3l-79.5 82 57 59L391 208zm-201 26L135 184l13-4.5v-18zm58.5 14L164 191v62l23.5 25 59.5-60.5zm-58.5 21l-25.5 9-1 2L148 236v-39.5zM113 222l-38.5 67.5 38 66L148 319v-59.5zm285 2l-60.5 64 38.5 39.5zm-140 5l-59.5 61 57.5 61 59.5-63zm152.5 13.5l-20.5 99 11 11.5 36.5-63.5zm-246.5 34v26l12.5-13zm162.5 23L267 363l8.5 9H367l5.5-25.5zm-139 2L164 325v47h72l9-9zm-39.5 40L120.5 370l1.5 2h26v-30.5zm238 19l-2.5 11.5h6.5l2.5-4.5zM131 388l17 29.5V388h-17zm33 0v57.5l1 2 56-59.5h-57zm79 0l-56.5 60h138l-56-60H243zm47.5 0l56 60 7-12 10-48h-73zm89.5 0l-.5 2.5 1.5-2.5h-1z\"><\/path><\/svg><\/span><\/div>\n              <div\n                data-colibri-id=\"6736-c10\" class=\"h-global-transition-all h-heading style-1558 style-local-6736-c10 position-relative h-element\">\n                <!---->\n                <div class=\"h-heading__outer style-1558 style-local-6736-c10\">\n                  <!---->\n                  <!---->\n                  <h4 class=\"\">Junior Cup<\/h4>\n                <\/div>\n            <\/div>\n            <div data-colibri-id=\"6736-c11\" class=\"h-text h-text-component style-1559 style-local-6736-c11 position-relative h-element\">\n              <!---->\n              <!---->\n              <div class=\"\">\n                <p>Depuis quelques ann\u00e9es d\u00e9j\u00e0, le TCE organise chaque ann\u00e9e un tournoi r\u00e9serv\u00e9 aux jeunes espoirs. Ce tournoi fait partie de la Junior Cup qui organise tout au long de la saison des tournois dans toute la suisse et qui est couronn\u00e9 par un\n                  masters en septembre ayant lieu au centre Swiss tennis \u00e0 Bienne.\n                  <br>L\u2019\u00e9tape d\u2019 Epalinges donne l\u2019occasion chaque ann\u00e9e au club d\u2019accueillir bon nombre de jeunes qui feront peut-\u00eatre partie de la rel\u00e8ve du tennis suisse.<\/p>\n                <p><span style=\"font-weight: 400; font-size: 16px; font-family: &quot;Open Sans&quot;; color: rgb(37, 41, 42);\">Voir agenda du club<\/span><\/p>\n                <p>Mail :&nbsp;&nbsp;\n                  <a href=\"mailto:info@tcepalinges.ch\" style=\"color: rgb(51, 51, 51); font-family: &quot;Open Sans&quot;; font-weight: 400; font-size: 15px;\">info@tcepalinges.ch<\/a>\n                <\/p>\n              <\/div>\n            <\/div>\n          <\/div>\n        <\/div>\n      <\/div>\n      <div class=\"h-column h-column-container d-flex h-col-lg-4 h-col-md-6 h-col-12 style-1556-outer style-local-6736-c12-outer\">\n        <div data-colibri-id=\"6736-c12\" class=\"d-flex h-flex-basis h-column__inner h-px-lg-2 h-px-md-2 h-px-2 v-inner-lg-2 v-inner-md-2 v-inner-2 style-1556 style-local-6736-c12 position-relative\">\n          <!---->\n          <!---->\n          <div class=\"w-100 h-y-container h-column__content h-column__v-align flex-basis-100 align-self-lg-start align-self-md-start align-self-start\">\n            <!---->\n            <div data-colibri-id=\"6736-c13\" class=\"h-icon style-1557 style-local-6736-c13 position-relative h-element\">\n              <!----><span class=\"h-svg-icon h-icon__icon style-1557-icon style-local-6736-c13-icon\"><!--Icon by Icons8 Line Awesome (https:\/\/icons8.com\/line-awesome)--><svg version=\"1.1\" xmlns=\"http:\/\/www.w3.org\/2000\/svg\" xmlns:xlink=\"http:\/\/www.w3.org\/1999\/xlink\" id=\"connectdevelop\" viewBox=\"0 0 512 545.5\"><path d=\"M146.5 99h219l4.5 8 100 174.5 4.5 8-4.5 8L370 472l-4.5 8h-219l-4.5-8L42 297.5l-4.5-8 4.5-8L142 107zm39 32l25 26 73-26h-98zm146 0L223 169.5l35 36.5zm-167 1.5l-.5 1V174l30.5-11zm184.5 3l-79.5 82 57 59L391 208zm-201 26L135 184l13-4.5v-18zm58.5 14L164 191v62l23.5 25 59.5-60.5zm-58.5 21l-25.5 9-1 2L148 236v-39.5zM113 222l-38.5 67.5 38 66L148 319v-59.5zm285 2l-60.5 64 38.5 39.5zm-140 5l-59.5 61 57.5 61 59.5-63zm152.5 13.5l-20.5 99 11 11.5 36.5-63.5zm-246.5 34v26l12.5-13zm162.5 23L267 363l8.5 9H367l5.5-25.5zm-139 2L164 325v47h72l9-9zm-39.5 40L120.5 370l1.5 2h26v-30.5zm238 19l-2.5 11.5h6.5l2.5-4.5zM131 388l17 29.5V388h-17zm33 0v57.5l1 2 56-59.5h-57zm79 0l-56.5 60h138l-56-60H243zm47.5 0l56 60 7-12 10-48h-73zm89.5 0l-.5 2.5 1.5-2.5h-1z\"><\/path><\/svg><\/span><\/div>\n            <div\n              data-colibri-id=\"6736-c14\" class=\"h-global-transition-all h-heading style-1558 style-local-6736-c14 position-relative h-element\">\n              <!---->\n              <div class=\"h-heading__outer style-1558 style-local-6736-c14\">\n                <!---->\n                <!---->\n                <h4 class=\"\">Tournoi des Jars<\/h4>\n              <\/div>\n          <\/div>\n          <div data-colibri-id=\"6736-c15\" class=\"h-text h-text-component style-1559 style-local-6736-c15 position-relative h-element\">\n            <!---->\n            <!---->\n            <div class=\"\">\n              <p>Chaque ann\u00e9e le club organise un tournoi regroupant de nombreuses cat\u00e9gories juniors filles et gar\u00e7ons.&nbsp;<\/p>\n              <p>Ce tournoi fait partie du circuit Head-Tour Juniors organis\u00e9 durant l\u2019\u00e9t\u00e9 dans plusieurs clubs vaudois et couronn\u00e9 par un masters final sur invitation se d\u00e9roulant d\u00e9but septembre.<\/p>\n              <p><span style=\"font-weight: 400; font-size: 16px; font-family: &quot;Open Sans&quot;; color: rgb(37, 41, 42);\">Voir agenda du club<\/span><\/p>\n              <p>Mail :&nbsp;&nbsp;&nbsp;\n                <a href=\"mailto:info@tcepalinges.ch\" style=\"font-size: 15px; font-weight: 400; font-family: &quot;Open Sans&quot;; color: rgb(51, 51, 51);\">info@tcepalinges.ch<\/a>\n              <\/p>\n            <\/div>\n          <\/div>\n        <\/div>\n      <\/div>\n    <\/div>\n    <div class=\"h-column h-column-container d-flex h-col-lg-4 h-col-md-6 h-col-12 style-1556-outer style-local-6736-c16-outer\">\n      <div data-colibri-id=\"6736-c16\" class=\"d-flex h-flex-basis h-column__inner h-px-lg-2 h-px-md-2 h-px-2 v-inner-lg-2 v-inner-md-2 v-inner-2 style-1556 style-local-6736-c16 position-relative\">\n        <!---->\n        <!---->\n        <div class=\"w-100 h-y-container h-column__content h-column__v-align flex-basis-100 align-self-lg-start align-self-md-start align-self-start\">\n          <!---->\n          <div data-colibri-id=\"6736-c17\" class=\"h-icon style-1557 style-local-6736-c17 position-relative h-element\">\n            <!----><span class=\"h-svg-icon h-icon__icon style-1557-icon style-local-6736-c17-icon\"><!--Icon by Icons8 Line Awesome (https:\/\/icons8.com\/line-awesome)--><svg version=\"1.1\" xmlns=\"http:\/\/www.w3.org\/2000\/svg\" xmlns:xlink=\"http:\/\/www.w3.org\/1999\/xlink\" id=\"connectdevelop\" viewBox=\"0 0 512 545.5\"><path d=\"M146.5 99h219l4.5 8 100 174.5 4.5 8-4.5 8L370 472l-4.5 8h-219l-4.5-8L42 297.5l-4.5-8 4.5-8L142 107zm39 32l25 26 73-26h-98zm146 0L223 169.5l35 36.5zm-167 1.5l-.5 1V174l30.5-11zm184.5 3l-79.5 82 57 59L391 208zm-201 26L135 184l13-4.5v-18zm58.5 14L164 191v62l23.5 25 59.5-60.5zm-58.5 21l-25.5 9-1 2L148 236v-39.5zM113 222l-38.5 67.5 38 66L148 319v-59.5zm285 2l-60.5 64 38.5 39.5zm-140 5l-59.5 61 57.5 61 59.5-63zm152.5 13.5l-20.5 99 11 11.5 36.5-63.5zm-246.5 34v26l12.5-13zm162.5 23L267 363l8.5 9H367l5.5-25.5zm-139 2L164 325v47h72l9-9zm-39.5 40L120.5 370l1.5 2h26v-30.5zm238 19l-2.5 11.5h6.5l2.5-4.5zM131 388l17 29.5V388h-17zm33 0v57.5l1 2 56-59.5h-57zm79 0l-56.5 60h138l-56-60H243zm47.5 0l56 60 7-12 10-48h-73zm89.5 0l-.5 2.5 1.5-2.5h-1z\"><\/path><\/svg><\/span><\/div>\n          <div\n            data-colibri-id=\"6736-c18\" class=\"h-global-transition-all h-heading style-1558 style-local-6736-c18 position-relative h-element\">\n            <!---->\n            <div class=\"h-heading__outer style-1558 style-local-6736-c18\">\n              <!---->\n              <!---->\n              <h4 class=\"\">Tournoi des Jars<\/h4>\n            <\/div>\n        <\/div>\n        <div data-colibri-id=\"6736-c19\" class=\"h-text h-text-component style-1559 style-local-6736-c19 position-relative h-element\">\n          <!---->\n          <!---->\n          <div class=\"\">\n            <p>Chaque ann\u00e9e le club organise un tournoi regroupant de nombreuses cat\u00e9gories juniors filles et gar\u00e7ons.&nbsp;<\/p>\n            <p>Ce tournoi fait partie du circuit Head-Tour Juniors organis\u00e9 durant l\u2019\u00e9t\u00e9 dans plusieurs clubs vaudois et couronn\u00e9 par un masters final sur invitation se d\u00e9roulant d\u00e9but septembre.<\/p>\n            <p>Voir agenda du club<\/p>\n            <p>Mail :&nbsp;&nbsp;&nbsp;\n              <a href=\"mailto:info@tcepalinges.ch\" style=\"color: rgb(51, 51, 51); font-family: &quot;Open Sans&quot;; font-weight: 400; font-size: 15px;\">info@tcepalinges.ch<\/a>\n            <\/p>\n          <\/div>\n        <\/div>\n      <\/div>\n    <\/div>\n  <\/div>\n  <div class=\"h-column h-column-container d-flex h-col-lg-4 h-col-md-6 h-col-12 style-1556-outer style-local-6736-c20-outer\">\n    <div data-colibri-id=\"6736-c20\" class=\"d-flex h-flex-basis h-column__inner h-px-lg-2 h-px-md-2 h-px-2 v-inner-lg-2 v-inner-md-2 v-inner-2 style-1556 style-local-6736-c20 position-relative\">\n      <!---->\n      <!---->\n      <div class=\"w-100 h-y-container h-column__content h-column__v-align flex-basis-100 align-self-lg-start align-self-md-start align-self-start\">\n        <!---->\n        <div data-colibri-id=\"6736-c21\" class=\"h-icon style-1557 style-local-6736-c21 position-relative h-element\">\n          <!----><span class=\"h-svg-icon h-icon__icon style-1557-icon style-local-6736-c21-icon\"><!--Icon by Icons8 Line Awesome (https:\/\/icons8.com\/line-awesome)--><svg version=\"1.1\" xmlns=\"http:\/\/www.w3.org\/2000\/svg\" xmlns:xlink=\"http:\/\/www.w3.org\/1999\/xlink\" id=\"connectdevelop\" viewBox=\"0 0 512 545.5\"><path d=\"M146.5 99h219l4.5 8 100 174.5 4.5 8-4.5 8L370 472l-4.5 8h-219l-4.5-8L42 297.5l-4.5-8 4.5-8L142 107zm39 32l25 26 73-26h-98zm146 0L223 169.5l35 36.5zm-167 1.5l-.5 1V174l30.5-11zm184.5 3l-79.5 82 57 59L391 208zm-201 26L135 184l13-4.5v-18zm58.5 14L164 191v62l23.5 25 59.5-60.5zm-58.5 21l-25.5 9-1 2L148 236v-39.5zM113 222l-38.5 67.5 38 66L148 319v-59.5zm285 2l-60.5 64 38.5 39.5zm-140 5l-59.5 61 57.5 61 59.5-63zm152.5 13.5l-20.5 99 11 11.5 36.5-63.5zm-246.5 34v26l12.5-13zm162.5 23L267 363l8.5 9H367l5.5-25.5zm-139 2L164 325v47h72l9-9zm-39.5 40L120.5 370l1.5 2h26v-30.5zm238 19l-2.5 11.5h6.5l2.5-4.5zM131 388l17 29.5V388h-17zm33 0v57.5l1 2 56-59.5h-57zm79 0l-56.5 60h138l-56-60H243zm47.5 0l56 60 7-12 10-48h-73zm89.5 0l-.5 2.5 1.5-2.5h-1z\"><\/path><\/svg><\/span><\/div>\n        <div\n          data-colibri-id=\"6736-c22\" class=\"h-global-transition-all h-heading style-1558 style-local-6736-c22 position-relative h-element\">\n          <!---->\n          <div class=\"h-heading__outer style-1558 style-local-6736-c22\">\n            <!---->\n            <!---->\n            <h4 class=\"\">Tournoi juniors du je\u00fbne<\/h4>\n          <\/div>\n      <\/div>\n      <div data-colibri-id=\"6736-c23\" class=\"h-text h-text-component style-1559 style-local-6736-c23 position-relative h-element\">\n        <!---->\n        <!---->\n        <div class=\"\">\n          <p><span style=\"color: rgb(0, 0, 0);\">A<\/span><span style=\"color: rgb(0, 0, 0); font-family: &quot;Open Sans&quot;; font-size: 16px; font-weight: 400;\">fin de bien finir la saison, nous organisons un tournoi r\u00e9serv\u00e9 aux garcons 12&amp;u et 14&amp;U.<\/span><\/p>\n          <p><span style=\"color: rgb(70, 112, 127); font-family: &quot;Open Sans&quot;; font-size: 16px; font-weight: 400;\">\ufeff<\/span><span style=\"color: rgb(37, 41, 42); font-family: &quot;Open Sans&quot;; font-size: 16px; font-weight: 400;\">Voir agenda du club<\/span><\/p>\n          <p>Mail :&nbsp;&nbsp;&nbsp;&nbsp;\n            <a href=\"mailto:info@tcepalinges.ch\" style=\"font-size: 15px; font-weight: 400; font-family: &quot;Open Sans&quot;; color: rgb(51, 51, 51);\">info@tcepalinges.ch<\/a>\n          <\/p>\n        <\/div>\n      <\/div>\n    <\/div>\n  <\/div>\n<\/div>\n<div class=\"h-column h-column-container d-flex h-col-lg-4 h-col-md-6 h-col-12 style-1556-outer style-local-6736-c24-outer\">\n  <div data-colibri-id=\"6736-c24\" class=\"d-flex h-flex-basis h-column__inner h-px-lg-2 h-px-md-2 h-px-2 v-inner-lg-2 v-inner-md-2 v-inner-2 style-1556 style-local-6736-c24 position-relative\">\n    <!---->\n    <!---->\n    <div class=\"w-100 h-y-container h-column__content h-column__v-align flex-basis-100 align-self-lg-start align-self-md-start align-self-start\">\n      <!---->\n      <div data-colibri-id=\"6736-c25\" class=\"h-icon style-1557 style-local-6736-c25 position-relative h-element\">\n        <!----><span class=\"h-svg-icon h-icon__icon style-1557-icon style-local-6736-c25-icon\"><!--Icon by Icons8 Line Awesome (https:\/\/icons8.com\/line-awesome)--><svg version=\"1.1\" xmlns=\"http:\/\/www.w3.org\/2000\/svg\" xmlns:xlink=\"http:\/\/www.w3.org\/1999\/xlink\" id=\"connectdevelop\" viewBox=\"0 0 512 545.5\"><path d=\"M146.5 99h219l4.5 8 100 174.5 4.5 8-4.5 8L370 472l-4.5 8h-219l-4.5-8L42 297.5l-4.5-8 4.5-8L142 107zm39 32l25 26 73-26h-98zm146 0L223 169.5l35 36.5zm-167 1.5l-.5 1V174l30.5-11zm184.5 3l-79.5 82 57 59L391 208zm-201 26L135 184l13-4.5v-18zm58.5 14L164 191v62l23.5 25 59.5-60.5zm-58.5 21l-25.5 9-1 2L148 236v-39.5zM113 222l-38.5 67.5 38 66L148 319v-59.5zm285 2l-60.5 64 38.5 39.5zm-140 5l-59.5 61 57.5 61 59.5-63zm152.5 13.5l-20.5 99 11 11.5 36.5-63.5zm-246.5 34v26l12.5-13zm162.5 23L267 363l8.5 9H367l5.5-25.5zm-139 2L164 325v47h72l9-9zm-39.5 40L120.5 370l1.5 2h26v-30.5zm238 19l-2.5 11.5h6.5l2.5-4.5zM131 388l17 29.5V388h-17zm33 0v57.5l1 2 56-59.5h-57zm79 0l-56.5 60h138l-56-60H243zm47.5 0l56 60 7-12 10-48h-73zm89.5 0l-.5 2.5 1.5-2.5h-1z\"><\/path><\/svg><\/span><\/div>\n      <div\n        data-colibri-id=\"6736-c26\" class=\"h-global-transition-all h-heading style-1558 style-local-6736-c26 position-relative h-element\">\n        <!---->\n        <div class=\"h-heading__outer style-1558 style-local-6736-c26\">\n          <!---->\n          <!---->\n          <h4 class=\"\">Club Champion Trophy<\/h4>\n        <\/div>\n    <\/div>\n    <div data-colibri-id=\"6736-c27\" class=\"h-text h-text-component style-1559 style-local-6736-c27 position-relative h-element\">\n      <!---->\n      <!---->\n      <div class=\"\">\n        <p>Le tournoi interne (Club Champion Trophy) est ouvert \u00e0 tous les membres du club (licenci\u00e9s, non-licenci\u00e9s, adultes, juniors)<\/p>\n        <p><span style=\"font-weight: 400; font-size: 16px; font-family: &quot;Open Sans&quot;; color: rgb(37, 41, 42);\">Voir agenda du club<\/span><\/p>\n      <\/div>\n    <\/div>\n  <\/div>\n<\/div>\n<\/div>\n<\/div>\n<\/div>\n<\/div>\n<\/div>\n<\/div>","protected":false},"excerpt":{"rendered":"<p>Tournois du club Le TCE organise tous les ans plusieurs tournois Inscriptions et infos sur MyTennis Tournois du Bois de Ban Les tournois de simples actifs (dames et messieurs) se [&hellip;]<\/p>\n","protected":false},"author":3,"featured_media":0,"parent":0,"menu_order":0,"comment_status":"closed","ping_status":"closed","template":"page-templates\/full-width-page.php","meta":{"footnotes":""},"class_list":["post-6736","page","type-page","status-publish","hentry"],"publishpress_future_action":{"enabled":false,"date":"2026-04-24 05:05:41","action":"change-status","newStatus":"draft","terms":[],"taxonomy":"","extraData":[]},"publishpress_future_workflow_manual_trigger":{"enabledWorkflows":[]},"_links":{"self":[{"href":"https:\/\/tcepalinges.ch\/wp2\/wp-json\/wp\/v2\/pages\/6736","targetHints":{"allow":["GET"]}}],"collection":[{"href":"https:\/\/tcepalinges.ch\/wp2\/wp-json\/wp\/v2\/pages"}],"about":[{"href":"https:\/\/tcepalinges.ch\/wp2\/wp-json\/wp\/v2\/types\/page"}],"author":[{"embeddable":true,"href":"https:\/\/tcepalinges.ch\/wp2\/wp-json\/wp\/v2\/users\/3"}],"replies":[{"embeddable":true,"href":"https:\/\/tcepalinges.ch\/wp2\/wp-json\/wp\/v2\/comments?post=6736"}],"version-history":[{"count":20,"href":"https:\/\/tcepalinges.ch\/wp2\/wp-json\/wp\/v2\/pages\/6736\/revisions"}],"predecessor-version":[{"id":15851,"href":"https:\/\/tcepalinges.ch\/wp2\/wp-json\/wp\/v2\/pages\/6736\/revisions\/15851"}],"wp:attachment":[{"href":"https:\/\/tcepalinges.ch\/wp2\/wp-json\/wp\/v2\/media?parent=6736"}],"curies":[{"name":"wp","href":"https:\/\/api.w.org\/{rel}","templated":true}]}}