{"id":502,"date":"2014-06-18T14:32:21","date_gmt":"2014-06-18T14:32:21","guid":{"rendered":"https:\/\/tcepalinges.ch\/wp2\/?page_id=502"},"modified":"2024-04-16T09:23:18","modified_gmt":"2024-04-16T07:23:18","slug":"lombardet","status":"publish","type":"page","link":"https:\/\/tcepalinges.ch\/wp2\/competition\/lombardet\/","title":{"rendered":"Lombardet"},"content":{"rendered":"<div data-colibri-id=\"502-c1\" class=\"style-1083 style-local-502-c1 position-relative\">\n  <!---->\n  <div data-colibri-component=\"section\" data-colibri-id=\"502-c2\" id=\"features\" class=\"h-section h-section-global-spacing d-flex align-items-lg-center align-items-md-center align-items-center style-1088 style-local-502-c2 position-relative\">\n    <!---->\n    <!---->\n    <div class=\"h-section-grid-container h-section-boxed-container\">\n      <div data-colibri-id=\"502-c19\" class=\"h-row-container gutters-row-lg-2 gutters-row-md-2 gutters-row-0 gutters-row-v-lg-2 gutters-row-v-md-2 gutters-row-v-2 style-1096 style-local-502-c19 position-relative\">\n        <!---->\n        <div class=\"h-row justify-content-lg-center justify-content-md-center justify-content-center align-items-lg-stretch align-items-md-stretch align-items-stretch gutters-col-lg-2 gutters-col-md-2 gutters-col-0 gutters-col-v-lg-2 gutters-col-v-md-2 gutters-col-v-2\">\n          <!---->\n          <div class=\"h-column h-column-container d-flex h-col-lg-auto h-col-md-auto h-col-auto style-1097-outer style-local-502-c20-outer\">\n            <div data-colibri-id=\"502-c20\" class=\"d-flex h-flex-basis h-column__inner h-px-lg-2 h-px-md-2 h-px-2 v-inner-lg-2 v-inner-md-2 v-inner-2 style-1097 style-local-502-c20 position-relative\">\n              <!---->\n              <!---->\n              <div class=\"w-100 h-y-container h-column__content h-column__v-align flex-basis-100 align-self-lg-start align-self-md-start align-self-start\">\n                <!---->\n                <div data-colibri-id=\"502-c21\" class=\"h-global-transition-all h-heading style-1098 style-local-502-c21 position-relative h-element\">\n                  <!---->\n                  <div class=\"h-heading__outer style-1098 style-local-502-c21\">\n                    <!---->\n                    <!---->\n                    <h1 class=\"\">Lombardet<\/h1>\n                  <\/div>\n                <\/div>\n                <div data-colibri-id=\"502-c22\" class=\"h-lead h-text h-text-component style-2051 style-local-502-c22 position-relative h-element\">\n                  <!---->\n                  <!---->\n                  <div class=\"\">\n                    <p>La coupe\n                      <a href=\"https:\/\/www.vaud-tennis.ch\/lombardet\" target=\"_blank\" rel=\"noopener\">Lombardet <\/a>est une comp\u00e9tition amicale entre clubs organis\u00e9e par l\u2019Association\n                      <a href=\"https:\/\/www.vaud-tennis.ch\" target=\"_blank\" class=\"customize-unpreviewable\" rel=\"noopener\">Vaud Tennis<\/a> (AVT).<\/p>\n                  <\/div>\n                <\/div>\n              <\/div>\n            <\/div>\n          <\/div>\n        <\/div>\n      <\/div>\n      <div data-colibri-id=\"502-c3\" class=\"h-row-container gutters-row-lg-2 gutters-row-md-2 gutters-row-0 gutters-row-v-lg-2 gutters-row-v-md-2 gutters-row-v-2 style-1100 style-local-502-c3 position-relative\">\n        <!---->\n        <div class=\"h-row justify-content-lg-center justify-content-md-center justify-content-center align-items-lg-stretch align-items-md-stretch align-items-stretch gutters-col-lg-2 gutters-col-md-2 gutters-col-0 gutters-col-v-lg-2 gutters-col-v-md-2 gutters-col-v-2\">\n          <!---->\n          <div class=\"h-column h-column-container d-flex h-col-lg-auto h-col-md-auto h-col-auto style-1101-outer style-local-502-c4-outer\">\n            <div data-colibri-id=\"502-c4\" class=\"d-flex h-flex-basis h-column__inner h-px-lg-2 h-px-md-2 h-px-2 v-inner-lg-2 v-inner-md-2 v-inner-2 style-1101 style-local-502-c4 position-relative\">\n              <!---->\n              <!---->\n              <div class=\"w-100 h-y-container h-column__content h-column__v-align flex-basis-100 align-self-lg-start align-self-md-start align-self-start\">\n                <!---->\n                <div data-colibri-id=\"502-c5\" class=\"h-text h-text-component style-1099 style-local-502-c5 position-relative h-element\">\n                  <!---->\n                  <!---->\n                  <div class=\"\">\n                    <p>Elle est reserv\u00e9e aux joueurs des clubs vaudois non licenci\u00e9s, R8 ou R9, et R7 d\u00e8s 40 ans. Elle se d\u00e9roule de mi-juin \u00e0 fin ao\u00fbt et regroupe plus d\u2019 une quarantaine d\u2019\u00e9quipes r\u00e9parties en 2 ligues (A et B). Chaque ligue est divis\u00e9e\n                      en poules et chaque club devra rencontrer les 4 ou 5 autres clubs du m\u00eame groupe. Les vainqueurs de chaque groupe de ligue A jouent pour le titre. Les derniers quant \u00e0 eux affrontent les premiers de chaque groupe B pour la promotion\n                      ou le maintien en ligue A. Les rencontres se jouent en 4 simples et 2 doubles sauf pour le titre ou pour la promotion\/maintien qui se jouent en 5 simples et 2 doubles. Les dates des rencontres sont fix\u00e9es d\u2019entente entre les capitaines,\n                      en g\u00e9n\u00e9ral la semaine en fin de journ\u00e9e.<\/p>\n                    <p>Pour votre information, la plupart des joueurs sont de l&rsquo;\u00e2ge \u00ab Jeunes-Seniors\u00bb, voire m\u00eame \u00ab Seniors \u00bb. Chaque rencontre est toujours cl\u00f4tur\u00e9e par un agr\u00e9able \u00ab apr\u00e8s-match \u00bb autour d\u2019une table dans une ambiance tr\u00e8s chaleureuse et\n                      conviviale.<\/p>\n                    <p>Tous les membres du club int\u00e9ress\u00e9s \u00e0 participer \u00e0 cette comp\u00e9tition sont les bienvenus et peuvent se renseigner aupr\u00e8s des capitaines respectifs des \u00e9quipes.<\/p>\n                  <\/div>\n                <\/div>\n              <\/div>\n            <\/div>\n          <\/div>\n        <\/div>\n      <\/div>\n      <div data-colibri-id=\"502-c6\" class=\"h-row-container gutters-row-lg-2 gutters-row-md-2 gutters-row-2 gutters-row-v-lg-2 gutters-row-v-md-2 gutters-row-v-2 style-1089 style-local-502-c6 position-relative\">\n        <!---->\n        <div class=\"h-row justify-content-lg-center justify-content-md-center justify-content-center align-items-lg-stretch align-items-md-stretch align-items-stretch gutters-col-lg-2 gutters-col-md-2 gutters-col-2 gutters-col-v-lg-2 gutters-col-v-md-2 gutters-col-v-2\">\n          <!---->\n          <div class=\"h-column h-column-container d-flex h-col-lg-4 h-col-md-6 h-col-12 style-1090-outer style-local-502-c7-outer\">\n            <div data-colibri-id=\"502-c7\" class=\"d-flex h-flex-basis h-column__inner h-px-lg-3 h-px-md-3 h-px-2 v-inner-lg-3 v-inner-md-3 v-inner-2 style-1090 style-local-502-c7 position-relative\">\n              <!---->\n              <!---->\n              <div class=\"w-100 h-y-container h-column__content h-column__v-align flex-basis-100 align-self-lg-start align-self-md-start align-self-start\">\n                <!---->\n                <div data-colibri-id=\"502-c8\" class=\"h-icon style-1091 style-local-502-c8 position-relative h-element\">\n                  <!----><span class=\"h-svg-icon h-icon__icon style-1091-icon style-local-502-c8-icon\"><!--Icon by Icons8 Line Awesome (https:\/\/icons8.com\/line-awesome)--><svg version=\"1.1\" xmlns=\"http:\/\/www.w3.org\/2000\/svg\" xmlns:xlink=\"http:\/\/www.w3.org\/1999\/xlink\" id=\"connectdevelop\" viewBox=\"0 0 512 545.5\"><path d=\"M146.5 99h219l4.5 8 100 174.5 4.5 8-4.5 8L370 472l-4.5 8h-219l-4.5-8L42 297.5l-4.5-8 4.5-8L142 107zm39 32l25 26 73-26h-98zm146 0L223 169.5l35 36.5zm-167 1.5l-.5 1V174l30.5-11zm184.5 3l-79.5 82 57 59L391 208zm-201 26L135 184l13-4.5v-18zm58.5 14L164 191v62l23.5 25 59.5-60.5zm-58.5 21l-25.5 9-1 2L148 236v-39.5zM113 222l-38.5 67.5 38 66L148 319v-59.5zm285 2l-60.5 64 38.5 39.5zm-140 5l-59.5 61 57.5 61 59.5-63zm152.5 13.5l-20.5 99 11 11.5 36.5-63.5zm-246.5 34v26l12.5-13zm162.5 23L267 363l8.5 9H367l5.5-25.5zm-139 2L164 325v47h72l9-9zm-39.5 40L120.5 370l1.5 2h26v-30.5zm238 19l-2.5 11.5h6.5l2.5-4.5zM131 388l17 29.5V388h-17zm33 0v57.5l1 2 56-59.5h-57zm79 0l-56.5 60h138l-56-60H243zm47.5 0l56 60 7-12 10-48h-73zm89.5 0l-.5 2.5 1.5-2.5h-1z\"><\/path><\/svg><\/span><\/div>\n                <div\n                  data-colibri-id=\"502-c9\" class=\"h-global-transition-all h-heading style-1092 style-local-502-c9 position-relative h-element\">\n                  <!---->\n                  <div class=\"h-heading__outer style-1092 style-local-502-c9\">\n                    <!---->\n                    <!---->\n                    <h4 class=\"\">Lombardet equipe 1<\/h4>\n                  <\/div>\n              <\/div>\n              <div data-colibri-id=\"502-c10\" class=\"h-text h-text-component style-1093 style-local-502-c10 position-relative h-element\">\n                <!---->\n                <!---->\n                <div class=\"\">\n                  <p><strong>Capitaine&nbsp;<\/strong>: <span style=\"font-weight: 400; font-size: 16px; font-family: &quot;Open Sans&quot;; color: rgb(8, 8, 8);\">Marouane Idrissi<\/span><\/p>\n                  <p><strong>Ligue&nbsp;<\/strong>: A<\/p>\n                <\/div>\n              <\/div>\n              <div data-colibri-id=\"502-c11\" class=\"h-x-container style-1094 style-local-502-c11 position-relative h-element\">\n                <!---->\n                <div class=\"h-x-container-inner style-dynamic-502-c11-group style-1094-spacing style-local-502-c11-spacing\"><span class=\"h-button__outer style-424-outer style-local-502-c12-outer d-inline-flex h-element\"><a h-use-smooth-scroll=\"true\" href=\"https:\/\/www.vaud-tennis.ch\/wa_files\/lombardet%20plan%20a%2022.pdf\"  data-colibri-id=\"502-c12\" class=\"d-flex w-100 align-items-center h-button justify-content-lg-center justify-content-md-center justify-content-center style-424 style-local-502-c12 position-relative\"><!----><!----> <span>Plan de jeux<\/span><\/a>\n                  <\/span>\n                <\/div>\n              <\/div>\n            <\/div>\n          <\/div>\n        <\/div>\n        <div class=\"h-column h-column-container d-flex h-col-lg-4 h-col-md-6 h-col-12 style-1090-outer style-local-502-c13-outer\">\n          <div data-colibri-id=\"502-c13\" class=\"d-flex h-flex-basis h-column__inner h-px-lg-3 h-px-md-3 h-px-2 v-inner-lg-3 v-inner-md-3 v-inner-2 style-1090 style-local-502-c13 position-relative\">\n            <!---->\n            <!---->\n            <div class=\"w-100 h-y-container h-column__content h-column__v-align flex-basis-100 align-self-lg-start align-self-md-start align-self-start\">\n              <!---->\n              <div data-colibri-id=\"502-c14\" class=\"h-icon style-1091 style-local-502-c14 position-relative h-element\">\n                <!----><span class=\"h-svg-icon h-icon__icon style-1091-icon style-local-502-c14-icon\"><!--Icon by Icons8 Line Awesome (https:\/\/icons8.com\/line-awesome)--><svg version=\"1.1\" xmlns=\"http:\/\/www.w3.org\/2000\/svg\" xmlns:xlink=\"http:\/\/www.w3.org\/1999\/xlink\" id=\"connectdevelop\" viewBox=\"0 0 512 545.5\"><path d=\"M146.5 99h219l4.5 8 100 174.5 4.5 8-4.5 8L370 472l-4.5 8h-219l-4.5-8L42 297.5l-4.5-8 4.5-8L142 107zm39 32l25 26 73-26h-98zm146 0L223 169.5l35 36.5zm-167 1.5l-.5 1V174l30.5-11zm184.5 3l-79.5 82 57 59L391 208zm-201 26L135 184l13-4.5v-18zm58.5 14L164 191v62l23.5 25 59.5-60.5zm-58.5 21l-25.5 9-1 2L148 236v-39.5zM113 222l-38.5 67.5 38 66L148 319v-59.5zm285 2l-60.5 64 38.5 39.5zm-140 5l-59.5 61 57.5 61 59.5-63zm152.5 13.5l-20.5 99 11 11.5 36.5-63.5zm-246.5 34v26l12.5-13zm162.5 23L267 363l8.5 9H367l5.5-25.5zm-139 2L164 325v47h72l9-9zm-39.5 40L120.5 370l1.5 2h26v-30.5zm238 19l-2.5 11.5h6.5l2.5-4.5zM131 388l17 29.5V388h-17zm33 0v57.5l1 2 56-59.5h-57zm79 0l-56.5 60h138l-56-60H243zm47.5 0l56 60 7-12 10-48h-73zm89.5 0l-.5 2.5 1.5-2.5h-1z\"><\/path><\/svg><\/span><\/div>\n              <div\n                data-colibri-id=\"502-c15\" class=\"h-global-transition-all h-heading style-1092 style-local-502-c15 position-relative h-element\">\n                <!---->\n                <div class=\"h-heading__outer style-1092 style-local-502-c15\">\n                  <!---->\n                  <!---->\n                  <h4 class=\"\">Lombardet equipe 2<\/h4>\n                <\/div>\n            <\/div>\n            <div data-colibri-id=\"502-c16\" class=\"h-text h-text-component style-1093 style-local-502-c16 position-relative h-element\">\n              <!---->\n              <!---->\n              <div class=\"\">\n                <p><strong>Capitaine&nbsp;<\/strong>: Cyrille Fescia<\/p>\n                <p><strong>Ligue&nbsp;<\/strong>: A<\/p>\n              <\/div>\n            <\/div>\n            <div data-colibri-id=\"502-c17\" class=\"h-x-container style-1094 style-local-502-c17 position-relative h-element\">\n              <!---->\n              <div class=\"h-x-container-inner style-dynamic-502-c17-group style-1094-spacing style-local-502-c17-spacing\"><span class=\"h-button__outer style-424-outer style-local-502-c18-outer d-inline-flex h-element\"><a h-use-smooth-scroll=\"true\" href=\"https:\/\/www.vaud-tennis.ch\/wa_files\/lombardet%20plan%20b%2022.pdf\"  data-colibri-id=\"502-c18\" class=\"d-flex w-100 align-items-center h-button justify-content-lg-center justify-content-md-center justify-content-center style-424 style-local-502-c18 position-relative\"><!----><!----> <span>Plan de jeux<\/span><\/a>\n                <\/span>\n              <\/div>\n            <\/div>\n          <\/div>\n        <\/div>\n      <\/div>\n    <\/div>\n  <\/div>\n<\/div>\n<\/div>\n<\/div>","protected":false},"excerpt":{"rendered":"<p>Lombardet La coupe Lombardet est une comp\u00e9tition amicale entre clubs organis\u00e9e par l\u2019Association Vaud Tennis (AVT). Elle est reserv\u00e9e aux joueurs des clubs vaudois non licenci\u00e9s, R8 ou R9, et [&hellip;]<\/p>\n","protected":false},"author":2,"featured_media":0,"parent":485,"menu_order":0,"comment_status":"closed","ping_status":"closed","template":"page-templates\/full-width-page.php","meta":{"footnotes":""},"class_list":["post-502","page","type-page","status-publish","hentry"],"publishpress_future_action":{"enabled":false,"date":"2026-04-24 04:54:27","action":"change-status","newStatus":"draft","terms":[],"taxonomy":"","extraData":[]},"publishpress_future_workflow_manual_trigger":{"enabledWorkflows":[]},"_links":{"self":[{"href":"https:\/\/tcepalinges.ch\/wp2\/wp-json\/wp\/v2\/pages\/502","targetHints":{"allow":["GET"]}}],"collection":[{"href":"https:\/\/tcepalinges.ch\/wp2\/wp-json\/wp\/v2\/pages"}],"about":[{"href":"https:\/\/tcepalinges.ch\/wp2\/wp-json\/wp\/v2\/types\/page"}],"author":[{"embeddable":true,"href":"https:\/\/tcepalinges.ch\/wp2\/wp-json\/wp\/v2\/users\/2"}],"replies":[{"embeddable":true,"href":"https:\/\/tcepalinges.ch\/wp2\/wp-json\/wp\/v2\/comments?post=502"}],"version-history":[{"count":21,"href":"https:\/\/tcepalinges.ch\/wp2\/wp-json\/wp\/v2\/pages\/502\/revisions"}],"predecessor-version":[{"id":13690,"href":"https:\/\/tcepalinges.ch\/wp2\/wp-json\/wp\/v2\/pages\/502\/revisions\/13690"}],"up":[{"embeddable":true,"href":"https:\/\/tcepalinges.ch\/wp2\/wp-json\/wp\/v2\/pages\/485"}],"wp:attachment":[{"href":"https:\/\/tcepalinges.ch\/wp2\/wp-json\/wp\/v2\/media?parent=502"}],"curies":[{"name":"wp","href":"https:\/\/api.w.org\/{rel}","templated":true}]}}