{"id":491,"date":"2016-01-08T14:08:43","date_gmt":"2016-01-08T14:08:43","guid":{"rendered":"https:\/\/tcepalinges.ch\/wp2\/?page_id=491"},"modified":"2024-04-28T16:20:22","modified_gmt":"2024-04-28T14:20:22","slug":"interclubs","status":"publish","type":"page","link":"https:\/\/tcepalinges.ch\/wp2\/competition\/interclubs\/","title":{"rendered":"Interclubs"},"content":{"rendered":"<div data-colibri-id=\"491-c1\" class=\"style-991 style-local-491-c1 position-relative\">\n  <!---->\n  <div data-colibri-component=\"section\" data-colibri-id=\"491-c2\" id=\"features\" class=\"h-section h-section-global-spacing d-flex align-items-lg-center align-items-md-center align-items-center style-996 style-local-491-c2 position-relative\">\n    <!---->\n    <!---->\n    <div class=\"h-section-grid-container h-section-boxed-container\">\n      <div data-colibri-id=\"491-c34\" class=\"h-row-container gutters-row-lg-2 gutters-row-md-2 gutters-row-0 gutters-row-v-lg-2 gutters-row-v-md-2 gutters-row-v-2 style-1004 style-local-491-c34 position-relative\">\n        <!---->\n        <div class=\"h-row justify-content-lg-center justify-content-md-center justify-content-center align-items-lg-stretch align-items-md-stretch align-items-stretch gutters-col-lg-2 gutters-col-md-2 gutters-col-0 gutters-col-v-lg-2 gutters-col-v-md-2 gutters-col-v-2\">\n          <!---->\n          <div class=\"h-column h-column-container d-flex h-col-lg-auto h-col-md-auto h-col-auto style-1005-outer style-local-491-c35-outer\">\n            <div data-colibri-id=\"491-c35\" class=\"d-flex h-flex-basis h-column__inner h-px-lg-2 h-px-md-2 h-px-2 v-inner-lg-2 v-inner-md-2 v-inner-2 style-1005 style-local-491-c35 position-relative\">\n              <!---->\n              <!---->\n              <div class=\"w-100 h-y-container h-column__content h-column__v-align flex-basis-100 align-self-lg-start align-self-md-start align-self-start\">\n                <!---->\n                <div data-colibri-id=\"491-c36\" class=\"h-global-transition-all h-heading style-1006 style-local-491-c36 position-relative h-element\">\n                  <!---->\n                  <div class=\"h-heading__outer style-1006 style-local-491-c36\">\n                    <!---->\n                    <!---->\n                    <h1 class=\"\">Interclubs<\/h1>\n                  <\/div>\n                <\/div>\n                <div data-colibri-id=\"491-c37\" class=\"h-lead h-text h-text-component style-1007 style-local-491-c37 position-relative h-element\">\n                  <!---->\n                  <!---->\n                  <div class=\"\">\n                    <p>Le TCE&nbsp;engage chaque ann\u00e9e plusieurs \u00e9quipes dans le championnat Rado Interclubs.<\/p>\n                  <\/div>\n                <\/div>\n                <div data-colibri-id=\"491-c38\" class=\"h-text h-text-component style-2045 style-local-491-c38 position-relative h-element\">\n                  <!---->\n                  <!---->\n                  <div class=\"\">\n                    <p>N&rsquo;h\u00e9sitez pas \u00e0 contacter les capitaines si vous d\u00e9sirez rejoindre une des \u00e9quipes.<\/p>\n                  <\/div>\n                <\/div>\n              <\/div>\n            <\/div>\n          <\/div>\n        <\/div>\n      <\/div>\n      <div data-colibri-id=\"491-c3\" class=\"h-row-container gutters-row-lg-2 gutters-row-md-2 gutters-row-2 gutters-row-v-lg-2 gutters-row-v-md-2 gutters-row-v-2 style-997 style-local-491-c3 position-relative\">\n        <!---->\n        <div class=\"h-row justify-content-lg-center justify-content-md-center justify-content-center align-items-lg-stretch align-items-md-stretch align-items-stretch gutters-col-lg-2 gutters-col-md-2 gutters-col-2 gutters-col-v-lg-2 gutters-col-v-md-2 gutters-col-v-2\">\n          <!---->\n          <div class=\"h-column h-column-container d-flex h-col-lg-4 h-col-md-6 h-col-12 style-998-outer style-local-491-c4-outer\">\n            <div data-colibri-id=\"491-c4\" class=\"d-flex h-flex-basis h-column__inner h-px-lg-2 h-px-md-2 h-px-2 v-inner-lg-2 v-inner-md-2 v-inner-2 style-998 style-local-491-c4 position-relative\">\n              <!---->\n              <!---->\n              <div class=\"w-100 h-y-container h-column__content h-column__v-align flex-basis-100 align-self-lg-start align-self-md-start align-self-start\">\n                <!---->\n                <div data-colibri-id=\"491-c5\" class=\"h-icon style-999 style-local-491-c5 position-relative h-element\">\n                  <!----><span class=\"h-svg-icon h-icon__icon style-999-icon style-local-491-c5-icon\"><!--Icon by Icons8 Line Awesome (https:\/\/icons8.com\/line-awesome)--><svg version=\"1.1\" xmlns=\"http:\/\/www.w3.org\/2000\/svg\" xmlns:xlink=\"http:\/\/www.w3.org\/1999\/xlink\" id=\"connectdevelop\" viewBox=\"0 0 512 545.5\"><path d=\"M146.5 99h219l4.5 8 100 174.5 4.5 8-4.5 8L370 472l-4.5 8h-219l-4.5-8L42 297.5l-4.5-8 4.5-8L142 107zm39 32l25 26 73-26h-98zm146 0L223 169.5l35 36.5zm-167 1.5l-.5 1V174l30.5-11zm184.5 3l-79.5 82 57 59L391 208zm-201 26L135 184l13-4.5v-18zm58.5 14L164 191v62l23.5 25 59.5-60.5zm-58.5 21l-25.5 9-1 2L148 236v-39.5zM113 222l-38.5 67.5 38 66L148 319v-59.5zm285 2l-60.5 64 38.5 39.5zm-140 5l-59.5 61 57.5 61 59.5-63zm152.5 13.5l-20.5 99 11 11.5 36.5-63.5zm-246.5 34v26l12.5-13zm162.5 23L267 363l8.5 9H367l5.5-25.5zm-139 2L164 325v47h72l9-9zm-39.5 40L120.5 370l1.5 2h26v-30.5zm238 19l-2.5 11.5h6.5l2.5-4.5zM131 388l17 29.5V388h-17zm33 0v57.5l1 2 56-59.5h-57zm79 0l-56.5 60h138l-56-60H243zm47.5 0l56 60 7-12 10-48h-73zm89.5 0l-.5 2.5 1.5-2.5h-1z\"><\/path><\/svg><\/span><\/div>\n                <div\n                  data-colibri-id=\"491-c6\" class=\"h-global-transition-all h-heading style-1000 style-local-491-c6 position-relative h-element\">\n                  <!---->\n                  <div class=\"h-heading__outer style-1000 style-local-491-c6\">\n                    <!---->\n                    <!---->\n                    <h4 class=\"\">30+ 1L Dames<\/h4>\n                  <\/div>\n              <\/div>\n              <div data-colibri-id=\"491-c7\" class=\"h-text h-text-component style-1001 style-local-491-c7 position-relative h-element\">\n                <!---->\n                <!---->\n                <div class=\"\">\n                  <p><strong>Capitaine&nbsp;<\/strong>:&nbsp;Sandrine&nbsp;Botti<\/p>\n                  <p><strong>Cat\u00e9gorie&nbsp;<\/strong>:&nbsp;30+<\/p>\n                  <p><strong>Ligue&nbsp;<\/strong>: 1\u00e8re<\/p>\n                <\/div>\n              <\/div>\n              <div data-colibri-id=\"491-c8\" class=\"h-x-container style-1002 style-local-491-c8 position-relative h-element\">\n                <!---->\n                <div class=\"h-x-container-inner style-dynamic-491-c8-group style-1002-spacing style-local-491-c8-spacing\"><span class=\"h-button__outer style-424-outer style-local-491-c9-outer d-inline-flex h-element\"><a h-use-smooth-scroll=\"true\" href=\"https:\/\/comp.swisstennis.ch\/ic\/servlet\/TeamResults?TeamId=15584&amp;Lang=F&amp;device=\"  data-colibri-id=\"491-c9\" class=\"d-flex w-100 align-items-center h-button justify-content-lg-center justify-content-md-center justify-content-center style-424 style-local-491-c9 position-relative\"><!----><!----> <span>R\u00e9sultats saison<\/span><\/a>\n                  <\/span>\n                <\/div>\n              <\/div>\n            <\/div>\n          <\/div>\n        <\/div>\n        <div class=\"h-column h-column-container d-flex h-col-lg-4 h-col-md-6 h-col-12 style-998-outer style-local-491-c10-outer\">\n          <div data-colibri-id=\"491-c10\" class=\"d-flex h-flex-basis h-column__inner h-px-lg-2 h-px-md-2 h-px-2 v-inner-lg-2 v-inner-md-2 v-inner-2 style-998 style-local-491-c10 position-relative\">\n            <!---->\n            <!---->\n            <div class=\"w-100 h-y-container h-column__content h-column__v-align flex-basis-100 align-self-lg-start align-self-md-start align-self-start\">\n              <!---->\n              <div data-colibri-id=\"491-c11\" class=\"h-icon style-999 style-local-491-c11 position-relative h-element\">\n                <!----><span class=\"h-svg-icon h-icon__icon style-999-icon style-local-491-c11-icon\"><!--Icon by Icons8 Line Awesome (https:\/\/icons8.com\/line-awesome)--><svg version=\"1.1\" xmlns=\"http:\/\/www.w3.org\/2000\/svg\" xmlns:xlink=\"http:\/\/www.w3.org\/1999\/xlink\" id=\"connectdevelop\" viewBox=\"0 0 512 545.5\"><path d=\"M146.5 99h219l4.5 8 100 174.5 4.5 8-4.5 8L370 472l-4.5 8h-219l-4.5-8L42 297.5l-4.5-8 4.5-8L142 107zm39 32l25 26 73-26h-98zm146 0L223 169.5l35 36.5zm-167 1.5l-.5 1V174l30.5-11zm184.5 3l-79.5 82 57 59L391 208zm-201 26L135 184l13-4.5v-18zm58.5 14L164 191v62l23.5 25 59.5-60.5zm-58.5 21l-25.5 9-1 2L148 236v-39.5zM113 222l-38.5 67.5 38 66L148 319v-59.5zm285 2l-60.5 64 38.5 39.5zm-140 5l-59.5 61 57.5 61 59.5-63zm152.5 13.5l-20.5 99 11 11.5 36.5-63.5zm-246.5 34v26l12.5-13zm162.5 23L267 363l8.5 9H367l5.5-25.5zm-139 2L164 325v47h72l9-9zm-39.5 40L120.5 370l1.5 2h26v-30.5zm238 19l-2.5 11.5h6.5l2.5-4.5zM131 388l17 29.5V388h-17zm33 0v57.5l1 2 56-59.5h-57zm79 0l-56.5 60h138l-56-60H243zm47.5 0l56 60 7-12 10-48h-73zm89.5 0l-.5 2.5 1.5-2.5h-1z\"><\/path><\/svg><\/span><\/div>\n              <div\n                data-colibri-id=\"491-c12\" class=\"h-global-transition-all h-heading style-1000 style-local-491-c12 position-relative h-element\">\n                <!---->\n                <div class=\"h-heading__outer style-1000 style-local-491-c12\">\n                  <!---->\n                  <!---->\n                  <h4 class=\"\">40+ LNC Dames<\/h4>\n                <\/div>\n            <\/div>\n            <div data-colibri-id=\"491-c13\" class=\"h-text h-text-component style-1001 style-local-491-c13 position-relative h-element\">\n              <!---->\n              <!---->\n              <div class=\"\">\n                <p><strong>Capitaine&nbsp;<\/strong>: V\u00e9ronique Pfeiffer-Ryter<\/p>\n                <p><strong>Cat\u00e9gorie&nbsp;<\/strong>: 40+<\/p>\n                <p><strong>Ligue&nbsp;<\/strong>: NC<\/p>\n              <\/div>\n            <\/div>\n            <div data-colibri-id=\"491-c14\" class=\"h-x-container style-1002 style-local-491-c14 position-relative h-element\">\n              <!---->\n              <div class=\"h-x-container-inner style-dynamic-491-c14-group style-1002-spacing style-local-491-c14-spacing\"><span class=\"h-button__outer style-424-outer style-local-491-c15-outer d-inline-flex h-element\"><a h-use-smooth-scroll=\"true\" href=\"https:\/\/comp.swisstennis.ch\/ic\/servlet\/TeamResults?TeamId=10106&amp;Lang=F&amp;device=\"  data-colibri-id=\"491-c15\" class=\"d-flex w-100 align-items-center h-button justify-content-lg-center justify-content-md-center justify-content-center style-424 style-local-491-c15 position-relative\"><!----><!----> <span>R\u00e9sultats saison<\/span><\/a>\n                <\/span>\n              <\/div>\n            <\/div>\n          <\/div>\n        <\/div>\n      <\/div>\n      <div class=\"h-column h-column-container d-flex h-col-lg-4 h-col-md-6 h-col-12 style-998-outer style-local-491-c16-outer\">\n        <div data-colibri-id=\"491-c16\" class=\"d-flex h-flex-basis h-column__inner h-px-lg-2 h-px-md-2 h-px-2 v-inner-lg-2 v-inner-md-2 v-inner-2 style-998 style-local-491-c16 position-relative\">\n          <!---->\n          <!---->\n          <div class=\"w-100 h-y-container h-column__content h-column__v-align flex-basis-100 align-self-lg-start align-self-md-start align-self-start\">\n            <!---->\n            <div data-colibri-id=\"491-c17\" class=\"h-icon style-999 style-local-491-c17 position-relative h-element\">\n              <!----><span class=\"h-svg-icon h-icon__icon style-999-icon style-local-491-c17-icon\"><!--Icon by Icons8 Line Awesome (https:\/\/icons8.com\/line-awesome)--><svg version=\"1.1\" xmlns=\"http:\/\/www.w3.org\/2000\/svg\" xmlns:xlink=\"http:\/\/www.w3.org\/1999\/xlink\" id=\"connectdevelop\" viewBox=\"0 0 512 545.5\"><path d=\"M146.5 99h219l4.5 8 100 174.5 4.5 8-4.5 8L370 472l-4.5 8h-219l-4.5-8L42 297.5l-4.5-8 4.5-8L142 107zm39 32l25 26 73-26h-98zm146 0L223 169.5l35 36.5zm-167 1.5l-.5 1V174l30.5-11zm184.5 3l-79.5 82 57 59L391 208zm-201 26L135 184l13-4.5v-18zm58.5 14L164 191v62l23.5 25 59.5-60.5zm-58.5 21l-25.5 9-1 2L148 236v-39.5zM113 222l-38.5 67.5 38 66L148 319v-59.5zm285 2l-60.5 64 38.5 39.5zm-140 5l-59.5 61 57.5 61 59.5-63zm152.5 13.5l-20.5 99 11 11.5 36.5-63.5zm-246.5 34v26l12.5-13zm162.5 23L267 363l8.5 9H367l5.5-25.5zm-139 2L164 325v47h72l9-9zm-39.5 40L120.5 370l1.5 2h26v-30.5zm238 19l-2.5 11.5h6.5l2.5-4.5zM131 388l17 29.5V388h-17zm33 0v57.5l1 2 56-59.5h-57zm79 0l-56.5 60h138l-56-60H243zm47.5 0l56 60 7-12 10-48h-73zm89.5 0l-.5 2.5 1.5-2.5h-1z\"><\/path><\/svg><\/span><\/div>\n            <div\n              data-colibri-id=\"491-c18\" class=\"h-global-transition-all h-heading style-1000 style-local-491-c18 position-relative h-element\">\n              <!---->\n              <div class=\"h-heading__outer style-1000 style-local-491-c18\">\n                <!---->\n                <!---->\n                <h4 class=\"\">Messieurs 35+ 2L<\/h4>\n              <\/div>\n          <\/div>\n          <div data-colibri-id=\"491-c19\" class=\"h-text h-text-component style-1001 style-local-491-c19 position-relative h-element\">\n            <!---->\n            <!---->\n            <div class=\"\">\n              <p><strong>Capitaine&nbsp;<\/strong>: Olivier Kruger<\/p>\n              <p><strong>Cat\u00e9gorie&nbsp;<\/strong>: 35+<\/p>\n              <p><strong>Ligue&nbsp;<\/strong>: 2\u00e8me<\/p>\n            <\/div>\n          <\/div>\n          <div data-colibri-id=\"491-c20\" class=\"h-x-container style-1002 style-local-491-c20 position-relative h-element\">\n            <!---->\n            <div class=\"h-x-container-inner style-dynamic-491-c20-group style-1002-spacing style-local-491-c20-spacing\"><span class=\"h-button__outer style-424-outer style-local-491-c21-outer d-inline-flex h-element\"><a h-use-smooth-scroll=\"true\" href=\"https:\/\/comp01.swisstennis.ch\/ic\/servlet\/TeamResults?TeamId=8524&amp;Lang=F&amp;device=\"  data-colibri-id=\"491-c21\" class=\"d-flex w-100 align-items-center h-button justify-content-lg-center justify-content-md-center justify-content-center style-424 style-local-491-c21 position-relative\"><!----><!----> <span>R\u00e9sultats saison<\/span><\/a>\n              <\/span>\n            <\/div>\n          <\/div>\n        <\/div>\n      <\/div>\n    <\/div>\n    <div class=\"h-column h-column-container d-flex h-col-lg-4 h-col-md-6 h-col-12 style-998-outer style-local-491-c22-outer\">\n      <div data-colibri-id=\"491-c22\" class=\"d-flex h-flex-basis h-column__inner h-px-lg-2 h-px-md-2 h-px-2 v-inner-lg-2 v-inner-md-2 v-inner-2 style-998 style-local-491-c22 position-relative\">\n        <!---->\n        <!---->\n        <div class=\"w-100 h-y-container h-column__content h-column__v-align flex-basis-100 align-self-lg-start align-self-md-start align-self-start\">\n          <!---->\n          <div data-colibri-id=\"491-c23\" class=\"h-icon style-999 style-local-491-c23 position-relative h-element\">\n            <!----><span class=\"h-svg-icon h-icon__icon style-999-icon style-local-491-c23-icon\"><!--Icon by Icons8 Line Awesome (https:\/\/icons8.com\/line-awesome)--><svg version=\"1.1\" xmlns=\"http:\/\/www.w3.org\/2000\/svg\" xmlns:xlink=\"http:\/\/www.w3.org\/1999\/xlink\" id=\"connectdevelop\" viewBox=\"0 0 512 545.5\"><path d=\"M146.5 99h219l4.5 8 100 174.5 4.5 8-4.5 8L370 472l-4.5 8h-219l-4.5-8L42 297.5l-4.5-8 4.5-8L142 107zm39 32l25 26 73-26h-98zm146 0L223 169.5l35 36.5zm-167 1.5l-.5 1V174l30.5-11zm184.5 3l-79.5 82 57 59L391 208zm-201 26L135 184l13-4.5v-18zm58.5 14L164 191v62l23.5 25 59.5-60.5zm-58.5 21l-25.5 9-1 2L148 236v-39.5zM113 222l-38.5 67.5 38 66L148 319v-59.5zm285 2l-60.5 64 38.5 39.5zm-140 5l-59.5 61 57.5 61 59.5-63zm152.5 13.5l-20.5 99 11 11.5 36.5-63.5zm-246.5 34v26l12.5-13zm162.5 23L267 363l8.5 9H367l5.5-25.5zm-139 2L164 325v47h72l9-9zm-39.5 40L120.5 370l1.5 2h26v-30.5zm238 19l-2.5 11.5h6.5l2.5-4.5zM131 388l17 29.5V388h-17zm33 0v57.5l1 2 56-59.5h-57zm79 0l-56.5 60h138l-56-60H243zm47.5 0l56 60 7-12 10-48h-73zm89.5 0l-.5 2.5 1.5-2.5h-1z\"><\/path><\/svg><\/span><\/div>\n          <div\n            data-colibri-id=\"491-c24\" class=\"h-global-transition-all h-heading style-1000 style-local-491-c24 position-relative h-element\">\n            <!---->\n            <div class=\"h-heading__outer style-1000 style-local-491-c24\">\n              <!---->\n              <!---->\n              <h4 class=\"\">45+ 3L Messieurs<\/h4>\n            <\/div>\n        <\/div>\n        <div data-colibri-id=\"491-c25\" class=\"h-text h-text-component style-1001 style-local-491-c25 position-relative h-element\">\n          <!---->\n          <!---->\n          <div class=\"\">\n            <p><strong>Capitaine&nbsp;<\/strong>: Serge Bissat<\/p>\n            <p><strong>Cat\u00e9gorie&nbsp;<\/strong>: 45+<\/p>\n            <p><strong>Ligue&nbsp;<\/strong>: 3\u00e8me<\/p>\n          <\/div>\n        <\/div>\n        <div data-colibri-id=\"491-c26\" class=\"h-x-container style-1002 style-local-491-c26 position-relative h-element\">\n          <!---->\n          <div class=\"h-x-container-inner style-dynamic-491-c26-group style-1002-spacing style-local-491-c26-spacing\"><span class=\"h-button__outer style-424-outer style-local-491-c27-outer d-inline-flex h-element\"><a h-use-smooth-scroll=\"true\" href=\"https:\/\/comp01.swisstennis.ch\/ic\/servlet\/TeamResults?TeamId=15099&amp;Lang=F&amp;device=\"  data-colibri-id=\"491-c27\" class=\"d-flex w-100 align-items-center h-button justify-content-lg-center justify-content-md-center justify-content-center style-424 style-local-491-c27 position-relative\"><!----><!----> <span>R\u00e9sultats saison<\/span><\/a>\n            <\/span>\n          <\/div>\n        <\/div>\n      <\/div>\n    <\/div>\n  <\/div>\n  <div class=\"h-column h-column-container d-flex h-col-lg-4 h-col-md-6 h-col-12 style-998-outer style-local-491-c28-outer\">\n    <div data-colibri-id=\"491-c28\" class=\"d-flex h-flex-basis h-column__inner h-px-lg-2 h-px-md-2 h-px-2 v-inner-lg-2 v-inner-md-2 v-inner-2 style-998 style-local-491-c28 position-relative\">\n      <!---->\n      <!---->\n      <div class=\"w-100 h-y-container h-column__content h-column__v-align flex-basis-100 align-self-lg-start align-self-md-start align-self-start\">\n        <!---->\n        <div data-colibri-id=\"491-c29\" class=\"h-icon style-999 style-local-491-c29 position-relative h-element\">\n          <!----><span class=\"h-svg-icon h-icon__icon style-999-icon style-local-491-c29-icon\"><!--Icon by Icons8 Line Awesome (https:\/\/icons8.com\/line-awesome)--><svg version=\"1.1\" xmlns=\"http:\/\/www.w3.org\/2000\/svg\" xmlns:xlink=\"http:\/\/www.w3.org\/1999\/xlink\" id=\"connectdevelop\" viewBox=\"0 0 512 545.5\"><path d=\"M146.5 99h219l4.5 8 100 174.5 4.5 8-4.5 8L370 472l-4.5 8h-219l-4.5-8L42 297.5l-4.5-8 4.5-8L142 107zm39 32l25 26 73-26h-98zm146 0L223 169.5l35 36.5zm-167 1.5l-.5 1V174l30.5-11zm184.5 3l-79.5 82 57 59L391 208zm-201 26L135 184l13-4.5v-18zm58.5 14L164 191v62l23.5 25 59.5-60.5zm-58.5 21l-25.5 9-1 2L148 236v-39.5zM113 222l-38.5 67.5 38 66L148 319v-59.5zm285 2l-60.5 64 38.5 39.5zm-140 5l-59.5 61 57.5 61 59.5-63zm152.5 13.5l-20.5 99 11 11.5 36.5-63.5zm-246.5 34v26l12.5-13zm162.5 23L267 363l8.5 9H367l5.5-25.5zm-139 2L164 325v47h72l9-9zm-39.5 40L120.5 370l1.5 2h26v-30.5zm238 19l-2.5 11.5h6.5l2.5-4.5zM131 388l17 29.5V388h-17zm33 0v57.5l1 2 56-59.5h-57zm79 0l-56.5 60h138l-56-60H243zm47.5 0l56 60 7-12 10-48h-73zm89.5 0l-.5 2.5 1.5-2.5h-1z\"><\/path><\/svg><\/span><\/div>\n        <div\n          data-colibri-id=\"491-c30\" class=\"h-global-transition-all h-heading style-1000 style-local-491-c30 position-relative h-element\">\n          <!---->\n          <div class=\"h-heading__outer style-1000 style-local-491-c30\">\n            <!---->\n            <!---->\n            <h4 class=\"\">2L Messieurs actifs<\/h4>\n          <\/div>\n      <\/div>\n      <div data-colibri-id=\"491-c31\" class=\"h-text h-text-component style-1001 style-local-491-c31 position-relative h-element\">\n        <!---->\n        <!---->\n        <div class=\"\">\n          <p><strong>Capitaine&nbsp;<\/strong>: <span style=\"color: rgb(70, 112, 127); font-family: &quot;Open Sans&quot;; font-size: 16px; font-weight: 400;\">&nbsp;J\u00e9r\u00e9mie Pag\u00e9<\/span><\/p>\n          <p><strong>Cat\u00e9gorie&nbsp;<\/strong>: Actifs<\/p>\n          <p><strong>Ligue&nbsp;<\/strong>: 2\u00e8me<\/p>\n        <\/div>\n      <\/div>\n      <div data-colibri-id=\"491-c32\" class=\"h-x-container style-1002 style-local-491-c32 position-relative h-element\">\n        <!---->\n        <div class=\"h-x-container-inner style-dynamic-491-c32-group style-1002-spacing style-local-491-c32-spacing\"><span class=\"h-button__outer style-424-outer style-local-491-c33-outer d-inline-flex h-element\"><a h-use-smooth-scroll=\"true\" href=\"https:\/\/comp.swisstennis.ch\/ic\/servlet\/TeamResults?TeamId=14699&amp;Lang=F&amp;device=\"  data-colibri-id=\"491-c33\" class=\"d-flex w-100 align-items-center h-button justify-content-lg-center justify-content-md-center justify-content-center style-424 style-local-491-c33 position-relative\"><!----><!----> <span>R\u00e9sultats saison<\/span><\/a>\n          <\/span>\n        <\/div>\n      <\/div>\n    <\/div>\n  <\/div>\n<\/div>\n<\/div>\n<\/div>\n<\/div>\n<\/div>\n<\/div>","protected":false},"excerpt":{"rendered":"<p>Interclubs Le TCE&nbsp;engage chaque ann\u00e9e plusieurs \u00e9quipes dans le championnat Rado Interclubs. N&rsquo;h\u00e9sitez pas \u00e0 contacter les capitaines si vous d\u00e9sirez rejoindre une des \u00e9quipes. 30+ 1L Dames Capitaine&nbsp;:&nbsp;Sandrine&nbsp;Botti Cat\u00e9gorie&nbsp;:&nbsp;30+ [&hellip;]<\/p>\n","protected":false},"author":2,"featured_media":0,"parent":485,"menu_order":0,"comment_status":"closed","ping_status":"closed","template":"page-templates\/full-width-page.php","meta":{"footnotes":""},"class_list":["post-491","page","type-page","status-publish","hentry"],"publishpress_future_action":{"enabled":false,"date":"2026-04-24 06:10:18","action":"change-status","newStatus":"draft","terms":[],"taxonomy":"","extraData":[]},"publishpress_future_workflow_manual_trigger":{"enabledWorkflows":[]},"_links":{"self":[{"href":"https:\/\/tcepalinges.ch\/wp2\/wp-json\/wp\/v2\/pages\/491","targetHints":{"allow":["GET"]}}],"collection":[{"href":"https:\/\/tcepalinges.ch\/wp2\/wp-json\/wp\/v2\/pages"}],"about":[{"href":"https:\/\/tcepalinges.ch\/wp2\/wp-json\/wp\/v2\/types\/page"}],"author":[{"embeddable":true,"href":"https:\/\/tcepalinges.ch\/wp2\/wp-json\/wp\/v2\/users\/2"}],"replies":[{"embeddable":true,"href":"https:\/\/tcepalinges.ch\/wp2\/wp-json\/wp\/v2\/comments?post=491"}],"version-history":[{"count":21,"href":"https:\/\/tcepalinges.ch\/wp2\/wp-json\/wp\/v2\/pages\/491\/revisions"}],"predecessor-version":[{"id":13818,"href":"https:\/\/tcepalinges.ch\/wp2\/wp-json\/wp\/v2\/pages\/491\/revisions\/13818"}],"up":[{"embeddable":true,"href":"https:\/\/tcepalinges.ch\/wp2\/wp-json\/wp\/v2\/pages\/485"}],"wp:attachment":[{"href":"https:\/\/tcepalinges.ch\/wp2\/wp-json\/wp\/v2\/media?parent=491"}],"curies":[{"name":"wp","href":"https:\/\/api.w.org\/{rel}","templated":true}]}}