{"id":485,"date":"2014-06-18T14:04:46","date_gmt":"2014-06-18T14:04:46","guid":{"rendered":"https:\/\/tcepalinges.ch\/wp2\/?page_id=485"},"modified":"2023-05-07T23:58:45","modified_gmt":"2023-05-07T21:58:45","slug":"competition","status":"publish","type":"page","link":"https:\/\/tcepalinges.ch\/wp2\/competition\/","title":{"rendered":"Comp\u00e9tition"},"content":{"rendered":"<div data-colibri-id=\"485-c1\" class=\"style-2327 style-local-485-c1 position-relative\">\n  <!---->\n  <div data-colibri-component=\"section\" data-colibri-id=\"485-c2\" id=\"initial-content\" class=\"h-section h-section-global-spacing d-flex align-items-lg-center align-items-md-center align-items-center style-2328 style-local-485-c2 position-relative\">\n    <!---->\n    <!---->\n    <div class=\"h-section-grid-container h-section-boxed-container\">\n      <!---->\n      <div data-colibri-id=\"485-c3\" class=\"h-row-container gutters-row-lg-2 gutters-row-md-2 gutters-row-0 gutters-row-v-lg-2 gutters-row-v-md-2 gutters-row-v-2 style-2329 style-local-485-c3 position-relative\">\n        <!---->\n        <div class=\"h-row justify-content-lg-center justify-content-md-center justify-content-center align-items-lg-stretch align-items-md-stretch align-items-stretch gutters-col-lg-2 gutters-col-md-2 gutters-col-0 gutters-col-v-lg-2 gutters-col-v-md-2 gutters-col-v-2\">\n          <!---->\n          <div class=\"h-column h-column-container d-flex h-col-lg-auto h-col-md-auto h-col-auto style-2330-outer style-local-485-c4-outer\">\n            <div data-colibri-id=\"485-c4\" class=\"d-flex h-flex-basis h-column__inner h-px-lg-2 h-px-md-2 h-px-2 v-inner-lg-2 v-inner-md-2 v-inner-2 style-2330 style-local-485-c4 position-relative\">\n              <!---->\n              <!---->\n              <div class=\"w-100 h-y-container h-column__content h-column__v-align flex-basis-100 align-self-lg-start align-self-md-start align-self-start\">\n                <!---->\n                <div data-colibri-id=\"485-c6\" class=\"h-text h-text-component style-2332 style-local-485-c6 position-relative h-element\">\n                  <!---->\n                  <!---->\n                  <div class=\"\">\n                    <p>Le club d\u2019Epalinges permet \u00e0 ses membres de go\u00fbter \u00e0 la comp\u00e9tition \u00e0 plusieurs niveaux allant des&nbsp;\n                      <a href=\"https:\/\/tcepalinges.ch\/wp2?page_id=491\" style=\"color: rgb(3, 169, 244); font-family: &quot;Open Sans&quot;; font-weight: 400; font-size: 1em;\">Interclubs&nbsp;<\/a>(5 \u00e9quipes pour la saison 2014) au tournoi&nbsp;\n                      <a href=\"https:\/\/tcepalinges.ch\/wp2?page_id=505\" style=\"color: rgb(3, 169, 244); font-family: &quot;Open Sans&quot;; font-weight: 400; font-size: 1em;\">Bellaria&nbsp;<\/a>pour les dames et&nbsp;\n                      <a href=\"https:\/\/tcepalinges.ch\/wp2?page_id=502\" style=\"color: rgb(3, 169, 244); font-family: &quot;Open Sans&quot;; font-weight: 400; font-size: 1em;\">Lombardet<\/a>&nbsp;pour les messieurs et Coupe romande mixte.<\/p>\n                    <p>Il ne faut pas oublier les tournois internes au club (Cornercard club Champion Trophy regroupant les joueurs licenci\u00e9s et non-licenci\u00e9s et ceux, \u00e0 l\u2019ambiance plus decontract\u00e9e, des fameux doubles mixte se terminant incontournablement\n                      dans la bonne humeur autour d\u2019un bon repas.<\/p>\n                    <p>Mentionnons encore les&nbsp;\n                      <a href=\"https:\/\/tcepalinges.ch\/wp2\/events\" style=\"color: rgb(3, 169, 244); font-family: &quot;Open Sans&quot;; font-weight: 400; font-size: 1em;\">tournois<\/a>&nbsp;organis\u00e9s par le club durant l\u2019\u00e9t\u00e9.<\/p>\n                    <p>Pour les juniors, le club leur permet de go\u00fbter \u00e0 la comp\u00e9tition dans les \u00e9quipes juniors interclubs \u00e0 diff\u00e9rents nivaux. Contacter le responsable junior du club : Yannis Croci ou le professeur responsable&nbsp;&nbsp;pour plus de renseignements.<\/p>\n                    <p>\n                      <br>\n                    <\/p>\n                  <\/div>\n                <\/div>\n              <\/div>\n            <\/div>\n          <\/div>\n        <\/div>\n      <\/div>\n    <\/div>\n  <\/div>\n<\/div>","protected":false},"excerpt":{"rendered":"<p>Le club d\u2019Epalinges permet \u00e0 ses membres de go\u00fbter \u00e0 la comp\u00e9tition \u00e0 plusieurs niveaux allant des&nbsp; Interclubs&nbsp;(5 \u00e9quipes pour la saison 2014) au tournoi&nbsp; Bellaria&nbsp;pour les dames et&nbsp; Lombardet&nbsp;pour [&hellip;]<\/p>\n","protected":false},"author":2,"featured_media":0,"parent":0,"menu_order":0,"comment_status":"closed","ping_status":"closed","template":"page-templates\/full-width-page.php","meta":{"footnotes":""},"class_list":["post-485","page","type-page","status-publish","hentry"],"publishpress_future_action":{"enabled":false,"date":"2026-04-24 04:50:06","action":"change-status","newStatus":"draft","terms":[],"taxonomy":"","extraData":[]},"publishpress_future_workflow_manual_trigger":{"enabledWorkflows":[]},"_links":{"self":[{"href":"https:\/\/tcepalinges.ch\/wp2\/wp-json\/wp\/v2\/pages\/485","targetHints":{"allow":["GET"]}}],"collection":[{"href":"https:\/\/tcepalinges.ch\/wp2\/wp-json\/wp\/v2\/pages"}],"about":[{"href":"https:\/\/tcepalinges.ch\/wp2\/wp-json\/wp\/v2\/types\/page"}],"author":[{"embeddable":true,"href":"https:\/\/tcepalinges.ch\/wp2\/wp-json\/wp\/v2\/users\/2"}],"replies":[{"embeddable":true,"href":"https:\/\/tcepalinges.ch\/wp2\/wp-json\/wp\/v2\/comments?post=485"}],"version-history":[{"count":12,"href":"https:\/\/tcepalinges.ch\/wp2\/wp-json\/wp\/v2\/pages\/485\/revisions"}],"predecessor-version":[{"id":12195,"href":"https:\/\/tcepalinges.ch\/wp2\/wp-json\/wp\/v2\/pages\/485\/revisions\/12195"}],"wp:attachment":[{"href":"https:\/\/tcepalinges.ch\/wp2\/wp-json\/wp\/v2\/media?parent=485"}],"curies":[{"name":"wp","href":"https:\/\/api.w.org\/{rel}","templated":true}]}}