{"id":416,"date":"2014-06-16T18:13:56","date_gmt":"2014-06-16T18:13:56","guid":{"rendered":"https:\/\/tcepalinges.ch\/wp2\/?page_id=416"},"modified":"2023-05-07T23:54:30","modified_gmt":"2023-05-07T21:54:30","slug":"enseignement","status":"publish","type":"page","link":"https:\/\/tcepalinges.ch\/wp2\/enseignement\/","title":{"rendered":"Enseignement"},"content":{"rendered":"<div data-colibri-id=\"416-c1\" class=\"style-2321 style-local-416-c1 position-relative\">\n  <!---->\n  <div data-colibri-component=\"section\" data-colibri-id=\"416-c2\" id=\"initial-content\" class=\"h-section h-section-global-spacing d-flex align-items-lg-center align-items-md-center align-items-center style-2322 style-local-416-c2 position-relative\">\n    <!---->\n    <!---->\n    <div class=\"h-section-grid-container h-section-boxed-container\">\n      <!---->\n      <div data-colibri-id=\"416-c3\" class=\"h-row-container gutters-row-lg-2 gutters-row-md-2 gutters-row-0 gutters-row-v-lg-2 gutters-row-v-md-2 gutters-row-v-2 style-2323 style-local-416-c3 position-relative\">\n        <!---->\n        <div class=\"h-row justify-content-lg-center justify-content-md-center justify-content-center align-items-lg-stretch align-items-md-stretch align-items-stretch gutters-col-lg-2 gutters-col-md-2 gutters-col-0 gutters-col-v-lg-2 gutters-col-v-md-2 gutters-col-v-2\">\n          <!---->\n          <div class=\"h-column h-column-container d-flex h-col-lg-auto h-col-md-auto h-col-auto style-2324-outer style-local-416-c4-outer\">\n            <div data-colibri-id=\"416-c4\" class=\"d-flex h-flex-basis h-column__inner h-px-lg-2 h-px-md-2 h-px-2 v-inner-lg-2 v-inner-md-2 v-inner-2 style-2324 style-local-416-c4 position-relative\">\n              <!---->\n              <!---->\n              <div class=\"w-100 h-y-container h-column__content h-column__v-align flex-basis-100 align-self-lg-start align-self-md-start align-self-start\">\n                <!---->\n                <div data-colibri-id=\"416-c6\" class=\"h-text h-text-component style-2326 style-local-416-c6 position-relative h-element\">\n                  <!---->\n                  <!---->\n                  <div class=\"\">\n                    <p>Que vous soyez d\u00e9butants ou joueurs confirm\u00e9s, l\u2019\n                      <a href=\"https:\/\/tcepalinges.ch\/wp2\/enseignement\/ecole-de-tennis\" style=\"font-size: 1em; font-weight: 400; font-family: &quot;Open Sans&quot;; color: rgb(3, 169, 244);\" draggable=\"false\">\u00e9cole de tennis<\/a>&nbsp;de notre club, vous propose diff\u00e9rentes formules (cours priv\u00e9s ou en groupe) adapt\u00e9es \u00e0 votre niveau. Veuillez consulter les&nbsp;\n                      <a href=\"https:\/\/tcepalinges.ch\/wp2\/enseignement\/les-prfesseurs\" style=\"font-size: 1em; font-weight: 400; font-family: &quot;Open Sans&quot;; color: rgb(3, 169, 244);\"\n                        draggable=\"false\">professeurs&nbsp;<\/a>du club pour conna\u00eetre les disponibilit\u00e9s.<\/p>\n                    <p>L\u2019\n                      <a href=\"https:\/\/tcepalinges.ch\/wp2\/enseignement\/ecole-de-tennis\" style=\"font-size: 1em; font-weight: 400; font-family: &quot;Open Sans&quot;; color: rgb(3, 169, 244);\" draggable=\"false\">\u00e9cole de tennis<\/a>&nbsp;ouverte aux enfants d\u00e8s 6 ans, leur permet d\u2019avoir leur premier contact avec la balle jaune pour les plus jeunes et aussi de consolider les bases pour ceux ayant d\u00e9j\u00e0 une pratique du tennis mais ne d\u00e9sirant\n                      pas forc\u00e9ment faire de la comp\u00e9tition. Les cours sont dispens\u00e9s les jours de semaine sur les courts du TCE en \u00e9t\u00e9, et dans les halles environnantes pour la p\u00e9riode hivernale, \u00e0 raison de 60 minutes hebdomadaires. Les enfants sont\n                      en groupe de 4 joueurs maximum par court et encadr\u00e9s par nos professeurs et des moniteurs Jeunesse et Sport pour les plus jeunes.<\/p>\n                    <p>Des cours au niveau comp\u00e9tition sont dispens\u00e9s aux juniors&nbsp;ayant un bon niveau tennistique (ma\u00eetrise du jeu de fond de court) et s\u2019int\u00e9ressant \u00e0 la comp\u00e9tition. Ils doivent participer \u00e0 quelques tournois ainsi qu\u2019aux&nbsp;\n                      <a href=\"https:\/\/tcepalinges.ch\/wp2\/competition\/interclubs-juniors\"\n                        style=\"font-size: 1em; font-weight: 400; font-family: &quot;Open Sans&quot;; color: rgb(3, 169, 244);\" draggable=\"false\">Interclubs<\/a>. La licence est obligatoire. Veuillez contacter directement le responsable juniors pour plus de renseignements concernant ces types d\u2019entra\u00eenements en groupe.<\/p>\n                    <p>Durant l\u2019\u00e9t\u00e9, des&nbsp;\n                      <a href=\"https:\/\/tcepalinges.ch\/wp2\/stage-ete\" style=\"font-size: 1em; font-weight: 400; font-family: &quot;Open Sans&quot;; color: rgb(3, 169, 244);\" draggable=\"false\">stages&nbsp;<\/a>\u00e0 tous les niveaux sont organis\u00e9s pour juniors (en journ\u00e9e) et adultes (en soir\u00e9e). Consulter le panneau d\u2019affichage au club-house, ou contacter directement les&nbsp;\n                      <a href=\"https:\/\/tcepalinges.ch\/wp2\/enseignement\/les-prfesseurs\"\n                        style=\"font-size: 1em; font-weight: 400; font-family: &quot;Open Sans&quot;; color: rgb(3, 169, 244);\" draggable=\"false\">professeurs<\/a>.<\/p>\n                    <p>\n                      <br>\n                    <\/p>\n                  <\/div>\n                <\/div>\n              <\/div>\n            <\/div>\n          <\/div>\n        <\/div>\n      <\/div>\n    <\/div>\n  <\/div>\n<\/div>","protected":false},"excerpt":{"rendered":"<p>Que vous soyez d\u00e9butants ou joueurs confirm\u00e9s, l\u2019 \u00e9cole de tennis&nbsp;de notre club, vous propose diff\u00e9rentes formules (cours priv\u00e9s ou en groupe) adapt\u00e9es \u00e0 votre niveau. Veuillez consulter les&nbsp; professeurs&nbsp;du [&hellip;]<\/p>\n","protected":false},"author":2,"featured_media":0,"parent":0,"menu_order":0,"comment_status":"closed","ping_status":"closed","template":"page-templates\/full-width-page.php","meta":{"footnotes":""},"class_list":["post-416","page","type-page","status-publish","hentry"],"publishpress_future_action":{"enabled":false,"date":"2026-04-24 19:55:03","action":"change-status","newStatus":"draft","terms":[],"taxonomy":"","extraData":[]},"publishpress_future_workflow_manual_trigger":{"enabledWorkflows":[]},"_links":{"self":[{"href":"https:\/\/tcepalinges.ch\/wp2\/wp-json\/wp\/v2\/pages\/416","targetHints":{"allow":["GET"]}}],"collection":[{"href":"https:\/\/tcepalinges.ch\/wp2\/wp-json\/wp\/v2\/pages"}],"about":[{"href":"https:\/\/tcepalinges.ch\/wp2\/wp-json\/wp\/v2\/types\/page"}],"author":[{"embeddable":true,"href":"https:\/\/tcepalinges.ch\/wp2\/wp-json\/wp\/v2\/users\/2"}],"replies":[{"embeddable":true,"href":"https:\/\/tcepalinges.ch\/wp2\/wp-json\/wp\/v2\/comments?post=416"}],"version-history":[{"count":7,"href":"https:\/\/tcepalinges.ch\/wp2\/wp-json\/wp\/v2\/pages\/416\/revisions"}],"predecessor-version":[{"id":12174,"href":"https:\/\/tcepalinges.ch\/wp2\/wp-json\/wp\/v2\/pages\/416\/revisions\/12174"}],"wp:attachment":[{"href":"https:\/\/tcepalinges.ch\/wp2\/wp-json\/wp\/v2\/media?parent=416"}],"curies":[{"name":"wp","href":"https:\/\/api.w.org\/{rel}","templated":true}]}}