{"id":376,"date":"2016-03-16T14:15:28","date_gmt":"2016-03-16T14:15:28","guid":{"rendered":"https:\/\/tcepalinges.ch\/wp2\/?page_id=376"},"modified":"2021-06-24T12:20:53","modified_gmt":"2021-06-24T10:20:53","slug":"interclubs-a-domicile","status":"publish","type":"page","link":"https:\/\/tcepalinges.ch\/wp2\/calendriers-2\/interclubs-a-domicile\/","title":{"rendered":"Interclubs \u00e0 domicile"},"content":{"rendered":"<p>Voici les dates des rencontres IC de nos \u00e9quipes disput\u00e9es \u00e0 Epalinges.<\/p>\n<p><span style=\"font-size: 10pt; color: #3366ff;\"><strong>Adultes<\/strong><\/span><\/p>\n<table style=\"border-color: #000000;\" border=\"1\" cellspacing=\"0\" cellpadding=\"5\">\n<tbody style=\"text-align: left;\">\n<tr style=\"background-color: #999999; text-align: left;\">\n<td style=\"text-align: left; width: 162px; height: 15px;\"><strong>Date <\/strong><\/td>\n<td style=\"text-align: left; width: 53px; height: 15px;\"><strong> Horaire<\/strong><\/td>\n<td style=\"text-align: left; width: 116px; height: 15px;\"><strong> Equipe<\/strong><\/td>\n<td style=\"text-align: left; width: 121px; height: 15px;\"><strong> Adversaire<\/strong><\/td>\n<\/tr>\n<tr style=\"height: 15px;\">\n<td style=\"width: 162px; height: 15px;\">Samedi 29 mai<\/td>\n<td style=\"width: 53px; height: 15px;\">09:00 &#8211; 15:00<\/td>\n<td style=\"width: 116px; height: 15px;\">2L Messieurs<\/td>\n<td style=\"width: 121px; height: 15px;\">Rolle<\/td>\n<\/tr>\n<tr style=\"background-color: #d4d2d2; text-align: left;\">\n<td style=\"text-align: left; width: 162px; height: 32px;\">Dimanche 30 mai<\/td>\n<td style=\"text-align: left; width: 53px; height: 32px;\">09:00 &#8211; 15:00<\/td>\n<td style=\"text-align: left; width: 116px; height: 32px;\">35+ 2L Messieurs<\/td>\n<td style=\"text-align: left; width: 121px; height: 32px;\">St-Maurice<\/td>\n<\/tr>\n<tr style=\"background-color: #ffffff; text-align: left;\">\n<td style=\"text-align: left; width: 162px; height: 15px;\">Samedi 5 juin<\/td>\n<td style=\"text-align: left; width: 53px; height: 15px;\">09:00 &#8211; 15:00<\/td>\n<td style=\"text-align: left; width: 116px; height: 15px;\">45+ 2L Messieurs<\/td>\n<td style=\"text-align: left; width: 121px; height: 15px;\">Montchoisi 2<\/td>\n<\/tr>\n<tr style=\"background-color: #d4d2d2;\">\n<td style=\"text-align: left; width: 162px; height: 15px;\">Dimanche 6 juin<\/td>\n<td style=\"text-align: left; width: 53px; height: 15px;\">09:00 &#8211; 15:00<\/td>\n<td style=\"text-align: left; width: 116px; height: 15px;\">30+ 1L Dames 1<\/td>\n<td style=\"text-align: left; width: 121px; height: 15px;\">Montchoisi<\/td>\n<\/tr>\n<tr style=\"height: 15px;\">\n<td style=\"text-align: left; width: 162px; height: 15px;\">Samedi 12 juin<\/td>\n<td style=\"text-align: left; width: 53px; height: 15px;\">09:00 &#8211; 15:00<\/td>\n<td style=\"text-align: left; width: 116px; height: 15px;\">45+ 2L Messieurs<\/td>\n<td style=\"text-align: left; width: 121px; height: 15px;\">Valeyres sous Montagny 1<\/td>\n<\/tr>\n<tr style=\"background-color: #d4d2d2; text-align: left;\">\n<td style=\"text-align: left; width: 162px; height: 15px;\">Samedi 12 juin<\/td>\n<td style=\"text-align: left; width: 53px; height: 15px;\">13:00 &#8211; 19:00<\/td>\n<td style=\"text-align: left; width: 116px; height: 15px;\">30+ 1L Dames 1<\/td>\n<td style=\"text-align: left; width: 121px; height: 15px;\">Aigle<\/td>\n<\/tr>\n<tr style=\"height: 15px;\">\n<td style=\"text-align: left; width: 162px; height: 15px;\">Dimanche 13 juin<\/td>\n<td style=\"text-align: left; width: 53px; height: 15px;\">12:00 &#8211; 19:00<\/td>\n<td style=\"text-align: left; width: 116px; height: 15px;\">30+ 1L Dames 2<\/td>\n<td style=\"text-align: left; width: 121px; height: 15px;\">La-Chaux-de-Fonds<\/td>\n<\/tr>\n<tr style=\"text-align: left; height: 52px; background-color: #d4d2d2;\">\n<td style=\"text-align: left; width: 162px; height: 52px;\">Dimanche 27 juin<\/td>\n<td style=\"text-align: left; width: 53px; height: 52px;\">10:00 &#8211; 16:00<\/td>\n<td style=\"text-align: left; width: 116px; height: 52px;\">30+ 1L Dames 2<\/td>\n<td style=\"text-align: left; width: 121px; height: 52px;\">International Ge<\/td>\n<\/tr>\n<tr>\n<td style=\"text-align: left; width: 162px;\">Samedi 3 juillet<\/td>\n<td style=\"text-align: left; width: 53px;\">09:00 &#8211; 15:00<\/td>\n<td style=\"text-align: left; width: 116px;\">45+ 2L Messieurs<\/td>\n<td style=\"text-align: left; width: 121px;\">Lutry<\/td>\n<\/tr>\n<\/tbody>\n<\/table>\n<p><span style=\"font-size: 10pt; color: #3366ff;\"><strong>Juniors<\/strong><\/span><\/p>\n<table style=\"border-color: #000000;\" border=\"1\" cellspacing=\"0\" cellpadding=\"5\">\n<tbody style=\"text-align: left;\">\n<tr style=\"background-color: #999999; text-align: left;\">\n<td style=\"text-align: left; width: 109px;\"><strong>Date <\/strong><\/td>\n<td style=\"text-align: left; width: 95px;\"><strong> Horaire<\/strong><\/td>\n<td style=\"text-align: left; width: 118px;\"><strong> Equipe<\/strong><\/td>\n<td style=\"text-align: left; width: 146px;\"><strong> Adversaire<\/strong><\/td>\n<\/tr>\n<tr>\n<td style=\"width: 109px;\">Mercredi 12 mai<\/td>\n<td style=\"width: 95px;\">17:00 &#8211; 20:00<\/td>\n<td style=\"width: 118px;\">Gar\u00e7ons 2 U12 LB<\/td>\n<td style=\"width: 146px;\">Bercher 1<\/td>\n<\/tr>\n<tr style=\"background-color: #d4d2d2; text-align: left;\">\n<td style=\"text-align: left; width: 109px;\">Mardi 25\u00a0 mai<\/td>\n<td style=\"text-align: left; width: 95px;\">18:00 &#8211; 20:30<\/td>\n<td style=\"text-align: left; width: 118px;\">Filles U18 LB<\/td>\n<td style=\"text-align: left; width: 146px;\">TAN Tennis Club<\/td>\n<\/tr>\n<tr style=\"background-color: #ffffff; text-align: left;\">\n<td style=\"text-align: left; width: 109px;\">Dimanche 30 mai<\/td>\n<td style=\"text-align: left; width: 95px;\">14:00 &#8211; 17:00<\/td>\n<td style=\"text-align: left; width: 118px;\">Gar\u00e7ons U18 LB<\/td>\n<td style=\"text-align: left; width: 146px;\">Ecublens<\/td>\n<\/tr>\n<tr style=\"background-color: #d4d2d2;\">\n<td style=\"text-align: left; width: 109px;\">Jeudi 3 juin<\/td>\n<td style=\"text-align: left; width: 95px;\">17:00 &#8211; 20:00<\/td>\n<td style=\"text-align: left; width: 118px;\">Gar\u00e7ons 1 U12 LB<\/td>\n<td style=\"text-align: left; width: 146px;\">Lutry<\/td>\n<\/tr>\n<tr style=\"background-color: #ffffff;\">\n<td style=\"text-align: left; width: 109px;\">Vendredi 4 juin<\/td>\n<td style=\"text-align: left; width: 95px;\">17:00 &#8211; 20:00<\/td>\n<td style=\"text-align: left; width: 118px;\">Gar\u00e7ons\u00a0 2 U15 LB<\/td>\n<td style=\"text-align: left; width: 146px;\">Montchoisi 1<\/td>\n<\/tr>\n<tr style=\"background-color: #d4d2d2;\">\n<td style=\"text-align: left; width: 109px;\">Mercredi 9 juin<\/td>\n<td style=\"text-align: left; width: 95px;\">17:00 &#8211; 20:00<\/td>\n<td style=\"text-align: left; width: 118px;\">Gar\u00e7ons 1 U15 LB<\/td>\n<td style=\"text-align: left; width: 146px;\">Morges 2<\/td>\n<\/tr>\n<\/tbody>\n<\/table>\n<p>Venez nombreux supporter nos \u00e9quipes!<\/p>\n<p>Nous remercions aussi les membres pour leur compr\u00e9hension du manque de disponibilit\u00e9 des courts pouvant survenir lors de ces rencontres et n&rsquo;oubliez pas qu&rsquo;il vous est toujours possible de consulter les <a href=\"http:\/\/carol.kreator.ch\/carol\/servlet\/Main\/TC%20Epalinges?Lng=fr\" target=\"_blank\" rel=\"noopener noreferrer\">occupations des courts<\/a> par internet..<br \/>\nSachez cependant que <strong>2 courts sur 5 restent en g\u00e9n\u00e9ral \u00e0 disposition des membres<\/strong> lors des rencontres adultes.<\/p>\n","protected":false},"excerpt":{"rendered":"<p>Voici les dates des rencontres IC de nos \u00e9quipes disput\u00e9es \u00e0 Epalinges. Adultes Date Horaire Equipe Adversaire Samedi 29 mai 09:00 &#8211; 15:00 2L Messieurs Rolle Dimanche 30 mai 09:00 [&hellip;]<\/p>\n","protected":false},"author":2,"featured_media":0,"parent":378,"menu_order":0,"comment_status":"closed","ping_status":"closed","template":"","meta":{"footnotes":""},"class_list":["post-376","page","type-page","status-publish","hentry"],"publishpress_future_action":{"enabled":false,"date":"2026-05-10 02:02:08","action":"change-status","newStatus":"draft","terms":[],"taxonomy":"","extraData":[]},"publishpress_future_workflow_manual_trigger":{"enabledWorkflows":[]},"_links":{"self":[{"href":"https:\/\/tcepalinges.ch\/wp2\/wp-json\/wp\/v2\/pages\/376","targetHints":{"allow":["GET"]}}],"collection":[{"href":"https:\/\/tcepalinges.ch\/wp2\/wp-json\/wp\/v2\/pages"}],"about":[{"href":"https:\/\/tcepalinges.ch\/wp2\/wp-json\/wp\/v2\/types\/page"}],"author":[{"embeddable":true,"href":"https:\/\/tcepalinges.ch\/wp2\/wp-json\/wp\/v2\/users\/2"}],"replies":[{"embeddable":true,"href":"https:\/\/tcepalinges.ch\/wp2\/wp-json\/wp\/v2\/comments?post=376"}],"version-history":[{"count":49,"href":"https:\/\/tcepalinges.ch\/wp2\/wp-json\/wp\/v2\/pages\/376\/revisions"}],"predecessor-version":[{"id":3198,"href":"https:\/\/tcepalinges.ch\/wp2\/wp-json\/wp\/v2\/pages\/376\/revisions\/3198"}],"up":[{"embeddable":true,"href":"https:\/\/tcepalinges.ch\/wp2\/wp-json\/wp\/v2\/pages\/378"}],"wp:attachment":[{"href":"https:\/\/tcepalinges.ch\/wp2\/wp-json\/wp\/v2\/media?parent=376"}],"curies":[{"name":"wp","href":"https:\/\/api.w.org\/{rel}","templated":true}]}}