{"id":2325,"date":"2018-03-25T14:45:33","date_gmt":"2018-03-25T12:45:33","guid":{"rendered":"https:\/\/tcepalinges.ch\/wp2\/?page_id=2325"},"modified":"2022-06-25T21:07:49","modified_gmt":"2022-06-25T19:07:49","slug":"coupe-romande","status":"publish","type":"page","link":"https:\/\/tcepalinges.ch\/wp2\/competition\/coupe-romande\/","title":{"rendered":"Coupe romande"},"content":{"rendered":"<div data-colibri-id=\"2325-c1\" class=\"style-1008 style-local-2325-c1 position-relative\">\n  <!---->\n  <div data-colibri-component=\"section\" data-colibri-id=\"2325-c2\" id=\"features\" class=\"h-section h-section-global-spacing d-flex align-items-lg-center align-items-md-center align-items-center style-1013 style-local-2325-c2 position-relative\">\n    <!---->\n    <!---->\n    <div class=\"h-section-grid-container h-section-boxed-container\">\n      <div data-colibri-id=\"2325-c5\" class=\"h-row-container gutters-row-lg-2 gutters-row-md-2 gutters-row-0 gutters-row-v-lg-2 gutters-row-v-md-2 gutters-row-v-2 style-1021 style-local-2325-c5 position-relative\">\n        <!---->\n        <div class=\"h-row justify-content-lg-center justify-content-md-center justify-content-center align-items-lg-stretch align-items-md-stretch align-items-stretch gutters-col-lg-2 gutters-col-md-2 gutters-col-0 gutters-col-v-lg-2 gutters-col-v-md-2 gutters-col-v-2\">\n          <!---->\n          <div class=\"h-column h-column-container d-flex h-col-lg-auto h-col-md-auto h-col-auto style-1022-outer style-local-2325-c6-outer\">\n            <div data-colibri-id=\"2325-c6\" class=\"d-flex h-flex-basis h-column__inner h-px-lg-2 h-px-md-2 h-px-2 v-inner-lg-2 v-inner-md-2 v-inner-2 style-1022 style-local-2325-c6 position-relative\">\n              <!---->\n              <!---->\n              <div class=\"w-100 h-y-container h-column__content h-column__v-align flex-basis-100 align-self-lg-start align-self-md-start align-self-start\">\n                <!---->\n                <div data-colibri-id=\"2325-c7\" class=\"h-global-transition-all h-heading style-1023 style-local-2325-c7 position-relative h-element\">\n                  <!---->\n                  <div class=\"h-heading__outer style-1023 style-local-2325-c7\">\n                    <!---->\n                    <!---->\n                    <h1 class=\"\">Coupe Romande<\/h1>\n                  <\/div>\n                <\/div>\n                <div data-colibri-id=\"2325-c8\" class=\"h-lead h-text h-text-component style-1024 style-local-2325-c8 position-relative h-element\">\n                  <!---->\n                  <!---->\n                  <div class=\"\">\n                    <p>Cette \u00e9preuve est une comp\u00e9tition mixte comprenant des simples dames, messieurs, doubles dames, double messieurs et doubles mixte\n                      <br>\n                    <\/p>\n                  <\/div>\n                <\/div>\n                <div data-colibri-id=\"2325-c9\" class=\"h-text h-text-component style-2008 style-local-2325-c9 position-relative h-element\">\n                  <!---->\n                  <!---->\n                  <div class=\"\">\n                    <p>Elle se joue durant la p\u00e9riode estivale apr\u00e8s la saison des interclubs. Les \u00e9quipes sont r\u00e9parties en groupes de 3 ou 4. Les meilleurs de chaque groupe disputent par la suite en septembre les 1\/2 finales et finale. Plus d&rsquo;infos sur\n                      le site de la\n                      <a href=\"http:\/\/www.couperomande.ch\" target=\"_blank\" style=\"color: rgb(35, 82, 124); font-family: &quot;Open Sans&quot;; font-weight: 400; font-size: 16px;\" class=\"customize-unpreviewable\" rel=\"noopener\">coupe romande<\/a>.<\/p>\n                    <p>Si vous \u00eates int\u00e9ress\u00e9, vous pouvez vous inscrire par\n                      <a href=\"blank\" target=\"_blank\" rel=\"noopener\">mail<\/a>&nbsp;en indiquant nom et pr\u00e9nom, adresse mail et no de portable, classement.<\/p>\n                  <\/div>\n                <\/div>\n                <div data-colibri-id=\"2325-c10\" class=\"h-x-container style-1019 style-local-2325-c10 position-relative h-element\">\n                  <!---->\n                  <div class=\"h-x-container-inner style-dynamic-2325-c10-group style-1019-spacing style-local-2325-c10-spacing\"><span class=\"h-button__outer style-424-outer style-local-2325-c11-outer d-inline-flex h-element\"><a h-use-smooth-scroll=\"true\" href=\"http:\/\/couperomande.ch\/actifs-2022\"  data-colibri-id=\"2325-c11\" class=\"d-flex w-100 align-items-center h-button justify-content-lg-center justify-content-md-center justify-content-center style-424 style-local-2325-c11 position-relative\"><!----><!----> <span>R\u00e9sultats saison<\/span><\/a>\n                    <\/span>\n                  <\/div>\n                <\/div>\n              <\/div>\n            <\/div>\n          <\/div>\n        <\/div>\n      <\/div>\n      <div data-colibri-id=\"2325-c3\" class=\"h-row-container gutters-row-lg-1 gutters-row-md-1 gutters-row-2 gutters-row-v-lg-1 gutters-row-v-md-1 gutters-row-v-2 style-1014 style-local-2325-c3 position-relative\">\n        <!---->\n        <div class=\"h-row justify-content-lg-center justify-content-md-center justify-content-center align-items-lg-stretch align-items-md-stretch align-items-stretch gutters-col-lg-1 gutters-col-md-1 gutters-col-2 gutters-col-v-lg-1 gutters-col-v-md-1 gutters-col-v-2\">\n          <!---->\n          <div class=\"h-column h-column-container d-flex h-col-lg-12 h-col-md-6 h-col-12 style-1578-outer style-local-2325-c4-outer\">\n            <div data-colibri-id=\"2325-c4\" class=\"d-flex h-flex-basis h-column__inner h-ui-empty-state-container h-px-lg-1 h-px-md-1 h-px-1 v-inner-lg-1 v-inner-md-1 v-inner-1 style-1578 style-local-2325-c4 position-relative\">\n              <!---->\n              <!---->\n              <div class=\"w-100 h-y-container h-column__content h-column__v-align flex-basis-100\">\n                <!---->\n              <\/div>\n            <\/div>\n          <\/div>\n        <\/div>\n      <\/div>\n    <\/div>\n  <\/div>\n<\/div>","protected":false},"excerpt":{"rendered":"<p>Coupe Romande Cette \u00e9preuve est une comp\u00e9tition mixte comprenant des simples dames, messieurs, doubles dames, double messieurs et doubles mixte Elle se joue durant la p\u00e9riode estivale apr\u00e8s la saison [&hellip;]<\/p>\n","protected":false},"author":2,"featured_media":0,"parent":485,"menu_order":0,"comment_status":"closed","ping_status":"closed","template":"page-templates\/full-width-page.php","meta":{"footnotes":""},"class_list":["post-2325","page","type-page","status-publish","hentry"],"publishpress_future_action":{"enabled":false,"date":"2026-04-24 05:06:08","action":"change-status","newStatus":"draft","terms":[],"taxonomy":"","extraData":[]},"publishpress_future_workflow_manual_trigger":{"enabledWorkflows":[]},"_links":{"self":[{"href":"https:\/\/tcepalinges.ch\/wp2\/wp-json\/wp\/v2\/pages\/2325","targetHints":{"allow":["GET"]}}],"collection":[{"href":"https:\/\/tcepalinges.ch\/wp2\/wp-json\/wp\/v2\/pages"}],"about":[{"href":"https:\/\/tcepalinges.ch\/wp2\/wp-json\/wp\/v2\/types\/page"}],"author":[{"embeddable":true,"href":"https:\/\/tcepalinges.ch\/wp2\/wp-json\/wp\/v2\/users\/2"}],"replies":[{"embeddable":true,"href":"https:\/\/tcepalinges.ch\/wp2\/wp-json\/wp\/v2\/comments?post=2325"}],"version-history":[{"count":21,"href":"https:\/\/tcepalinges.ch\/wp2\/wp-json\/wp\/v2\/pages\/2325\/revisions"}],"predecessor-version":[{"id":9856,"href":"https:\/\/tcepalinges.ch\/wp2\/wp-json\/wp\/v2\/pages\/2325\/revisions\/9856"}],"up":[{"embeddable":true,"href":"https:\/\/tcepalinges.ch\/wp2\/wp-json\/wp\/v2\/pages\/485"}],"wp:attachment":[{"href":"https:\/\/tcepalinges.ch\/wp2\/wp-json\/wp\/v2\/media?parent=2325"}],"curies":[{"name":"wp","href":"https:\/\/api.w.org\/{rel}","templated":true}]}}