{"id":1873,"date":"2016-03-16T14:50:20","date_gmt":"2016-03-16T13:50:20","guid":{"rendered":"https:\/\/tcepalinges.ch\/wp2\/?page_id=1873"},"modified":"2022-06-10T00:09:50","modified_gmt":"2022-06-09T22:09:50","slug":"tournoi-juniors-du-jeune","status":"publish","type":"page","link":"https:\/\/tcepalinges.ch\/wp2\/tournois\/tournoi-juniors-du-jeune\/","title":{"rendered":"Tournoi juniors du je\u00fbne"},"content":{"rendered":"<div data-colibri-id=\"1873-c1\" class=\"style-1203 style-local-1873-c1 position-relative\">\n  <!---->\n  <div data-colibri-component=\"section\" data-colibri-id=\"1873-c2\" id=\"features\" class=\"h-section h-section-global-spacing d-flex align-items-lg-center align-items-md-center align-items-center style-1208 style-local-1873-c2 position-relative\">\n    <!---->\n    <!---->\n    <div class=\"h-section-grid-container h-section-boxed-container\">\n      <div data-colibri-id=\"1873-c10\" class=\"h-row-container gutters-row-lg-2 gutters-row-md-2 gutters-row-0 gutters-row-v-lg-2 gutters-row-v-md-2 gutters-row-v-2 style-1216 style-local-1873-c10 position-relative\">\n        <!---->\n        <div class=\"h-row justify-content-lg-center justify-content-md-center justify-content-center align-items-lg-stretch align-items-md-stretch align-items-stretch gutters-col-lg-2 gutters-col-md-2 gutters-col-0 gutters-col-v-lg-2 gutters-col-v-md-2 gutters-col-v-2\">\n          <!---->\n          <div class=\"h-column h-column-container d-flex h-col-lg-auto h-col-md-auto h-col-auto style-1217-outer style-local-1873-c11-outer\">\n            <div data-colibri-id=\"1873-c11\" class=\"d-flex h-flex-basis h-column__inner h-px-lg-2 h-px-md-2 h-px-2 v-inner-lg-2 v-inner-md-2 v-inner-2 style-1217 style-local-1873-c11 position-relative\">\n              <!---->\n              <!---->\n              <div class=\"w-100 h-y-container h-column__content h-column__v-align flex-basis-100 align-self-lg-start align-self-md-start align-self-start\">\n                <!---->\n                <div data-colibri-id=\"1873-c12\" class=\"h-global-transition-all h-heading style-1218 style-local-1873-c12 position-relative h-element\">\n                  <!---->\n                  <div class=\"h-heading__outer style-1218 style-local-1873-c12\">\n                    <!---->\n                    <!---->\n                    <h1 class=\"\">Tournoi juniors du je\u00fbne<\/h1>\n                  <\/div>\n                <\/div>\n                <div data-colibri-id=\"1873-c13\" class=\"h-lead h-text h-text-component style-1219 style-local-1873-c13 position-relative h-element\">\n                  <!---->\n                  <!---->\n                  <div class=\"\">\n                    <p>Afin de bien finir la saison, nous organisons un tournoi r\u00e9serv\u00e9 aux garcons 12&amp;u et 14&amp;U.<\/p>\n                  <\/div>\n                <\/div>\n              <\/div>\n            <\/div>\n          <\/div>\n        <\/div>\n      <\/div>\n      <div data-colibri-id=\"1873-c3\" class=\"h-row-container gutters-row-lg-2 gutters-row-md-2 gutters-row-2 gutters-row-v-lg-2 gutters-row-v-md-2 gutters-row-v-2 style-1209 style-local-1873-c3 position-relative\">\n        <!---->\n        <div class=\"h-row justify-content-lg-center justify-content-md-center justify-content-center align-items-lg-stretch align-items-md-stretch align-items-stretch gutters-col-lg-2 gutters-col-md-2 gutters-col-2 gutters-col-v-lg-2 gutters-col-v-md-2 gutters-col-v-2\">\n          <!---->\n          <div class=\"h-column h-column-container d-flex h-col-lg-12 h-col-md-6 h-col-12 style-1210-outer style-local-1873-c4-outer\">\n            <div data-colibri-id=\"1873-c4\" class=\"d-flex h-flex-basis h-column__inner h-px-lg-3 h-px-md-3 h-px-2 v-inner-lg-3 v-inner-md-3 v-inner-2 style-1210 style-local-1873-c4 position-relative\">\n              <!---->\n              <!---->\n              <div class=\"w-100 h-y-container h-column__content h-column__v-align flex-basis-100 align-self-lg-center align-self-md-center align-self-center\">\n                <!---->\n                <div data-colibri-id=\"1873-c5\" class=\"h-icon style-1211 style-local-1873-c5 position-relative h-element\">\n                  <!----><span class=\"h-svg-icon h-icon__icon style-1211-icon style-local-1873-c5-icon\"><!--Icon by Icons8 Line Awesome (https:\/\/icons8.com\/line-awesome)--><svg version=\"1.1\" xmlns=\"http:\/\/www.w3.org\/2000\/svg\" xmlns:xlink=\"http:\/\/www.w3.org\/1999\/xlink\" id=\"connectdevelop\" viewBox=\"0 0 512 545.5\"><path d=\"M146.5 99h219l4.5 8 100 174.5 4.5 8-4.5 8L370 472l-4.5 8h-219l-4.5-8L42 297.5l-4.5-8 4.5-8L142 107zm39 32l25 26 73-26h-98zm146 0L223 169.5l35 36.5zm-167 1.5l-.5 1V174l30.5-11zm184.5 3l-79.5 82 57 59L391 208zm-201 26L135 184l13-4.5v-18zm58.5 14L164 191v62l23.5 25 59.5-60.5zm-58.5 21l-25.5 9-1 2L148 236v-39.5zM113 222l-38.5 67.5 38 66L148 319v-59.5zm285 2l-60.5 64 38.5 39.5zm-140 5l-59.5 61 57.5 61 59.5-63zm152.5 13.5l-20.5 99 11 11.5 36.5-63.5zm-246.5 34v26l12.5-13zm162.5 23L267 363l8.5 9H367l5.5-25.5zm-139 2L164 325v47h72l9-9zm-39.5 40L120.5 370l1.5 2h26v-30.5zm238 19l-2.5 11.5h6.5l2.5-4.5zM131 388l17 29.5V388h-17zm33 0v57.5l1 2 56-59.5h-57zm79 0l-56.5 60h138l-56-60H243zm47.5 0l56 60 7-12 10-48h-73zm89.5 0l-.5 2.5 1.5-2.5h-1z\"><\/path><\/svg><\/span><\/div>\n                <div\n                  data-colibri-id=\"1873-c6\" class=\"h-global-transition-all h-heading style-1212 style-local-1873-c6 position-relative h-element\">\n                  <!---->\n                  <div class=\"h-heading__outer style-1212 style-local-1873-c6\">\n                    <!---->\n                    <!---->\n                    <h4 class=\"\">Tournoi a epalinges pendant le jeune vaudois du 17.09 au 19.09<\/h4>\n                  <\/div>\n              <\/div>\n              <div data-colibri-id=\"1873-c7\" class=\"h-text h-text-component style-1213 style-local-1873-c7 position-relative h-element\">\n                <!---->\n                <!---->\n                <div class=\"\">\n                  <p>Organisateur : TC Epalinges<\/p>\n                  <p>A venir<\/p>\n                  <p>Chemin Bois-de-Ban<\/p>\n                  <p>CH-1066&nbsp;Epalinges<\/p>\n                  <p>T\u00e9l\u00e9phone P: +41 21 784 xx xx, Natel : +41 78 625 xx xx<\/p>\n                  <p>Mail :&nbsp;&nbsp;&nbsp;\n                    <a href=\"mailto:info@tcepalinges.ch\" style=\"color: rgb(51, 51, 51); font-size: 15px; font-weight: 400; font-family: &quot;Open Sans&quot;;\">info@tcepalinges.ch<\/a>\n                  <\/p>\n                <\/div>\n              <\/div>\n              <div data-colibri-id=\"1873-c8\" class=\"h-x-container style-1214 style-local-1873-c8 position-relative h-element\">\n                <!---->\n                <div class=\"h-x-container-inner style-dynamic-1873-c8-group style-1214-spacing style-local-1873-c8-spacing\"><span class=\"h-button__outer style-1215-outer style-local-1873-c9-outer d-inline-flex h-element\"><a h-use-smooth-scroll=\"true\" href=\"https:\/\/comp.swisstennis.ch\/advantage\/servlet\/TournamentDisplay?tournament=Id129781&amp;Lang=F\"  data-colibri-id=\"1873-c9\" class=\"d-flex w-100 align-items-center h-button justify-content-lg-center justify-content-md-center justify-content-center style-1215 style-local-1873-c9 position-relative\"><!----><!----> <span>Inscriptions<\/span><\/a>\n                  <\/span>\n                <\/div>\n              <\/div>\n            <\/div>\n          <\/div>\n        <\/div>\n      <\/div>\n    <\/div>\n  <\/div>\n<\/div>\n<\/div>","protected":false},"excerpt":{"rendered":"<p>Tournoi juniors du je\u00fbne Afin de bien finir la saison, nous organisons un tournoi r\u00e9serv\u00e9 aux garcons 12&amp;u et 14&amp;U. Tournoi a epalinges pendant le jeune vaudois du 17.09 au [&hellip;]<\/p>\n","protected":false},"author":2,"featured_media":0,"parent":2322,"menu_order":0,"comment_status":"closed","ping_status":"closed","template":"page-templates\/full-width-page.php","meta":{"footnotes":""},"class_list":["post-1873","page","type-page","status-publish","hentry"],"publishpress_future_action":{"enabled":false,"date":"2026-04-12 18:25:04","action":"change-status","newStatus":"draft","terms":[],"taxonomy":"","extraData":[]},"publishpress_future_workflow_manual_trigger":{"enabledWorkflows":[]},"_links":{"self":[{"href":"https:\/\/tcepalinges.ch\/wp2\/wp-json\/wp\/v2\/pages\/1873","targetHints":{"allow":["GET"]}}],"collection":[{"href":"https:\/\/tcepalinges.ch\/wp2\/wp-json\/wp\/v2\/pages"}],"about":[{"href":"https:\/\/tcepalinges.ch\/wp2\/wp-json\/wp\/v2\/types\/page"}],"author":[{"embeddable":true,"href":"https:\/\/tcepalinges.ch\/wp2\/wp-json\/wp\/v2\/users\/2"}],"replies":[{"embeddable":true,"href":"https:\/\/tcepalinges.ch\/wp2\/wp-json\/wp\/v2\/comments?post=1873"}],"version-history":[{"count":7,"href":"https:\/\/tcepalinges.ch\/wp2\/wp-json\/wp\/v2\/pages\/1873\/revisions"}],"predecessor-version":[{"id":6312,"href":"https:\/\/tcepalinges.ch\/wp2\/wp-json\/wp\/v2\/pages\/1873\/revisions\/6312"}],"up":[{"embeddable":true,"href":"https:\/\/tcepalinges.ch\/wp2\/wp-json\/wp\/v2\/pages\/2322"}],"wp:attachment":[{"href":"https:\/\/tcepalinges.ch\/wp2\/wp-json\/wp\/v2\/media?parent=1873"}],"curies":[{"name":"wp","href":"https:\/\/api.w.org\/{rel}","templated":true}]}}