{"id":16596,"date":"2026-02-17T22:05:13","date_gmt":"2026-02-17T21:05:13","guid":{"rendered":"https:\/\/tcepalinges.ch\/wp2\/?page_id=16596"},"modified":"2026-02-17T22:14:01","modified_gmt":"2026-02-17T21:14:01","slug":"soiree_pizzas","status":"publish","type":"page","link":"https:\/\/tcepalinges.ch\/wp2\/tournois\/soiree_pizzas\/","title":{"rendered":"Soir\u00e9es pizzas et autres au TCE"},"content":{"rendered":"<div data-colibri-id=\"16596-c1\" class=\"style-2550 style-local-16596-c1 position-relative\">\n  <!---->\n  <div data-colibri-component=\"section\" data-colibri-id=\"16596-c2\" id=\"features\" class=\"h-section h-section-global-spacing d-flex align-items-lg-center align-items-md-center align-items-center style-2551 style-local-16596-c2 position-relative\">\n    <!---->\n    <!---->\n    <div class=\"h-section-grid-container h-section-boxed-container\">\n      <div data-colibri-id=\"16596-c9\" class=\"h-row-container gutters-row-lg-2 gutters-row-md-2 gutters-row-0 gutters-row-v-lg-2 gutters-row-v-md-2 gutters-row-v-2 style-2560 style-local-16596-c9 position-relative\">\n        <!---->\n        <div class=\"h-row justify-content-lg-center justify-content-md-center justify-content-center align-items-lg-stretch align-items-md-stretch align-items-stretch gutters-col-lg-2 gutters-col-md-2 gutters-col-0 gutters-col-v-lg-2 gutters-col-v-md-2 gutters-col-v-2\">\n          <!---->\n          <div class=\"h-column h-column-container d-flex h-col-lg-auto h-col-md-auto h-col-auto style-2561-outer style-local-16596-c10-outer\">\n            <div data-colibri-id=\"16596-c10\" class=\"d-flex h-flex-basis h-column__inner h-px-lg-2 h-px-md-2 h-px-2 v-inner-lg-2 v-inner-md-2 v-inner-2 style-2561 style-local-16596-c10 position-relative\">\n              <!---->\n              <!---->\n              <div class=\"w-100 h-y-container h-column__content h-column__v-align flex-basis-100 align-self-lg-start align-self-md-start align-self-start\">\n                <!---->\n                <div data-colibri-id=\"16596-c11\" class=\"h-global-transition-all h-heading style-2562 style-local-16596-c11 position-relative h-element\">\n                  <!---->\n                  <div class=\"h-heading__outer style-2562 style-local-16596-c11\">\n                    <!---->\n                    <!---->\n                    <h1 class=\"\">Soir\u00e9es pizzas et autre au TCE<\/h1>\n                  <\/div>\n                <\/div>\n              <\/div>\n            <\/div>\n          <\/div>\n        <\/div>\n      <\/div>\n      <div data-colibri-id=\"16596-c3\" class=\"h-row-container gutters-row-lg-2 gutters-row-md-2 gutters-row-0 gutters-row-v-lg-2 gutters-row-v-md-2 gutters-row-v-2 style-2552 style-local-16596-c3 position-relative\">\n        <!---->\n        <div class=\"h-row justify-content-lg-center justify-content-md-center justify-content-center align-items-lg-stretch align-items-md-stretch align-items-stretch gutters-col-lg-2 gutters-col-md-2 gutters-col-0 gutters-col-v-lg-2 gutters-col-v-md-2 gutters-col-v-2\">\n          <!---->\n          <div class=\"h-column h-column-container d-flex h-col-lg-auto h-col-md-auto h-col-auto style-2553-outer style-local-16596-c4-outer\">\n            <div data-colibri-id=\"16596-c4\" class=\"d-flex h-flex-basis h-column__inner h-px-lg-2 h-px-md-2 h-px-2 v-inner-lg-2 v-inner-md-2 v-inner-2 style-2553 style-local-16596-c4 position-relative\">\n              <!---->\n              <!---->\n              <div class=\"w-100 h-y-container h-column__content h-column__v-align flex-basis-100 align-self-lg-start align-self-md-start align-self-start\">\n                <!---->\n                <div data-colibri-id=\"16596-c5\" class=\"h-lead h-text h-text-component style-2554 style-local-16596-c5 position-relative h-element\">\n                  <!---->\n                  <!---->\n                  <div class=\"\">\n                    <p>\n                      <u style=\"font-family: &quot;Open Sans&quot;; font-weight: 400; color: rgb(247, 17, 7); font-size: 31.8px;\">Les inscriptions ne sont pas encore ouvertes pour 2026<\/u><strong><br><\/strong><\/p>\n                  <\/div>\n                <\/div>\n              <\/div>\n            <\/div>\n          <\/div>\n        <\/div>\n      <\/div>\n      <div data-colibri-id=\"16596-c6\" class=\"h-row-container gutters-row-lg-2 gutters-row-md-2 gutters-row-0 gutters-row-v-lg-2 gutters-row-v-md-2 gutters-row-v-2 style-2558 style-local-16596-c6 position-relative\">\n        <!---->\n        <div class=\"h-row justify-content-lg-center justify-content-md-center justify-content-center align-items-lg-stretch align-items-md-stretch align-items-stretch gutters-col-lg-2 gutters-col-md-2 gutters-col-0 gutters-col-v-lg-2 gutters-col-v-md-2 gutters-col-v-2\">\n          <!---->\n          <div class=\"h-column h-column-container d-flex h-col-lg-auto h-col-md-auto h-col-auto style-2559-outer style-local-16596-c7-outer\">\n            <div data-colibri-id=\"16596-c7\" class=\"d-flex h-flex-basis h-column__inner h-px-lg-2 h-px-md-2 h-px-2 v-inner-lg-2 v-inner-md-2 v-inner-2 style-2559 style-local-16596-c7 position-relative\">\n              <!---->\n              <!---->\n              <div class=\"w-100 h-y-container h-column__content h-column__v-align flex-basis-100 align-self-lg-start align-self-md-start align-self-start\">\n                <!---->\n                <div data-colibri-id=\"16596-c8\" class=\"h-text h-text-component style-2557 style-local-16596-c8 position-relative h-element\">\n                  <!---->\n                  <!---->\n                  <div class=\"\">\n                    <p>Floririano &amp; Dan , nos pizzaiolo et cuisiniers en chef, nous font le plaisir d\u2019\u00eatre devant le four \u00e0 bois les Mardi et Jeudi de facon r\u00e9guli\u00e8re d\u00e8s 19 heures ainsi que d\u2019organiser des repas ou soir\u00e9es tout au long de la saison\n                      suivant le planning ci dessous.<\/p>\n                    <p>Nous vous remercions de vous inscrire au moins 48 heures \u00e0 l\u2019avance de facon \u00e0 \u00e9viter du gaspillage et permettre \u00e0 nos cuisiniers de vous accueillir dans les meilleures conditions.<\/p>\n                    <p>Si pas assez d\u2019inscriptions 24h00 a l\u2019avance (moins de 5 personnes inscrites) le four a pizza ne sera pas allum\u00e9, ceci est aussi visible sur le calendriers des inscriptions ci dessous : plus de 25 places libres sur 30.<\/p>\n                    <p>Inscriptions r\u00e9serv\u00e9es aux membres et participants aux \u00e9v\u00e8nements du club :<\/p>\n                    \t\t<form id=\"bookacti-form-9-1634790384\" class=\"bookacti-booking-form bookacti-booking-form-9 \" autocomplete=\"off\" >\n\t\t\t\t<input type='hidden' name='form_id' value='9'\/>\n\t\t\t<input type='hidden' name='action' value='bookactiSubmitBookingForm'\/>\n\t\t\t<div class='bookacti-form-field-container bookacti-form-field-name-calendar bookacti-form-field-type-calendar bookacti-form-field-id-37' id='bookacti-form-field-calendar-37-form-9-1634790384' data-field-name=\"calendar\" data-field-type=\"calendar\" data-field-id=\"37\">\n\t\t\t<div class='bookacti-form-field-content' >\n\t\t\n\t<div class='bookacti-booking-system-container' id='bookacti-booking-system-form-9-1634790384-container'>\n\t\t<script>\n\t\t\t\/\/ Compatibility with Optimization plugins\n\t\t\tif( typeof bookacti === 'undefined' ) { var bookacti = { booking_system:[] }; }\n\t\t\tbookacti.booking_system[ 'bookacti-booking-system-form-9-1634790384' ] = {\"events\":[],\"events_data\":[],\"events_interval\":{\"start\":\"2026-04-04 13:40:13\",\"end\":\"2026-04-04 13:40:13\"},\"events_min_interval\":[],\"bookings\":[],\"groups_bookings\":[],\"booking_lists\":[],\"activities_data\":[],\"groups_events\":[],\"groups_data\":[],\"group_categories_data\":[],\"no_events\":0,\"id\":\"bookacti-booking-system-form-9-1634790384\",\"class\":\"\",\"hide_availability\":100,\"hide_calendar\":[\"none\"],\"calendars\":[2],\"activities\":[22,23,21,19],\"group_categories\":[\"none\"],\"groups_only\":0,\"groups_single_events\":0,\"groups_first_event_only\":0,\"multiple_bookings\":0,\"bookings_only\":0,\"tooltip_booking_list\":0,\"tooltip_booking_list_columns\":[],\"status\":[],\"user_id\":[],\"method\":\"calendar\",\"auto_load\":0,\"display_period\":{\"start\":\"2026-04-06 13:40:13\",\"end\":\"2026-07-13 13:40:13\"},\"availability_period\":{\"start\":\"2026-04-06 13:40:13\",\"end\":\"2026-07-13 13:40:13\"},\"start\":\"2026-04-06 13:40:13\",\"end\":\"2026-07-13 13:40:13\",\"trim\":1,\"out_of_period_events\":0,\"past_events\":0,\"past_events_bookable\":0,\"use_global_days_off\":0,\"days_off\":[],\"check_roles\":1,\"picked_events\":[],\"form_id\":9,\"form_action\":\"default\",\"when_perform_form_action\":\"on_submit\",\"select_first_event\":0,\"redirect_url_by_activity\":[],\"redirect_url_by_group_category\":[],\"display_data\":{\"slotMinTime\":\"08:00\",\"slotMaxTime\":\"23:00\"},\"context\":\"\",\"custom_dataset\":\"\"};\n\t\t<\/script>\n\t\t\t\t\n\t\t<div class='bookacti-booking-system-inputs'>\n\t\t\t\t\t<\/div>\n\t\t\n\t\t\t\t\n\t\t<div id='bookacti-booking-system-form-9-1634790384' class='bookacti-booking-system '>\n\t\t\t\t\t<div class='bookacti-calendar-title bookacti-booking-system-title '>\n\t\t\tChoisissez un \u00e9v\u00e8nement sur le calendrier\u00a0:\t\t<\/div>\n\t\t<div class='bookacti-calendar '><\/div>\n\t\t\t<\/div>\n\t\t\n\t\t\t\t\n\t\t<div class='bookacti-picked-events' style='display:none;'>\n\t\t\t<div class='bookacti-picked-events-list-title'><\/div>\n\t\t\t<ul class='bookacti-picked-events-list bookacti-custom-scrollbar'>\n\t\t\t\t\t\t\t<\/ul>\n\t\t<\/div>\n\t\t\n\t\t<div class='bookacti-notices' style='display:none;'>\n\t\t\t\t\t<\/div>\n\t\t\n\t\t<div class='bookacti-tooltips-container'>\n\t\t\t\t\t<\/div>\n\t\t\n\t\t\t<\/div>\n\t<div id='bookacti-booking-system-form-9-1634790384-dialogs' class='bookacti-booking-system-dialogs'>\n\t\t\t<!-- Choose a group of events -->\n\t<div id='bookacti-booking-system-form-9-1634790384-choose-group-of-events-dialog' \n\t\t data-booking-system-id='bookacti-booking-system-form-9-1634790384' \n\t\t class='bookacti-backend-dialog bookacti-choose-group-of-events-dialog bookacti-booking-system-dialog' \n\t\t title='Cet \u00e9v\u00e8nement est disponible dans plusieurs groupes' \n\t\t style='display:none;' >\n\t\tQuel groupe d&#039;\u00e9v\u00e8nements voulez-vous s\u00e9lectionner&nbsp;?\t\t<div id='bookacti-booking-system-form-9-1634790384-groups-of-events-list' class='bookacti-groups-of-events-list' ><\/div>\n\t<\/div>\n\n\t\t<\/div>\n\t\t\t<\/div>\n\t<\/div>\n\t<div class='bookacti-form-field-container bookacti-form-field-name-login bookacti-form-field-type-login bookacti-form-field-id-38 bookacti-user-is-not-logged-in' id='bookacti-form-field-login-38-form-9-1634790384' data-field-name=\"login\" data-field-type=\"login\" data-field-id=\"38\">\r\n\t\t\t\t<div class='bookacti-form-field-login-field-container bookacti-login-field-login-type bookacti-custom-radio-button-container bookacti-login-types-hidden' data-field-name='login_type'>\r\n\t\t\t\t\t\t<div class='bookacti-login-type-container bookacti-custom-radio-button bookacti-login-type-no_account' data-separator='ou'>\r\n\t\t\t\t\t<input type='radio' name='login_type' value='no_account' id='bookacti-form-9-1634790384-login-type-no_account' required  checked='checked'\/>\r\n\t\t\t\t\t<label for='bookacti-form-9-1634790384-login-type-no_account' \r\n\t\t\t\t\t\t   \r\n\t\t\t\t\t>\r\n\t\t\t\t\tR\u00e9server sans compte\t\t\t\t\t<\/label>\r\n\t\t\t\t<\/div>\r\n\t\t\t\t\t\t\t<\/div>\r\n\t\t\t\t<div class='bookacti-user-data-fields'>\r\n\t\t\t<div class='bookacti-log-in-fields'>\r\n\t\t\t\t\t\t\t\t<div class='bookacti-form-field-login-field-container bookacti-login-field-email' id='bookacti-form-field-login-38-form-9-1634790384-email-container' data-field-name='email' data-field-type='email'>\r\n\t\t\t\t\t<div class='bookacti-form-field-label' >\r\n\t\t\t\t\t\t<label for='bookacti-form-field-login-38-form-9-1634790384-email' >\r\n\t\t\t\t\t\t\tE-mail\t\t\t\t\t\t\t<span class='bookacti-required-field-indicator' title='Champ obligatoire'><\/span>\r\n\t\t\t\t\t\t<\/label>\r\n\t\t\t\t\t\t\t\t\t\t<\/div>\r\n\t\t\t\t\t<div class='bookacti-form-field-content' >\r\n\t\t\t\t\t\t\t<input type='text' \r\n\t\t\t\tname='email' \r\n\t\t\t\tvalue='' \r\n\t\t\t\tautocomplete='off'\r\n\t\t\t\tid='bookacti-form-field-login-38-form-9-1634790384-email' \r\n\t\t\t\tclass='bookacti-input bookacti-form-field bookacti-email bookacti-required-field' \r\n\t\t\t\t\t\t\tplaceholder='' \r\n\t\t\t required\t\t\/>\r\n\t\t\t\t\t\t<\/div>\r\n\t\t\t\t\t\t\t\t\t<\/div>\r\n\t\t\t\t<div class='bookacti-form-field-login-field-container bookacti-login-field-password ' id='bookacti-form-field-login-38-form-9-1634790384-password-container' data-field-name='password' data-field-type='password'>\r\n\t\t\t\t\t<div class='bookacti-form-field-label' >\r\n\t\t\t\t\t\t<label for='bookacti-form-field-login-38-form-9-1634790384-password' >\r\n\t\t\t\t\t\t\tMot de passe\t\t\t\t\t\t\t<span class='bookacti-required-field-indicator' title='Champ obligatoire'><\/span>\r\n\t\t\t\t\t\t<\/label>\r\n\t\t\t\t\t\t\t\t\t\t<\/div>\r\n\t\t\t\t\t<div class='bookacti-form-field-content' >\r\n\t\t\t\t\t\t\t<input type='password' \r\n\t\t\t\tname='password' \r\n\t\t\t\tvalue='' \r\n\t\t\t\tautocomplete='off'\r\n\t\t\t\tid='bookacti-form-field-login-38-form-9-1634790384-password' \r\n\t\t\t\tclass='bookacti-input bookacti-form-field bookacti-password bookacti-required-field' \r\n\t\t\t\t\t\t\tplaceholder='' \r\n\t\t\t required\t\t\/>\r\n\t\t\t\t\t\t\t\t<div class='bookacti-password-strength' style='display:none;'>\r\n\t\t\t\t\t\t\t\t<span class='bookacti-password-strength-meter'><\/span>\r\n\t\t\t\t\t\t\t\t<input type='hidden' name='password_strength' class='bookacti-password_strength' value='0' min='4' \/>\r\n\t\t\t\t\t\t\t<\/div>\r\n\t\t\t\t\t\t\t\t\t\t\t\t<\/div>\r\n\t\t\t\t\t\t\t\t\t<\/div>\r\n\t\t\t\t\t\t\t\t<div class='bookacti-form-field-login-field-container bookacti-login-field-remember' id='bookacti-form-field-login-38-form-9-1634790384-remember-container' data-field-name='remember' data-field-type='checkbox'>\r\n\t\t\t\t\t<div class='bookacti-form-field-label' >\r\n\t\t\t\t\t\t<label for='bookacti-form-field-login-38-form-9-1634790384-remember'>\r\n\t\t\t\t\t\t\tSe souvenir de moi\t\t\t\t\t\t<\/label>\r\n\t\t\t\t\t\t\t\t\t\t<\/div>\r\n\t\t\t\t\t<div class='bookacti-form-field-content'>\r\n\t\t\t\t\t\t\t<div class='bookacti-onoffswitch' >\r\n\t\t\t\t\t\t<input type='hidden' name='remember' value='0' class='bookacti-onoffswitch-hidden-input'\/>\r\n\t\t\t\t\t\t<input type='checkbox' \r\n\t\t\t\t   name='remember'\r\n\t\t\t\t   id='bookacti-form-field-login-38-form-9-1634790384-remember'\r\n\t\t\t\t   class='bookacti-input bookacti-onoffswitch-checkboxbookacti-form-field bookacti-remember' \r\n\t\t\t\t   autocomplete='off'\r\n\t\t\t\t   value='1' \r\n\t\t\t\t\t\t\t\/>\r\n\t\t\t\t\t\t<div class='bookacti-onoffswitch-knobs'><\/div>\r\n\t\t\t<div class='bookacti-onoffswitch-layer'><\/div>\r\n\t\t<\/div>\r\n\t\t\t\t\t\t\t<\/div>\r\n\t\t\t\t\t\t\t\t\t<\/div>\r\n\t\t\t\t\t\t\t<\/div>\r\n\t\t\t\t\t\t\t\t<div class='bookacti-register-fields' id='bookacti-form-field-login-38-form-9-1634790384-register-fields' style='display:none;' >\r\n\t\t\t\t\t\t\t\t\t\t\t\t\t\t<div class='bookacti-form-field-login-field-container bookacti-login-field-first_name' id='bookacti-form-field-login-38-form-9-1634790384-first_name-container' data-field-name='first_name' data-field-type='text'>\r\n\t\t\t\t\t\t\t\t\t\t\t\t\t\t\t\t\t\t\t<div class='bookacti-form-field-label' >\r\n\t\t\t\t\t\t\t\t\t\t\t<label for='bookacti-form-field-login-38-form-9-1634790384-first_name' >\r\n\t\t\t\t\t\t\t\t\t\t\tPr\u00e9nom\t\t\t\t\t\t\t\t\t\t\t<\/label>\r\n\t\t\t\t\t\t\t\t\t\t\t\t\t\t\t\t\t\t\t\t<\/div>\r\n\t\t\t\t\t\t\t\t\t\t\t\t\t\t\t\t\t\t<div class='bookacti-form-field-content' >\r\n\t\t\t\t\t\t\t\t\t\t\t<input type='text' \r\n\t\t\t\tname='first_name' \r\n\t\t\t\tvalue='' \r\n\t\t\t\tautocomplete='off'\r\n\t\t\t\tid='bookacti-form-field-login-38-form-9-1634790384-first_name' \r\n\t\t\t\tclass='bookacti-input bookacti-form-field bookacti-first_name' \r\n\t\t\t\t\t\t\tplaceholder='' \r\n\t\t\t\t\t\/>\r\n\t\t\t\t\t\t\t\t\t\t<\/div>\r\n\t\t\t\t\t\t\t\t\t\t\t\t\t\t\t\t\t<\/div>\r\n\t\t\t\t\t\t\t\t\t\t\t\t\t\t\t<div class='bookacti-form-field-login-field-container bookacti-login-field-last_name' id='bookacti-form-field-login-38-form-9-1634790384-last_name-container' data-field-name='last_name' data-field-type='text'>\r\n\t\t\t\t\t\t\t\t\t\t\t\t\t\t\t\t\t\t\t<div class='bookacti-form-field-label' >\r\n\t\t\t\t\t\t\t\t\t\t\t<label for='bookacti-form-field-login-38-form-9-1634790384-last_name' >\r\n\t\t\t\t\t\t\t\t\t\t\tNom\t\t\t\t\t\t\t\t\t\t\t<\/label>\r\n\t\t\t\t\t\t\t\t\t\t\t\t\t\t\t\t\t\t\t\t<\/div>\r\n\t\t\t\t\t\t\t\t\t\t\t\t\t\t\t\t\t\t<div class='bookacti-form-field-content' >\r\n\t\t\t\t\t\t\t\t\t\t\t<input type='text' \r\n\t\t\t\tname='last_name' \r\n\t\t\t\tvalue='' \r\n\t\t\t\tautocomplete='off'\r\n\t\t\t\tid='bookacti-form-field-login-38-form-9-1634790384-last_name' \r\n\t\t\t\tclass='bookacti-input bookacti-form-field bookacti-last_name' \r\n\t\t\t\t\t\t\tplaceholder='' \r\n\t\t\t\t\t\/>\r\n\t\t\t\t\t\t\t\t\t\t<\/div>\r\n\t\t\t\t\t\t\t\t\t\t\t\t\t\t\t\t\t<\/div>\r\n\t\t\t\t\t\t\t\t\t\t\t\t\t\t\t<div class='bookacti-form-field-login-field-container bookacti-login-field-phone' id='bookacti-form-field-login-38-form-9-1634790384-phone-container' data-field-name='phone' data-field-type='tel'>\r\n\t\t\t\t\t\t\t\t\t\t\t\t\t\t\t\t\t\t\t<div class='bookacti-form-field-label' >\r\n\t\t\t\t\t\t\t\t\t\t\t<label for='bookacti-form-field-login-38-form-9-1634790384-phone' >\r\n\t\t\t\t\t\t\t\t\t\t\tNum\u00e9ro de t\u00e9l\u00e9phone\t\t\t\t\t\t\t\t\t\t\t<\/label>\r\n\t\t\t\t\t\t\t\t\t\t\t\t\t\t\t\t\t\t\t\t<\/div>\r\n\t\t\t\t\t\t\t\t\t\t\t\t\t\t\t\t\t\t<div class='bookacti-form-field-content' >\r\n\t\t\t\t\t\t\t\t\t\t\t<input type='tel' \r\n\t\t\t\tname='phone' \r\n\t\t\t\tvalue='' \r\n\t\t\t\tautocomplete='off'\r\n\t\t\t\tid='bookacti-form-field-login-38-form-9-1634790384-phone' \r\n\t\t\t\tclass='bookacti-input bookacti-form-field bookacti-phone' \r\n\t\t\t\t\t\t\tplaceholder='' \r\n\t\t\t\t\t\/>\r\n\t\t\t\t\t\t\t\t\t\t<\/div>\r\n\t\t\t\t\t\t\t\t\t\t\t\t\t\t\t\t\t<\/div>\r\n\t\t\t\t\t\t\t\t\t\t\t\t<\/div>\r\n\t\t\t\t\t\t<\/div>\r\n\t<\/div>\r\n\t\t<div class='bookacti-form-field-container bookacti-form-field-name-quantity bookacti-form-field-type-quantity bookacti-form-field-id-39' id='bookacti-form-field-quantity-39-form-9-1634790384' data-field-name=\"quantity\" data-field-type=\"quantity\" data-field-id=\"39\">\n\t\t\t<div class='bookacti-form-field-label' >\n\t\t\t<label>\n\t\t\tPersonnes<span class=\"bookacti-required-field-indicator\" title=\"Champ obligatoire\"><\/span>\t\t\t<\/label>\n\t\t\t\t<\/div>\n\t\t\t<div class='bookacti-form-field-content' >\n\t\t\t\t<input type='number' \r\n\t\t\t\tname='quantity' \r\n\t\t\t\tvalue='1' \r\n\t\t\t\tautocomplete='off'\r\n\t\t\t\tid='af0690b8ab0a80e58a036ef2b164c61b' \r\n\t\t\t\tclass='bookacti-input bookacti-form-field bookacti-quantity' \r\n\t\t\t\t\t\t\tplaceholder='' \r\n\t\t\t\t\t\t\tmin='1' \r\n\t\t\t\tmax=''\r\n\t\t\t\tstep=''\r\n\t\t\t\t\t\/>\r\n\t\t\t<\/div>\n\t<\/div>\n\t<div class='bookacti-form-field-container bookacti-form-field-name-submit bookacti-form-field-type-submit bookacti-form-field-id-40' id='bookacti-form-field-submit-40-form-9-1634790384' data-field-name=\"submit\" data-field-type=\"submit\" data-field-id=\"40\">\r\n\t\t<input type='submit' class='bookacti-submit-form button' value='R\u00e9server'\/>\r\n\t\t<input type='button' class='bookacti-new-booking-button button' value='Faire une nouvelle r\u00e9servation' style='display:none;'\/>\r\n\t<\/div>\r\n\t\t\t\t<div class='bookacti-notices' style='display:none;'><\/div>\n\t\t\t<\/form>\n\t\n                    <p>\n                      <br>\n                    <\/p>\n                  <\/div>\n                <\/div>\n              <\/div>\n            <\/div>\n          <\/div>\n        <\/div>\n      <\/div>\n    <\/div>\n  <\/div>\n<\/div>","protected":false},"excerpt":{"rendered":"<p>Soir\u00e9es pizzas et autre au TCE Les inscriptions ne sont pas encore ouvertes pour 2026 Floririano &amp; Dan , nos pizzaiolo et cuisiniers en chef, nous font le plaisir d\u2019\u00eatre [&hellip;]<\/p>\n","protected":false},"author":3,"featured_media":0,"parent":2322,"menu_order":0,"comment_status":"closed","ping_status":"closed","template":"page-templates\/full-width-page.php","meta":{"footnotes":""},"class_list":["post-16596","page","type-page","status-publish","hentry"],"publishpress_future_action":{"enabled":false,"date":"2026-04-11 13:40:13","action":"change-status","newStatus":"draft","terms":[],"taxonomy":"","extraData":[]},"publishpress_future_workflow_manual_trigger":{"enabledWorkflows":[]},"_links":{"self":[{"href":"https:\/\/tcepalinges.ch\/wp2\/wp-json\/wp\/v2\/pages\/16596","targetHints":{"allow":["GET"]}}],"collection":[{"href":"https:\/\/tcepalinges.ch\/wp2\/wp-json\/wp\/v2\/pages"}],"about":[{"href":"https:\/\/tcepalinges.ch\/wp2\/wp-json\/wp\/v2\/types\/page"}],"author":[{"embeddable":true,"href":"https:\/\/tcepalinges.ch\/wp2\/wp-json\/wp\/v2\/users\/3"}],"replies":[{"embeddable":true,"href":"https:\/\/tcepalinges.ch\/wp2\/wp-json\/wp\/v2\/comments?post=16596"}],"version-history":[{"count":5,"href":"https:\/\/tcepalinges.ch\/wp2\/wp-json\/wp\/v2\/pages\/16596\/revisions"}],"predecessor-version":[{"id":16617,"href":"https:\/\/tcepalinges.ch\/wp2\/wp-json\/wp\/v2\/pages\/16596\/revisions\/16617"}],"up":[{"embeddable":true,"href":"https:\/\/tcepalinges.ch\/wp2\/wp-json\/wp\/v2\/pages\/2322"}],"wp:attachment":[{"href":"https:\/\/tcepalinges.ch\/wp2\/wp-json\/wp\/v2\/media?parent=16596"}],"curies":[{"name":"wp","href":"https:\/\/api.w.org\/{rel}","templated":true}]}}