{"id":11978,"date":"2023-05-07T17:39:28","date_gmt":"2023-05-07T15:39:28","guid":{"rendered":"https:\/\/tcepalinges.ch\/wp2\/?page_id=11978"},"modified":"2024-04-14T22:31:19","modified_gmt":"2024-04-14T20:31:19","slug":"interseniors","status":"publish","type":"page","link":"https:\/\/tcepalinges.ch\/wp2\/competition\/interseniors\/","title":{"rendered":"Interseniors"},"content":{"rendered":"<div data-colibri-id=\"11978-c1\" class=\"style-2294 style-local-11978-c1 position-relative\">\n  <!---->\n  <div data-colibri-component=\"section\" data-colibri-id=\"11978-c2\" id=\"features\" class=\"h-section h-section-global-spacing d-flex align-items-lg-center align-items-md-center align-items-center style-2295 style-local-11978-c2 position-relative\">\n    <!---->\n    <!---->\n    <div class=\"h-section-grid-container h-section-boxed-container\">\n      <div data-colibri-id=\"11978-c10\" class=\"h-row-container gutters-row-lg-2 gutters-row-md-2 gutters-row-0 gutters-row-v-lg-2 gutters-row-v-md-2 gutters-row-v-2 style-2303 style-local-11978-c10 position-relative\">\n        <!---->\n        <div class=\"h-row justify-content-lg-center justify-content-md-center justify-content-center align-items-lg-stretch align-items-md-stretch align-items-stretch gutters-col-lg-2 gutters-col-md-2 gutters-col-0 gutters-col-v-lg-2 gutters-col-v-md-2 gutters-col-v-2\">\n          <!---->\n          <div class=\"h-column h-column-container d-flex h-col-lg-auto h-col-md-auto h-col-auto style-2304-outer style-local-11978-c11-outer\">\n            <div data-colibri-id=\"11978-c11\" class=\"d-flex h-flex-basis h-column__inner h-px-lg-2 h-px-md-2 h-px-2 v-inner-lg-2 v-inner-md-2 v-inner-2 style-2304 style-local-11978-c11 position-relative\">\n              <!---->\n              <!---->\n              <div class=\"w-100 h-y-container h-column__content h-column__v-align flex-basis-100 align-self-lg-start align-self-md-start align-self-start\">\n                <!---->\n                <div data-colibri-id=\"11978-c12\" class=\"h-global-transition-all h-heading style-2305 style-local-11978-c12 position-relative h-element\">\n                  <!---->\n                  <div class=\"h-heading__outer style-2305 style-local-11978-c12\">\n                    <!---->\n                    <!---->\n                    <h1 class=\"\">Interseniors<\/h1>\n                  <\/div>\n                <\/div>\n                <div data-colibri-id=\"11978-c13\" class=\"h-lead h-text h-text-component style-2306 style-local-11978-c13 position-relative h-element\">\n                  <!---->\n                  <!---->\n                  <div class=\"\">\n                    <p><span style=\"color: rgb(23, 37, 42); font-family: &quot;Open Sans&quot;; font-size: 20px; font-weight: 400;\">Les Interseniors sont une comp\u00e9tition amicale entre clubs organis\u00e9e par l\u2019Association&nbsp;<\/span>\n                      <a href=\"https:\/\/www.vaud-tennis.ch\" target=\"_blank\" rel=\"noopener\" style=\"color: rgb(3, 169, 244); font-family: &quot;Open Sans&quot;; font-size: 20px; font-weight: 400;\" class=\"customize-unpreviewable\">Vaud Tennis<\/a><span style=\"color: rgb(23, 37, 42); font-family: &quot;Open Sans&quot;; font-size: 20px; font-weight: 400;\">&nbsp;(AVT).<\/span>\n                      <br>\n                    <\/p>\n                  <\/div>\n                <\/div>\n                <div data-colibri-id=\"11978-c14\" class=\"h-text h-text-component style-2307 style-local-11978-c14 position-relative h-element\">\n                  <!---->\n                  <!---->\n                  <div class=\"\">\n                    <p>D\u00e8s 2007, un mouvement seniors avec des seniors actifs et une responsable participant au comit\u00e9 de l\u2019association Vaud Tennis (Diane Bryois) prend racine.<\/p>\n                    <p>Par ce mouvement, Vaud Tennis d\u00e9sire&nbsp;:\n                      <br>\u2013&nbsp;Proposer aux seniors vaudois 50+, libres pendant les heures creuses, un programme de tennis alliant bien-\u00eatre et convivialit\u00e9&nbsp;;<\/p>\n                    <p>\u2013&nbsp;Favoriser les \u00e9changes entre seniors des clubs et entre ceux\u00b7celles des diff\u00e9rentes r\u00e9gions comme Gen\u00e8ve, Valais, FRIJUNE, etc.<\/p>\n                    <p>\u2013&nbsp;Cr\u00e9er d\u2019autres activit\u00e9s sociales comme des sorties en raquette avec fondue, des rencontres de tennis et jass, des voyages de tennis et thalassoth\u00e9rapie, etc.<\/p>\n                    <p>En 2008, l\u2019AVT lance son premier senior tour dans le canton, circuits de rencontres amicales hebdomadaires de doubles, le mardi matin dans diff\u00e9rents clubs du canton, rencontre ponctu\u00e9es d\u2019un ap\u00e9ritif et d\u2019un repas et, se d\u00e9roulant\n                      de juin \u00e0 septembre.<\/p>\n                    <p>En 2012 arrivent les interseniors du jeudi matin, sortes d\u2019interclubs des seniors r\u00e9unissant d\u2019abord huit clubs et aujourd\u2019hui seize \u00e9quipes<\/p>\n                    <p>Il est r\u00e9serv\u00e9 aux joueurs et joueuses des clubs vaudois licenci\u00e9es ou non de plus de 50 ans.&nbsp;Il se d\u00e9roule de fin avril a d\u00e9but juillet et regroupe une vingtaine d\u2019\u00e9quipes r\u00e9parties en deux groupes.<\/p>\n                    <p>Les rencontres se jouent en 4 doubles (1 double dames, 1 double homme et 2 doubles mixtes).<\/p>\n                    <p>Les dates des rencontres sont fix\u00e9es par Vaud Tennis les jeudis matin. Plus d\u2019infos sur le site de l\u2019association\n                      <a href=\"https:\/\/www.vaud-tennis.ch\/interseniors\" target=\"_blank\" class=\"customize-unpreviewable\" rel=\"noopener\">Vaud-tennis<\/a>.<\/p>\n                    <p>Chaque rencontre d\u00e9bute par un petit d\u00e9jeuner et est cl\u00f4tur\u00e9e par un agr\u00e9able ap\u00e9ro et diner dans une ambiance tr\u00e8s chaleureuse et sportive.<\/p>\n                    <p>Tous les s\u00e9niors int\u00e9ress\u00e9s \u00e0 participer \u00e0 cette comp\u00e9tition sont les bienvenus et peuvent se renseigner aupr\u00e8s de&nbsp;\n                      <a href=\"mailto:corinne.vbox@hotmail.com\" target=\"_blank\" style=\"color: rgb(34, 136, 181);\" rel=\"noopener\">Corinne Lafaye<\/a>, actuelle capitaine de l\u2019\u00e9quipe.<\/p>\n                  <\/div>\n                <\/div>\n              <\/div>\n            <\/div>\n          <\/div>\n        <\/div>\n      <\/div>\n      <div data-colibri-id=\"11978-c3\" class=\"h-row-container gutters-row-lg-2 gutters-row-md-2 gutters-row-2 gutters-row-v-lg-2 gutters-row-v-md-2 gutters-row-v-2 style-2296 style-local-11978-c3 position-relative\">\n        <!---->\n        <div class=\"h-row justify-content-lg-center justify-content-md-center justify-content-center align-items-lg-stretch align-items-md-stretch align-items-stretch gutters-col-lg-2 gutters-col-md-2 gutters-col-2 gutters-col-v-lg-2 gutters-col-v-md-2 gutters-col-v-2\">\n          <!---->\n          <div class=\"h-column h-column-container d-flex h-col-lg-4 h-col-md-6 h-col-12 style-2297-outer style-local-11978-c4-outer\">\n            <div data-colibri-id=\"11978-c4\" class=\"d-flex h-flex-basis h-column__inner h-px-lg-2 h-px-md-2 h-px-2 v-inner-lg-2 v-inner-md-2 v-inner-2 style-2297 style-local-11978-c4 position-relative\">\n              <!---->\n              <!---->\n              <div class=\"w-100 h-y-container h-column__content h-column__v-align flex-basis-100 align-self-lg-center align-self-md-center align-self-center\">\n                <!---->\n                <div data-colibri-id=\"11978-c5\" class=\"h-icon style-2298 style-local-11978-c5 position-relative h-element\">\n                  <!----><span class=\"h-svg-icon h-icon__icon style-2298-icon style-local-11978-c5-icon\"><!--Icon by Icons8 Line Awesome (https:\/\/icons8.com\/line-awesome)--><svg version=\"1.1\" xmlns=\"http:\/\/www.w3.org\/2000\/svg\" xmlns:xlink=\"http:\/\/www.w3.org\/1999\/xlink\" id=\"connectdevelop\" viewBox=\"0 0 512 545.5\"><path d=\"M146.5 99h219l4.5 8 100 174.5 4.5 8-4.5 8L370 472l-4.5 8h-219l-4.5-8L42 297.5l-4.5-8 4.5-8L142 107zm39 32l25 26 73-26h-98zm146 0L223 169.5l35 36.5zm-167 1.5l-.5 1V174l30.5-11zm184.5 3l-79.5 82 57 59L391 208zm-201 26L135 184l13-4.5v-18zm58.5 14L164 191v62l23.5 25 59.5-60.5zm-58.5 21l-25.5 9-1 2L148 236v-39.5zM113 222l-38.5 67.5 38 66L148 319v-59.5zm285 2l-60.5 64 38.5 39.5zm-140 5l-59.5 61 57.5 61 59.5-63zm152.5 13.5l-20.5 99 11 11.5 36.5-63.5zm-246.5 34v26l12.5-13zm162.5 23L267 363l8.5 9H367l5.5-25.5zm-139 2L164 325v47h72l9-9zm-39.5 40L120.5 370l1.5 2h26v-30.5zm238 19l-2.5 11.5h6.5l2.5-4.5zM131 388l17 29.5V388h-17zm33 0v57.5l1 2 56-59.5h-57zm79 0l-56.5 60h138l-56-60H243zm47.5 0l56 60 7-12 10-48h-73zm89.5 0l-.5 2.5 1.5-2.5h-1z\"><\/path><\/svg><\/span><\/div>\n                <div\n                  data-colibri-id=\"11978-c6\" class=\"h-global-transition-all h-heading style-2299 style-local-11978-c6 position-relative h-element\">\n                  <!---->\n                  <div class=\"h-heading__outer style-2299 style-local-11978-c6\">\n                    <!---->\n                    <!---->\n                    <h4 class=\"\">Equipe INTERSENIORS<\/h4>\n                  <\/div>\n              <\/div>\n              <div data-colibri-id=\"11978-c7\" class=\"h-text h-text-component style-2300 style-local-11978-c7 position-relative h-element\">\n                <!---->\n                <!---->\n                <div class=\"\">\n                  <p><strong>Capitaine&nbsp;<\/strong>: Corinne Lafaye<\/p>\n                  <p><strong>Joueurs&nbsp;<\/strong>: Isabelle Moullet, Gianna Bissat, Alessandra Marchetto, Serge Bissat, Jean-Jacques Badet, Ivan Stamenkovic, Andrea Testa, Jacques Imfeld, Sandra Hopp.<\/p>\n                  <p><strong>Cat\u00e9gorie&nbsp;<\/strong>: Non licenci\u00e9s ou licenci\u00e9s et plus de 50 ans<\/p>\n                <\/div>\n              <\/div>\n              <div data-colibri-id=\"11978-c8\" class=\"h-x-container style-2301 style-local-11978-c8 position-relative h-element\">\n                <!---->\n                <div class=\"h-x-container-inner style-dynamic-11978-c8-group style-2301-spacing style-local-11978-c8-spacing\"><span class=\"h-button__outer style-2302-outer style-local-11978-c9-outer d-inline-flex h-element\"><a h-use-smooth-scroll=\"true\" href=\"https:\/\/www.vaud-tennis.ch\/interseniors\/\"  data-colibri-id=\"11978-c9\" class=\"d-flex w-100 align-items-center h-button justify-content-lg-center justify-content-md-center justify-content-center style-2302 style-local-11978-c9 position-relative\"><!----><!----> <span>Infos<\/span><\/a>\n                  <\/span>\n                <\/div>\n              <\/div>\n            <\/div>\n          <\/div>\n        <\/div>\n      <\/div>\n    <\/div>\n  <\/div>\n<\/div>\n<\/div>","protected":false},"excerpt":{"rendered":"<p>Interseniors Les Interseniors sont une comp\u00e9tition amicale entre clubs organis\u00e9e par l\u2019Association&nbsp; Vaud Tennis&nbsp;(AVT). D\u00e8s 2007, un mouvement seniors avec des seniors actifs et une responsable participant au comit\u00e9 de [&hellip;]<\/p>\n","protected":false},"author":3,"featured_media":0,"parent":485,"menu_order":0,"comment_status":"closed","ping_status":"closed","template":"page-templates\/full-width-page.php","meta":{"footnotes":""},"class_list":["post-11978","page","type-page","status-publish","hentry"],"publishpress_future_action":{"enabled":false,"date":"2026-04-24 04:47:57","action":"change-status","newStatus":"draft","terms":[],"taxonomy":"","extraData":[]},"publishpress_future_workflow_manual_trigger":{"enabledWorkflows":[]},"_links":{"self":[{"href":"https:\/\/tcepalinges.ch\/wp2\/wp-json\/wp\/v2\/pages\/11978","targetHints":{"allow":["GET"]}}],"collection":[{"href":"https:\/\/tcepalinges.ch\/wp2\/wp-json\/wp\/v2\/pages"}],"about":[{"href":"https:\/\/tcepalinges.ch\/wp2\/wp-json\/wp\/v2\/types\/page"}],"author":[{"embeddable":true,"href":"https:\/\/tcepalinges.ch\/wp2\/wp-json\/wp\/v2\/users\/3"}],"replies":[{"embeddable":true,"href":"https:\/\/tcepalinges.ch\/wp2\/wp-json\/wp\/v2\/comments?post=11978"}],"version-history":[{"count":10,"href":"https:\/\/tcepalinges.ch\/wp2\/wp-json\/wp\/v2\/pages\/11978\/revisions"}],"predecessor-version":[{"id":13660,"href":"https:\/\/tcepalinges.ch\/wp2\/wp-json\/wp\/v2\/pages\/11978\/revisions\/13660"}],"up":[{"embeddable":true,"href":"https:\/\/tcepalinges.ch\/wp2\/wp-json\/wp\/v2\/pages\/485"}],"wp:attachment":[{"href":"https:\/\/tcepalinges.ch\/wp2\/wp-json\/wp\/v2\/media?parent=11978"}],"curies":[{"name":"wp","href":"https:\/\/api.w.org\/{rel}","templated":true}]}}