{"id":11,"date":"2012-11-11T11:58:37","date_gmt":"2012-11-11T11:58:37","guid":{"rendered":"https:\/\/tcepalinges.ch\/wp2\/?page_id=11"},"modified":"2023-09-14T00:02:31","modified_gmt":"2023-09-13T22:02:31","slug":"accueil","status":"publish","type":"page","link":"https:\/\/tcepalinges.ch\/wp2\/accueil\/","title":{"rendered":"Le club"},"content":{"rendered":"<div data-colibri-id=\"11-c1\" class=\"style-795 style-local-11-c1 position-relative\">\n  <!---->\n  <div data-colibri-component=\"section\" data-colibri-id=\"11-c2\" id=\"custom\" class=\"h-section h-section-global-spacing d-flex align-items-lg-center align-items-md-center align-items-center style-2316 style-local-11-c2 position-relative\">\n    <!---->\n    <!---->\n    <div class=\"h-section-grid-container h-section-boxed-container\">\n      <!---->\n      <div data-colibri-id=\"11-c3\" class=\"h-row-container gutters-row-lg-2 gutters-row-md-2 gutters-row-0 gutters-row-v-lg-2 gutters-row-v-md-2 gutters-row-v-2 style-2317 style-local-11-c3 position-relative\">\n        <!---->\n        <div class=\"h-row justify-content-lg-center justify-content-md-center justify-content-center align-items-lg-stretch align-items-md-stretch align-items-stretch gutters-col-lg-2 gutters-col-md-2 gutters-col-0 gutters-col-v-lg-2 gutters-col-v-md-2 gutters-col-v-2\">\n          <!---->\n          <div class=\"h-column h-column-container d-flex h-col-lg-auto h-col-md-auto h-col-auto style-2318-outer style-local-11-c4-outer\">\n            <div data-colibri-id=\"11-c4\" class=\"d-flex h-flex-basis h-column__inner h-px-lg-2 h-px-md-2 h-px-2 v-inner-lg-2 v-inner-md-2 v-inner-2 style-2318 style-local-11-c4 position-relative\">\n              <!---->\n              <!---->\n              <div class=\"w-100 h-y-container h-column__content h-column__v-align flex-basis-100 align-self-lg-start align-self-md-start align-self-start\">\n                <!---->\n                <div data-colibri-id=\"11-c5\" class=\"h-text h-text-component style-2319 style-local-11-c5 position-relative h-element\">\n                  <!---->\n                  <!---->\n                  <div class=\"\">\n                    <p>Le Club<\/p>\n                    <p>Le club se situe sur la commune d\u2019\u00e9palinges proche de Lausanne dans une zone calme pr\u00e8s d\u2019une for\u00eat et du flon. Il cultive une ambiance d\u00e9tendue et familliale avec plusieurs g\u00e9n\u00e9rations de palinzards qui s\u2019y retrouvent. Vous y trouverez\n                      :&nbsp;<\/p>\n                    <ul>\n                      <li>5 courts de tennis en terre battue synth\u00e9tique,&nbsp;1 mur d\u2019entrainement,&nbsp;1 canon \u00e0 balles..&nbsp;<\/li>\n                      <li>Un bar avec petite cuisine et pizzas lors de tournois et \u00e9v\u00e8nements, des vestiaires avec douches.<\/li>\n                      <li>Des cours en groupe ou individuels pour adultes et juniors (d\u00e8s 6 ans), des stages d\u2019\u00e9t\u00e9 pour adultes et juniors.<\/li>\n                      <li>5 \u00e9quipes interclubs, \u00e9quipes Bellaria et Lombardet.&nbsp;Tournois internes,&nbsp;5 tournois ouverts organis\u00e9s par le club.<\/li>\n                    <\/ul>\n                    <p>\n                      <br>\n                    <\/p>\n                  <\/div>\n                <\/div>\n              <\/div>\n            <\/div>\n          <\/div>\n        <\/div>\n      <\/div>\n    <\/div>\n  <\/div>\n<\/div>","protected":false},"excerpt":{"rendered":"<p>Le Club Le club se situe sur la commune d\u2019\u00e9palinges proche de Lausanne dans une zone calme pr\u00e8s d\u2019une for\u00eat et du flon. Il cultive une ambiance d\u00e9tendue et familliale [&hellip;]<\/p>\n","protected":false},"author":2,"featured_media":0,"parent":0,"menu_order":0,"comment_status":"closed","ping_status":"closed","template":"page-templates\/full-width-page.php","meta":{"footnotes":""},"class_list":["post-11","page","type-page","status-publish","hentry"],"publishpress_future_action":{"enabled":false,"date":"2026-04-25 02:22:27","action":"change-status","newStatus":"draft","terms":[],"taxonomy":"","extraData":[]},"publishpress_future_workflow_manual_trigger":{"enabledWorkflows":[]},"_links":{"self":[{"href":"https:\/\/tcepalinges.ch\/wp2\/wp-json\/wp\/v2\/pages\/11","targetHints":{"allow":["GET"]}}],"collection":[{"href":"https:\/\/tcepalinges.ch\/wp2\/wp-json\/wp\/v2\/pages"}],"about":[{"href":"https:\/\/tcepalinges.ch\/wp2\/wp-json\/wp\/v2\/types\/page"}],"author":[{"embeddable":true,"href":"https:\/\/tcepalinges.ch\/wp2\/wp-json\/wp\/v2\/users\/2"}],"replies":[{"embeddable":true,"href":"https:\/\/tcepalinges.ch\/wp2\/wp-json\/wp\/v2\/comments?post=11"}],"version-history":[{"count":20,"href":"https:\/\/tcepalinges.ch\/wp2\/wp-json\/wp\/v2\/pages\/11\/revisions"}],"predecessor-version":[{"id":12845,"href":"https:\/\/tcepalinges.ch\/wp2\/wp-json\/wp\/v2\/pages\/11\/revisions\/12845"}],"wp:attachment":[{"href":"https:\/\/tcepalinges.ch\/wp2\/wp-json\/wp\/v2\/media?parent=11"}],"curies":[{"name":"wp","href":"https:\/\/api.w.org\/{rel}","templated":true}]}}