{"id":10572,"date":"2022-09-04T18:56:58","date_gmt":"2022-09-04T16:56:58","guid":{"rendered":"https:\/\/tcepalinges.ch\/wp2\/?page_id=10572"},"modified":"2024-03-05T23:39:02","modified_gmt":"2024-03-05T22:39:02","slug":"ecole-de-tennis-hiver","status":"publish","type":"page","link":"https:\/\/tcepalinges.ch\/wp2\/enseignement\/ecole-de-tennis-hiver\/","title":{"rendered":"Ecole de tennis hiver"},"content":{"rendered":"<div data-colibri-id=\"10572-c1\" class=\"style-2093 style-local-10572-c1 position-relative\">\n  <!---->\n  <div data-colibri-component=\"section\" data-colibri-id=\"10572-c2\" id=\"features\" class=\"h-section h-section-global-spacing d-flex align-items-lg-center align-items-md-center align-items-center style-2094 style-local-10572-c2 position-relative\">\n    <!---->\n    <!---->\n    <div class=\"h-section-grid-container h-section-boxed-container\">\n      <div data-colibri-id=\"10572-c29\" class=\"h-row-container gutters-row-lg-2 gutters-row-md-2 gutters-row-0 gutters-row-v-lg-2 gutters-row-v-md-2 gutters-row-v-2 style-2107 style-local-10572-c29 position-relative\">\n        <!---->\n        <div class=\"h-row justify-content-lg-center justify-content-md-center justify-content-center align-items-lg-stretch align-items-md-stretch align-items-stretch gutters-col-lg-2 gutters-col-md-2 gutters-col-0 gutters-col-v-lg-2 gutters-col-v-md-2 gutters-col-v-2\">\n          <!---->\n          <div class=\"h-column h-column-container d-flex h-col-lg-auto h-col-md-auto h-col-auto style-2108-outer style-local-10572-c30-outer\">\n            <div data-colibri-id=\"10572-c30\" class=\"d-flex h-flex-basis h-column__inner h-px-lg-2 h-px-md-2 h-px-2 v-inner-lg-2 v-inner-md-2 v-inner-2 style-2108 style-local-10572-c30 position-relative\">\n              <!---->\n              <!---->\n              <div class=\"w-100 h-y-container h-column__content h-column__v-align flex-basis-100 align-self-lg-start align-self-md-start align-self-start\">\n                <!---->\n                <div data-colibri-id=\"10572-c31\" class=\"h-global-transition-all h-heading style-2109 style-local-10572-c31 position-relative h-element\">\n                  <!---->\n                  <div class=\"h-heading__outer style-2109 style-local-10572-c31\">\n                    <!---->\n                    <!---->\n                    <h1 class=\"\">Ecole de tennis hiver<\/h1>\n                  <\/div>\n                <\/div>\n                <div data-colibri-id=\"10572-c32\" class=\"h-lead h-text h-text-component style-2110 style-local-10572-c32 position-relative h-element\">\n                  <!---->\n                  <!---->\n                  <div class=\"\">\n                    <p>\n                      <u style=\"color: rgb(247, 17, 7);\">Les inscriptions \u00e0 l&rsquo;\u00e9cole de tennis d&rsquo;hiver sont ouvertes<\/u><span style=\"color: rgb(247, 17, 7);\"><br><\/span>\n                      <br><span style=\"color: rgb(10, 10, 10);\">Les juniors, d\u00e9sireux(ses) d\u2019avoir une continuit\u00e9 et de consolider leurs bases, ont la possibilit\u00e9 de s&rsquo;inscrire aux cours d&rsquo;hiver du TC Epalinges<\/span>.\n                      <br>\n                      <br>\n                    <\/p>\n                  <\/div>\n                <\/div>\n                <div data-colibri-id=\"10572-c33\" class=\"h-lead h-text h-text-component style-2111 style-local-10572-c33 position-relative h-element\">\n                  <!---->\n                  <!---->\n                  <div class=\"\">\n                    <p><span style=\"color: rgb(4, 4, 4);\">Au vu de la faible disponibilit\u00e9 du nombre de courts durant l\u2019hiver, les cours sont exclusivement r\u00e9serv\u00e9s aux juniors membres du TCE.<\/span><\/p>\n                  <\/div>\n                <\/div>\n              <\/div>\n            <\/div>\n          <\/div>\n        <\/div>\n      <\/div>\n      <div data-colibri-id=\"10572-c3\" class=\"h-row-container gutters-row-lg-2 gutters-row-md-2 gutters-row-2 gutters-row-v-lg-2 gutters-row-v-md-2 gutters-row-v-2 style-2095 style-local-10572-c3 position-relative\">\n        <!---->\n        <div class=\"h-row justify-content-lg-center justify-content-md-center justify-content-center align-items-lg-stretch align-items-md-stretch align-items-stretch gutters-col-lg-2 gutters-col-md-2 gutters-col-2 gutters-col-v-lg-2 gutters-col-v-md-2 gutters-col-v-2\">\n          <!---->\n          <div class=\"h-column h-column-container d-flex h-col-lg-12 h-col-md-12 h-col-12 style-2096-outer style-local-10572-c4-outer\">\n            <div data-colibri-id=\"10572-c4\" class=\"d-flex h-flex-basis h-column__inner h-px-lg-0 h-px-md-0 h-px-2 v-inner-lg-0 v-inner-md-0 v-inner-2 style-2096 style-local-10572-c4 position-relative\">\n              <!---->\n              <!---->\n              <div class=\"w-100 h-y-container h-column__content h-column__v-align flex-basis-100 align-self-lg-start align-self-md-start align-self-start\">\n                <!---->\n                <div data-colibri-id=\"10572-c5\" class=\"h-row-container gutters-row-lg-1 gutters-row-md-1 gutters-row-0 gutters-row-v-lg-1 gutters-row-v-md-1 gutters-row-v-2 style-2097 style-local-10572-c5 position-relative\">\n                  <!---->\n                  <div class=\"h-row justify-content-lg-center justify-content-md-center justify-content-center align-items-lg-stretch align-items-md-stretch align-items-stretch gutters-col-lg-1 gutters-col-md-1 gutters-col-0 gutters-col-v-lg-1 gutters-col-v-md-1 gutters-col-v-2\">\n                    <!---->\n                    <div class=\"h-column h-column-container d-flex h-col-lg-auto h-col-md-auto h-col-auto style-2098-outer style-local-10572-c6-outer\">\n                      <div data-colibri-id=\"10572-c6\" class=\"d-flex h-flex-basis h-column__inner h-px-lg-1 h-px-md-1 h-px-1 v-inner-lg-1 v-inner-md-1 v-inner-1 style-2098 style-local-10572-c6 position-relative\">\n                        <!---->\n                        <!---->\n                        <div class=\"w-100 h-y-container h-column__content h-column__v-align flex-basis-auto align-self-lg-start align-self-md-start align-self-start\">\n                          <!---->\n                          <div data-colibri-id=\"10572-c7\" class=\"h-icon style-2099 style-local-10572-c7 position-relative h-element\">\n                            <!----><span class=\"h-svg-icon h-icon__icon style-2099-icon style-local-10572-c7-icon\"><!--Icon by Icons8 Line Awesome (https:\/\/icons8.com\/line-awesome)--><svg version=\"1.1\" xmlns=\"http:\/\/www.w3.org\/2000\/svg\" xmlns:xlink=\"http:\/\/www.w3.org\/1999\/xlink\" id=\"connectdevelop\" viewBox=\"0 0 512 545.5\"><path d=\"M146.5 99h219l4.5 8 100 174.5 4.5 8-4.5 8L370 472l-4.5 8h-219l-4.5-8L42 297.5l-4.5-8 4.5-8L142 107zm39 32l25 26 73-26h-98zm146 0L223 169.5l35 36.5zm-167 1.5l-.5 1V174l30.5-11zm184.5 3l-79.5 82 57 59L391 208zm-201 26L135 184l13-4.5v-18zm58.5 14L164 191v62l23.5 25 59.5-60.5zm-58.5 21l-25.5 9-1 2L148 236v-39.5zM113 222l-38.5 67.5 38 66L148 319v-59.5zm285 2l-60.5 64 38.5 39.5zm-140 5l-59.5 61 57.5 61 59.5-63zm152.5 13.5l-20.5 99 11 11.5 36.5-63.5zm-246.5 34v26l12.5-13zm162.5 23L267 363l8.5 9H367l5.5-25.5zm-139 2L164 325v47h72l9-9zm-39.5 40L120.5 370l1.5 2h26v-30.5zm238 19l-2.5 11.5h6.5l2.5-4.5zM131 388l17 29.5V388h-17zm33 0v57.5l1 2 56-59.5h-57zm79 0l-56.5 60h138l-56-60H243zm47.5 0l56 60 7-12 10-48h-73zm89.5 0l-.5 2.5 1.5-2.5h-1z\"><\/path><\/svg><\/span><\/div>\n                        <\/div>\n                      <\/div>\n                    <\/div>\n                    <div class=\"h-column h-column-container d-flex h-col-lg h-col-md h-col-auto style-2100-outer style-local-10572-c8-outer\">\n                      <div data-colibri-id=\"10572-c8\" class=\"d-flex h-flex-basis h-column__inner h-px-lg-1 h-px-md-1 h-px-1 v-inner-lg-1 v-inner-md-1 v-inner-1 style-2100 style-local-10572-c8 position-relative\">\n                        <!---->\n                        <!---->\n                        <div class=\"w-100 h-y-container h-column__content h-column__v-align flex-basis-100 align-self-lg-start align-self-md-start align-self-start\">\n                          <!---->\n                          <div data-colibri-id=\"10572-c9\" class=\"h-global-transition-all h-heading style-2101 style-local-10572-c9 position-relative h-element\">\n                            <!---->\n                            <div class=\"h-heading__outer style-2101 style-local-10572-c9\">\n                              <!---->\n                              <!---->\n                              <h5 class=\"\">Organisation<\/h5>\n                            <\/div>\n                          <\/div>\n                          <div data-colibri-id=\"10572-c10\" class=\"h-text h-text-component style-2102 style-local-10572-c10 position-relative h-element\">\n                            <!---->\n                            <!---->\n                            <div class=\"\">\n                              <p><strong>Lieu :<\/strong>&nbsp;L\u2019\u00e9cole de tennis d\u2019hiver se d\u00e9roule durant 20 semaines, le lundi \u00e0 16h15, 17h15, 18h15 sur les courts du\n                                <a href=\"https:\/\/www.lstennis.ch\/bienvenue\" target=\"_blank\" style=\"color: rgb(0, 102, 204); font-family: &quot;Open Sans&quot;; font-size: 16px; font-weight: 400;\" class=\"customize-unpreviewable\" rel=\"noopener\">Lausanne Sport <\/a> \u00e0 la Pontaise<span style=\"font-weight: 400; font-size: 16px; font-family: &quot;Open Sans&quot;; color: rgb(37, 41, 42);\">&nbsp;et l<\/span>e vendredi \u00e0 16h30, 17h30, 18h30, 19h30 sur les courts du\n                                <a href=\"https:\/\/centrefairplay.ch\/le-centre\" target=\"_blank\" style=\"font-size: 16px; font-weight: 400; font-family: &quot;Open Sans&quot;; color: rgb(0, 102, 204);\" class=\"customize-unpreviewable\" rel=\"noopener\">TC Fairplay<\/a><span style=\"font-size: 16px; font-weight: 400; font-family: &quot;Open Sans&quot;; color: rgb(37, 41, 42);\">.<\/span> \u00e0 Puidoux.<\/p>\n                              <p><strong>Date :&nbsp;<\/strong>Du 31.10. 2022 au 07.04 2023. (N.B. Les cours ont lieu le Vendredi-Saint 7 avril.)<\/p>\n                              <p><strong style=\"color: rgb(37, 41, 42); font-family: &quot;Open Sans&quot;; font-size: 16px;\">Horaires :&nbsp;<\/strong>Se renseigner aupr\u00e8s&nbsp;<span style=\"font-weight: 400; font-size: 16px; font-family: &quot;Open Sans&quot;; color: rgb(37, 41, 42);\">de Simon Jacquat (t\u00e9l\u00e9phone : 079 382 72 59)<\/span>                                d\u00e8s le 10.10 2022.<\/p>\n                              <p><strong>Dur\u00e9e :&nbsp;<\/strong><span style=\"font-weight: 400; font-size: 16px; font-family: &quot;Open Sans&quot;; color: rgb(37, 41, 42);\">Une heure par semaine (soit 20 semaines) par groupe de 4 joueurs maximum.<\/span><\/p>\n                              <p>\n                                <br>\n                              <\/p>\n                            <\/div>\n                          <\/div>\n                        <\/div>\n                      <\/div>\n                    <\/div>\n                  <\/div>\n                <\/div>\n              <\/div>\n            <\/div>\n          <\/div>\n          <div class=\"h-column h-column-container d-flex h-col-lg-12 h-col-md-12 h-col-12 style-2096-outer style-local-10572-c11-outer\">\n            <div data-colibri-id=\"10572-c11\" class=\"d-flex h-flex-basis h-column__inner h-px-lg-0 h-px-md-0 h-px-2 v-inner-lg-0 v-inner-md-0 v-inner-2 style-2096 style-local-10572-c11 position-relative\">\n              <!---->\n              <!---->\n              <div class=\"w-100 h-y-container h-column__content h-column__v-align flex-basis-100 align-self-lg-start align-self-md-start align-self-start\">\n                <!---->\n                <div data-colibri-id=\"10572-c12\" class=\"h-row-container gutters-row-lg-1 gutters-row-md-1 gutters-row-0 gutters-row-v-lg-1 gutters-row-v-md-1 gutters-row-v-2 style-2097 style-local-10572-c12 position-relative\">\n                  <!---->\n                  <div class=\"h-row justify-content-lg-center justify-content-md-center justify-content-center align-items-lg-stretch align-items-md-stretch align-items-stretch gutters-col-lg-1 gutters-col-md-1 gutters-col-0 gutters-col-v-lg-1 gutters-col-v-md-1 gutters-col-v-2\">\n                    <!---->\n                    <div class=\"h-column h-column-container d-flex h-col-lg-auto h-col-md-auto h-col-auto style-2098-outer style-local-10572-c13-outer\">\n                      <div data-colibri-id=\"10572-c13\" class=\"d-flex h-flex-basis h-column__inner h-px-lg-1 h-px-md-1 h-px-1 v-inner-lg-1 v-inner-md-1 v-inner-1 style-2098 style-local-10572-c13 position-relative\">\n                        <!---->\n                        <!---->\n                        <div class=\"w-100 h-y-container h-column__content h-column__v-align flex-basis-auto align-self-lg-start align-self-md-start align-self-start\">\n                          <!---->\n                          <div data-colibri-id=\"10572-c14\" class=\"h-icon style-2099 style-local-10572-c14 position-relative h-element\">\n                            <!---->\n                            <a href=\"https:\/\/tcepalinges.ch\/wp2\/enseignement\/ecole-de-tennis\/inscription-ecole-de-tennis\/\" h-use-smooth-scroll=\"true\"><span class=\"h-svg-icon h-icon__icon style-2099-icon style-local-10572-c14-icon\"><!--Icon by Icons8 Line Awesome (https:\/\/icons8.com\/line-awesome)--><svg version=\"1.1\" xmlns=\"http:\/\/www.w3.org\/2000\/svg\" xmlns:xlink=\"http:\/\/www.w3.org\/1999\/xlink\" id=\"codepen\" viewBox=\"0 0 512 545.5\"><path d=\"M256 77.5l9 6L457 212l7 4.5v143l-7 4.5-192 128.5-9 6-9-6L55 364l-7-4.5v-143l7-4.5L247 83.5zm-16 49l-147 99 64.5 43.5 82.5-55.5v-87zm32 0v87l82.5 55.5 64.5-43.5zm-16 115L186.5 288l69.5 46.5 69.5-46.5zM80 255v66l49-33zm352 0l-49 33 49 33v-66zm-274 52l-65 43.5 147 99v-87zm196 0l-82 55.5v87l147-99z\"><\/path><\/svg><\/span><\/a>\n                          <\/div>\n                        <\/div>\n                      <\/div>\n                    <\/div>\n                    <div class=\"h-column h-column-container d-flex h-col-lg h-col-md h-col-auto style-2100-outer style-local-10572-c15-outer\">\n                      <div data-colibri-id=\"10572-c15\" class=\"d-flex h-flex-basis h-column__inner h-px-lg-1 h-px-md-1 h-px-1 v-inner-lg-1 v-inner-md-1 v-inner-1 style-2100 style-local-10572-c15 position-relative\">\n                        <!---->\n                        <!---->\n                        <div class=\"w-100 h-y-container h-column__content h-column__v-align flex-basis-100 align-self-lg-start align-self-md-start align-self-start\">\n                          <!---->\n                          <div data-colibri-id=\"10572-c16\" class=\"h-global-transition-all h-heading style-2101 style-local-10572-c16 position-relative h-element\">\n                            <!---->\n                            <div class=\"h-heading__outer style-2101 style-local-10572-c16\">\n                              <!---->\n                              <!---->\n                              <h5 class=\"\">PRix<\/h5>\n                            <\/div>\n                          <\/div>\n                          <div data-colibri-id=\"10572-c17\" class=\"h-text h-text-component style-2102 style-local-10572-c17 position-relative h-element\">\n                            <!---->\n                            <!---->\n                            <div class=\"\">\n                              <p>570.- CHF r\u00e9serv\u00e9 uniquement aux membres actifs du TCE.<\/p>\n                              <p><strong style=\"color: rgb(6, 6, 6); font-weight: 700;\">Inscription&nbsp;:&nbsp;<\/strong><span style=\"color: rgb(6, 6, 6); font-weight: 400;\">en ligne ci dessous jusqu\u2019au<\/span> <strong>30 septembre 2022 dernier d\u00e9lai<\/strong>.&nbsp;\n                                <strong\n                                  style=\"font-weight: 400; font-size: 16px; font-family: &quot;Open Sans&quot;; color: rgb(37, 41, 42);\">L&rsquo;inscription est d\u00e9finitive : l&rsquo;annulation d&rsquo;une inscription est factur\u00e9e 100.- CHF&nbsp;<\/strong>\n                              <\/p>\n                              <p><strong>Crit\u00e8res de s\u00e9lection :<\/strong>&nbsp;Ouvert \u00e0 chaque enfant d\u00e8s 6 ans. S&rsquo;il y a trop d&rsquo;inscriptions, une s\u00e9lection sera faite en fonction des participations aux comp\u00e9titions (interclubs juniors et aux tournois officiels)\n                                durant la saison 2022.<\/p>\n                              <p><strong>Paiement :&nbsp;<\/strong>Le paiement se fera&nbsp;sur facture envoy\u00e9e par email.<\/p>\n                              <p><strong style=\"font-size: 16px; font-family: &quot;Open Sans&quot;; color: rgb(37, 41, 42);\">Conditions particuli\u00e8res :<\/strong><strong style=\"font-size: 16px; font-family: &quot;Open Sans&quot;; color: rgb(70, 112, 127);\">&nbsp;<\/strong>\n                                <strong\n                                  style=\"font-size: 16px; font-family: &quot;Open Sans&quot;; color: rgb(6, 6, 6); font-weight: 400;\">N\/A<\/strong>\n                              <\/p>\n                            <\/div>\n                          <\/div>\n                        <\/div>\n                      <\/div>\n                    <\/div>\n                  <\/div>\n                <\/div>\n              <\/div>\n            <\/div>\n          <\/div>\n          <div class=\"h-column h-column-container d-flex h-col-lg-12 h-col-md-12 h-col-12 style-2096-outer style-local-10572-c18-outer\">\n            <div data-colibri-id=\"10572-c18\" class=\"d-flex h-flex-basis h-column__inner h-px-lg-0 h-px-md-0 h-px-2 v-inner-lg-0 v-inner-md-0 v-inner-2 style-2096 style-local-10572-c18 position-relative\">\n              <!---->\n              <!---->\n              <div class=\"w-100 h-y-container h-column__content h-column__v-align flex-basis-100 align-self-lg-start align-self-md-start align-self-start\">\n                <!---->\n                <div data-colibri-id=\"10572-c19\" class=\"h-row-container gutters-row-lg-1 gutters-row-md-1 gutters-row-0 gutters-row-v-lg-1 gutters-row-v-md-1 gutters-row-v-2 style-2097 style-local-10572-c19 position-relative\">\n                  <!---->\n                  <div class=\"h-row justify-content-lg-center justify-content-md-center justify-content-center align-items-lg-stretch align-items-md-stretch align-items-stretch gutters-col-lg-1 gutters-col-md-1 gutters-col-0 gutters-col-v-lg-1 gutters-col-v-md-1 gutters-col-v-2\">\n                    <!---->\n                    <div class=\"h-column h-column-container d-flex h-col-lg-auto h-col-md-auto h-col-auto style-2098-outer style-local-10572-c20-outer\">\n                      <div data-colibri-id=\"10572-c20\" class=\"d-flex h-flex-basis h-column__inner h-px-lg-1 h-px-md-1 h-px-1 v-inner-lg-1 v-inner-md-1 v-inner-1 style-2098 style-local-10572-c20 position-relative\">\n                        <!---->\n                        <!---->\n                        <div class=\"w-100 h-y-container h-column__content h-column__v-align flex-basis-auto align-self-lg-start align-self-md-start align-self-start\">\n                          <!---->\n                          <div data-colibri-id=\"10572-c21\" class=\"h-icon style-2099 style-local-10572-c21 position-relative h-element\">\n                            <!----><span class=\"h-svg-icon h-icon__icon style-2099-icon style-local-10572-c21-icon\"><!--Icon by Icons8 Line Awesome (https:\/\/icons8.com\/line-awesome)--><svg version=\"1.1\" xmlns=\"http:\/\/www.w3.org\/2000\/svg\" xmlns:xlink=\"http:\/\/www.w3.org\/1999\/xlink\" id=\"cube\" viewBox=\"0 0 512 545.5\"><path d=\"M256 102.5l6.5 3 160 72 9.5 4v203l-8 4.5-160 89-8 4.5-8-4.5-160-89-8-4.5v-203l9.5-4 160-72zm0 35l-123 55L256 254l123-61.5zM112 218v147.5l128 71V282zm288 0l-128 64v154.5l128-71V218z\"><\/path><\/svg><\/span><\/div>\n                        <\/div>\n                      <\/div>\n                    <\/div>\n                    <div class=\"h-column h-column-container d-flex h-col-lg h-col-md h-col-auto style-2100-outer style-local-10572-c22-outer\">\n                      <div data-colibri-id=\"10572-c22\" class=\"d-flex h-flex-basis h-column__inner h-px-lg-1 h-px-md-1 h-px-1 v-inner-lg-1 v-inner-md-1 v-inner-1 style-2100 style-local-10572-c22 position-relative\">\n                        <!---->\n                        <!---->\n                        <div class=\"w-100 h-y-container h-column__content h-column__v-align flex-basis-100 align-self-lg-start align-self-md-start align-self-start\">\n                          <!---->\n                          <div data-colibri-id=\"10572-c23\" class=\"h-global-transition-all h-heading style-2101 style-local-10572-c23 position-relative h-element\">\n                            <!---->\n                            <div class=\"h-heading__outer style-2101 style-local-10572-c23\">\n                              <!---->\n                              <!---->\n                              <h5 class=\"\">Conditions&nbsp;<\/h5>\n                            <\/div>\n                          <\/div>\n                          <div data-colibri-id=\"10572-c24\" class=\"h-text h-text-component style-2102 style-local-10572-c24 position-relative h-element\">\n                            <!---->\n                            <!---->\n                            <div class=\"\">\n                              <p>\n                                <br>\n                              <\/p>\n                              <p><strong style=\"color: rgb(37, 41, 42); font-family: &quot;Open Sans&quot;; font-size: 16px;\">Absences :&nbsp;<\/strong><span style=\"color: rgb(37, 41, 42); font-family: &quot;Open Sans&quot;; font-size: 16px; font-weight: 400;\">&nbsp;Lorsqu&rsquo;un participant ne se pr\u00e9sente pas \u00e0 un cours annonc\u00e9 pour une raison personnelle, il ne peut pas exiger le remboursement, ni se pr\u00e9senter \u00e0 une autre cours pour compenser.<\/span><\/p>\n                              <p><span style=\"font-weight: 400; color: rgb(37, 41, 42); font-family: &quot;Open Sans&quot;; font-size: 16px;\">Si un participant se voit dans l&rsquo;obligation d&rsquo;interrompre les entrainements ou les cours pour cause de force majeure (accident\/blessure) sur une p\u00e9riode de plus de 8 semaines, il pourra alors faire une demande de remboursement (avec pr\u00e9sentation d&rsquo;un certificat m\u00e9dical).<\/span><\/p>\n                              <p>\n                                <br>\n                              <\/p>\n                            <\/div>\n                          <\/div>\n                        <\/div>\n                      <\/div>\n                    <\/div>\n                  <\/div>\n                <\/div>\n              <\/div>\n            <\/div>\n          <\/div>\n        <\/div>\n      <\/div>\n      <div data-colibri-id=\"10572-c25\" class=\"h-row-container gutters-row-lg-2 gutters-row-md-2 gutters-row-0 gutters-row-v-lg-2 gutters-row-v-md-2 gutters-row-v-2 style-2103 style-local-10572-c25 position-relative\">\n        <!---->\n        <div class=\"h-row justify-content-lg-center justify-content-md-center justify-content-center align-items-lg-stretch align-items-md-stretch align-items-stretch gutters-col-lg-2 gutters-col-md-2 gutters-col-0 gutters-col-v-lg-2 gutters-col-v-md-2 gutters-col-v-2\">\n          <!---->\n          <div class=\"h-column h-column-container d-flex h-col-lg-12 h-col-md-12 h-col-12 style-2104-outer style-local-10572-c26-outer\">\n            <div data-colibri-id=\"10572-c26\" class=\"d-flex h-flex-basis h-column__inner h-px-lg-2 h-px-md-2 h-px-2 v-inner-lg-2 v-inner-md-2 v-inner-2 style-2104 style-local-10572-c26 position-relative\">\n              <!---->\n              <!---->\n              <div class=\"w-100 h-y-container h-column__content h-column__v-align flex-basis-100 align-self-lg-start align-self-md-start align-self-start\">\n                <!---->\n                <div data-colibri-id=\"10572-c27\" class=\"h-x-container style-2105 style-local-10572-c27 position-relative h-element\">\n                  <!---->\n                  <div class=\"h-x-container-inner style-dynamic-10572-c27-group style-2105-spacing style-local-10572-c27-spacing\"><span class=\"h-button__outer style-2106-outer style-local-10572-c28-outer d-inline-flex h-element\"><a h-use-smooth-scroll=\"true\" href=\"https:\/\/tcepalinges.ch\/wp2\/enseignement\/ecole-de-tennis\/inscription-ecole-de-tennis-hiver\/\"  data-colibri-id=\"10572-c28\" class=\"d-flex w-100 align-items-center h-button justify-content-lg-center justify-content-md-center justify-content-center style-2106 style-local-10572-c28 position-relative\"><!----><!----> <span>Inscription hiver 2022<\/span><\/a>\n                    <\/span>\n                  <\/div>\n                <\/div>\n              <\/div>\n            <\/div>\n          <\/div>\n        <\/div>\n      <\/div>\n    <\/div>\n  <\/div>\n<\/div>","protected":false},"excerpt":{"rendered":"<p>Ecole de tennis hiver Les inscriptions \u00e0 l&rsquo;\u00e9cole de tennis d&rsquo;hiver sont ouvertes Les juniors, d\u00e9sireux(ses) d\u2019avoir une continuit\u00e9 et de consolider leurs bases, ont la possibilit\u00e9 de s&rsquo;inscrire aux [&hellip;]<\/p>\n","protected":false},"author":3,"featured_media":0,"parent":416,"menu_order":0,"comment_status":"closed","ping_status":"closed","template":"page-templates\/full-width-page.php","meta":{"footnotes":""},"class_list":["post-10572","page","type-page","status-publish","hentry"],"publishpress_future_action":{"enabled":false,"date":"2026-04-11 01:16:04","action":"change-status","newStatus":"draft","terms":[],"taxonomy":"","extraData":[]},"publishpress_future_workflow_manual_trigger":{"enabledWorkflows":[]},"_links":{"self":[{"href":"https:\/\/tcepalinges.ch\/wp2\/wp-json\/wp\/v2\/pages\/10572","targetHints":{"allow":["GET"]}}],"collection":[{"href":"https:\/\/tcepalinges.ch\/wp2\/wp-json\/wp\/v2\/pages"}],"about":[{"href":"https:\/\/tcepalinges.ch\/wp2\/wp-json\/wp\/v2\/types\/page"}],"author":[{"embeddable":true,"href":"https:\/\/tcepalinges.ch\/wp2\/wp-json\/wp\/v2\/users\/3"}],"replies":[{"embeddable":true,"href":"https:\/\/tcepalinges.ch\/wp2\/wp-json\/wp\/v2\/comments?post=10572"}],"version-history":[{"count":20,"href":"https:\/\/tcepalinges.ch\/wp2\/wp-json\/wp\/v2\/pages\/10572\/revisions"}],"predecessor-version":[{"id":13188,"href":"https:\/\/tcepalinges.ch\/wp2\/wp-json\/wp\/v2\/pages\/10572\/revisions\/13188"}],"up":[{"embeddable":true,"href":"https:\/\/tcepalinges.ch\/wp2\/wp-json\/wp\/v2\/pages\/416"}],"wp:attachment":[{"href":"https:\/\/tcepalinges.ch\/wp2\/wp-json\/wp\/v2\/media?parent=10572"}],"curies":[{"name":"wp","href":"https:\/\/api.w.org\/{rel}","templated":true}]}}